{"id":6922,"date":"2023-08-03T10:02:11","date_gmt":"2023-08-03T08:02:11","guid":{"rendered":"https:\/\/2-be-one.com\/?page_id=6922"},"modified":"2024-12-23T14:46:38","modified_gmt":"2024-12-23T13:46:38","slug":"avantage","status":"publish","type":"page","link":"https:\/\/2-be-one.com\/ja\/avantage\/","title":{"rendered":"\u30a2\u30c9\u30d0\u30f3\u30c6\u30fc\u30b8"},"content":{"rendered":"<section class=\"wpb-content-wrapper\"><p>[vc_row el_id=&#8221;\u30ec\u30d7\u30e9\u30b9\u30a8\u30f3\u30bf\u30fc\u30d7\u30e9\u30a4\u30ba&#8221;][vc_column css=&#8221;.vc_custom_1702898776663{margin-bottom: 30px !important;}&#8221;][vc_column_text]<\/p>\n<h2 style=\"font-size: 42px; text-align: center;\">\u30d7\u30e9\u30b9\u30fb\u30ab\u30f3\u30d1\u30cb\u30fc<\/h2>\n<p>[\/vc_column_text][\/vc_column][\/vc_row][vc_row gap=&#8221;35&#8243;][vc_column width=&#8221;1\/2&#8243;][vc_column_text css=&#8221;.vc_custom_1709910300527{margin-bottom: 20px !important;}&#8221;]\u3053\u3053\u307e\u3067\u304a\u8aad\u307f\u306b\u306a\u3063\u305f\u4f01\u696d\u306e\u8cfc\u8cb7\u62c5\u5f53\u8005\u306e\u65b9\u3001\u305c\u3072<strong>\u304a\u898b\u7a4d\u3082\u308a\u3092\u3054\u4f9d\u983c<\/strong>\u304f\u3060\u3055\u3044\u3002\u30d1\u30fc\u30ab\u30fc\u3084\u30d5\u30e5\u30fc\u30c1\u30e3\u30fc\u30c0\u30a6\u30f3\u30b8\u30e3\u30b1\u30c3\u30c8\u306e\u30d5\u30fc\u30c9\u306b\u3001<strong>\u5fa1\u793e\u306e\u30ed\u30b4\u3068<\/strong>2 Be One\u3092\u878d\u5408\u3055\u305b\u308b\u3053\u3068\u304c\u3067\u304d\u307e\u3059\u3002\u30bb\u30df\u30ca\u30fc\u306e\u969b\u306b\u3001\u30b9\u30bf\u30c3\u30d5\u304c\u30b8\u30c3\u30d1\u30fc\u3092\u958b\u3051\u3066\u7740\u7528\u3059\u308b\u3053\u3068\u304c\u3067\u304d\u307e\u3059\u3002\u30d1\u30fc\u30ab\u30fc\u306e\u30d9\u30fc\u30b9\u306f2 Be One\u306e\u307e\u307e\u306a\u306e\u3067\u3001\u697d\u3057\u304f\u3066\u4fbf\u5229\u306a\u8863\u985e\u3092\u63d0\u4f9b\u3059\u308b\u3053\u3068\u304c\u3067\u304d\u3001\u305d\u306e\u5f8c\u3001\u5f7c\u3089\u306f\u597d\u304d\u306a\u3088\u3046\u306b\u30d1\u30fc\u30bd\u30ca\u30e9\u30a4\u30ba\u3059\u308b\u3053\u3068\u304c\u3067\u304d\u307e\u3059\u3002 <\/p>\n<p> <strong>\u7d20\u6674\u3089\u3057\u3044\u8d08\u308a\u7269\u3060\uff01<\/strong>[\/vc_column_text][\/vc_column][vc_column width=&#8221;1\/2&#8243; css=&#8221;.vc_custom_1690988367288{background-position: center !important;background-repeat: no-repeat !important;background-size: cover !important;}&#8221;][vc_btn title=&#8221;\u898b\u7a4d\u4f9d\u983c&#8221; style=&#8221;custom&#8221; custom_background=&#8221;#00ff00&#8243; custom_text=&#8221;#000000&#8243; shape=&#8221;round&#8221; align=&#8221;left&#8221; link=&#8221;url:https%3A%2F%2F2-be-one.com%2Fja%2Fcontact%2F|title:%E9%80%A3%E7%B5%A1%E5%85%88|&#8221; css=&#8221;.vc_custom_1702409240239{margin-top: 40px !important;margin-bottom: 20px !important;}&#8221;][\/vc_column][\/vc_row]<\/p>\n<\/section>","protected":false},"excerpt":{"rendered":"<p>[vc_row el_id=&#038;&hellip;<\/p>\n","protected":false},"author":1,"featured_media":0,"parent":0,"menu_order":0,"comment_status":"closed","ping_status":"closed","template":"","meta":{"_acf_changed":false,"footnotes":""},"class_list":["post-6922","page","type-page","status-publish","hentry"],"acf":[],"yoast_head":"<!-- This site is optimized with the Yoast SEO plugin v23.8 - https:\/\/yoast.com\/wordpress\/plugins\/seo\/ -->\n<title>\u30a2\u30c9\u30d0\u30f3\u30c6\u30fc\u30b8 | 2 be one<\/title>\n<meta name=\"description\" content=\"\u30a2\u30fc\u30ea\u30fc\u30a2\u30c0\u30d7\u30bf\u30fc\u30fb\u30d7\u30ed\u30b0\u30e9\u30e0\u306b\u53c2\u52a0\u3059\u308b\u3068\u30012024\u5e74\u306e\u5b9a\u54e1500\u540d\u307e\u3067\u3001\u3055\u307e\u3056\u307e\u306a\u7279\u5178\u3092\u53d7\u3051\u308b\u3053\u3068\u304c\u3067\u304d\u308b\uff01\" \/>\n<meta name=\"robots\" content=\"index, follow, max-snippet:-1, max-image-preview:large, max-video-preview:-1\" \/>\n<link rel=\"canonical\" href=\"https:\/\/2-be-one.com\/ja\/avantage\/\" \/>\n<meta property=\"og:locale\" content=\"ja_JP\" \/>\n<meta property=\"og:type\" content=\"article\" \/>\n<meta property=\"og:title\" content=\"\u30a2\u30c9\u30d0\u30f3\u30c6\u30fc\u30b8 | 2 be one\" \/>\n<meta property=\"og:description\" content=\"\u30a2\u30fc\u30ea\u30fc\u30a2\u30c0\u30d7\u30bf\u30fc\u30fb\u30d7\u30ed\u30b0\u30e9\u30e0\u306b\u53c2\u52a0\u3059\u308b\u3068\u30012024\u5e74\u306e\u5b9a\u54e1500\u540d\u307e\u3067\u3001\u3055\u307e\u3056\u307e\u306a\u7279\u5178\u3092\u53d7\u3051\u308b\u3053\u3068\u304c\u3067\u304d\u308b\uff01\" \/>\n<meta property=\"og:url\" content=\"https:\/\/2-be-one.com\/ja\/avantage\/\" \/>\n<meta property=\"og:site_name\" content=\"2 be one\" \/>\n<meta property=\"article:modified_time\" content=\"2024-12-23T13:46:38+00:00\" \/>\n<meta name=\"twitter:card\" content=\"summary_large_image\" \/>\n<meta name=\"twitter:label1\" content=\"\u63a8\u5b9a\u8aad\u307f\u53d6\u308a\u6642\u9593\" \/>\n\t<meta name=\"twitter:data1\" content=\"1\u5206\" \/>\n<script type=\"application\/ld+json\" class=\"yoast-schema-graph\">{\"@context\":\"https:\/\/schema.org\",\"@graph\":[{\"@type\":\"WebPage\",\"@id\":\"https:\/\/2-be-one.com\/ja\/avantage\/\",\"url\":\"https:\/\/2-be-one.com\/ja\/avantage\/\",\"name\":\"\u30a2\u30c9\u30d0\u30f3\u30c6\u30fc\u30b8 | 2 be one\",\"isPartOf\":{\"@id\":\"https:\/\/2-be-one.com\/ja\/#website\"},\"datePublished\":\"2023-08-03T08:02:11+00:00\",\"dateModified\":\"2024-12-23T13:46:38+00:00\",\"description\":\"\u30a2\u30fc\u30ea\u30fc\u30a2\u30c0\u30d7\u30bf\u30fc\u30fb\u30d7\u30ed\u30b0\u30e9\u30e0\u306b\u53c2\u52a0\u3059\u308b\u3068\u30012024\u5e74\u306e\u5b9a\u54e1500\u540d\u307e\u3067\u3001\u3055\u307e\u3056\u307e\u306a\u7279\u5178\u3092\u53d7\u3051\u308b\u3053\u3068\u304c\u3067\u304d\u308b\uff01\",\"breadcrumb\":{\"@id\":\"https:\/\/2-be-one.com\/ja\/avantage\/#breadcrumb\"},\"inLanguage\":\"ja\",\"potentialAction\":[{\"@type\":\"ReadAction\",\"target\":[\"https:\/\/2-be-one.com\/ja\/avantage\/\"]}]},{\"@type\":\"BreadcrumbList\",\"@id\":\"https:\/\/2-be-one.com\/ja\/avantage\/#breadcrumb\",\"itemListElement\":[{\"@type\":\"ListItem\",\"position\":1,\"name\":\"Accueil\",\"item\":\"https:\/\/2-be-one.com\/ja\/\"},{\"@type\":\"ListItem\",\"position\":2,\"name\":\"\u30a2\u30c9\u30d0\u30f3\u30c6\u30fc\u30b8\"}]},{\"@type\":\"WebSite\",\"@id\":\"https:\/\/2-be-one.com\/ja\/#website\",\"url\":\"https:\/\/2-be-one.com\/ja\/\",\"name\":\"2 be one\",\"description\":\"1 NOUVELLE G\u00c9N\u00c9RATION DE HOODIES EST N\u00c9E\",\"potentialAction\":[{\"@type\":\"SearchAction\",\"target\":{\"@type\":\"EntryPoint\",\"urlTemplate\":\"https:\/\/2-be-one.com\/ja\/?s={search_term_string}\"},\"query-input\":{\"@type\":\"PropertyValueSpecification\",\"valueRequired\":true,\"valueName\":\"search_term_string\"}}],\"inLanguage\":\"ja\"}]}<\/script>\n<!-- \/ Yoast SEO plugin. -->","yoast_head_json":{"title":"\u30a2\u30c9\u30d0\u30f3\u30c6\u30fc\u30b8 | 2 be one","description":"\u30a2\u30fc\u30ea\u30fc\u30a2\u30c0\u30d7\u30bf\u30fc\u30fb\u30d7\u30ed\u30b0\u30e9\u30e0\u306b\u53c2\u52a0\u3059\u308b\u3068\u30012024\u5e74\u306e\u5b9a\u54e1500\u540d\u307e\u3067\u3001\u3055\u307e\u3056\u307e\u306a\u7279\u5178\u3092\u53d7\u3051\u308b\u3053\u3068\u304c\u3067\u304d\u308b\uff01","robots":{"index":"index","follow":"follow","max-snippet":"max-snippet:-1","max-image-preview":"max-image-preview:large","max-video-preview":"max-video-preview:-1"},"canonical":"https:\/\/2-be-one.com\/ja\/avantage\/","og_locale":"ja_JP","og_type":"article","og_title":"\u30a2\u30c9\u30d0\u30f3\u30c6\u30fc\u30b8 | 2 be one","og_description":"\u30a2\u30fc\u30ea\u30fc\u30a2\u30c0\u30d7\u30bf\u30fc\u30fb\u30d7\u30ed\u30b0\u30e9\u30e0\u306b\u53c2\u52a0\u3059\u308b\u3068\u30012024\u5e74\u306e\u5b9a\u54e1500\u540d\u307e\u3067\u3001\u3055\u307e\u3056\u307e\u306a\u7279\u5178\u3092\u53d7\u3051\u308b\u3053\u3068\u304c\u3067\u304d\u308b\uff01","og_url":"https:\/\/2-be-one.com\/ja\/avantage\/","og_site_name":"2 be one","article_modified_time":"2024-12-23T13:46:38+00:00","twitter_card":"summary_large_image","twitter_misc":{"\u63a8\u5b9a\u8aad\u307f\u53d6\u308a\u6642\u9593":"1\u5206"},"schema":{"@context":"https:\/\/schema.org","@graph":[{"@type":"WebPage","@id":"https:\/\/2-be-one.com\/ja\/avantage\/","url":"https:\/\/2-be-one.com\/ja\/avantage\/","name":"\u30a2\u30c9\u30d0\u30f3\u30c6\u30fc\u30b8 | 2 be one","isPartOf":{"@id":"https:\/\/2-be-one.com\/ja\/#website"},"datePublished":"2023-08-03T08:02:11+00:00","dateModified":"2024-12-23T13:46:38+00:00","description":"\u30a2\u30fc\u30ea\u30fc\u30a2\u30c0\u30d7\u30bf\u30fc\u30fb\u30d7\u30ed\u30b0\u30e9\u30e0\u306b\u53c2\u52a0\u3059\u308b\u3068\u30012024\u5e74\u306e\u5b9a\u54e1500\u540d\u307e\u3067\u3001\u3055\u307e\u3056\u307e\u306a\u7279\u5178\u3092\u53d7\u3051\u308b\u3053\u3068\u304c\u3067\u304d\u308b\uff01","breadcrumb":{"@id":"https:\/\/2-be-one.com\/ja\/avantage\/#breadcrumb"},"inLanguage":"ja","potentialAction":[{"@type":"ReadAction","target":["https:\/\/2-be-one.com\/ja\/avantage\/"]}]},{"@type":"BreadcrumbList","@id":"https:\/\/2-be-one.com\/ja\/avantage\/#breadcrumb","itemListElement":[{"@type":"ListItem","position":1,"name":"Accueil","item":"https:\/\/2-be-one.com\/ja\/"},{"@type":"ListItem","position":2,"name":"\u30a2\u30c9\u30d0\u30f3\u30c6\u30fc\u30b8"}]},{"@type":"WebSite","@id":"https:\/\/2-be-one.com\/ja\/#website","url":"https:\/\/2-be-one.com\/ja\/","name":"2 be one","description":"1 NOUVELLE G\u00c9N\u00c9RATION DE HOODIES EST N\u00c9E","potentialAction":[{"@type":"SearchAction","target":{"@type":"EntryPoint","urlTemplate":"https:\/\/2-be-one.com\/ja\/?s={search_term_string}"},"query-input":{"@type":"PropertyValueSpecification","valueRequired":true,"valueName":"search_term_string"}}],"inLanguage":"ja"}]}},"jetpack_sharing_enabled":true,"_links":{"self":[{"href":"https:\/\/2-be-one.com\/ja\/wp-json\/wp\/v2\/pages\/6922","targetHints":{"allow":["GET"]}}],"collection":[{"href":"https:\/\/2-be-one.com\/ja\/wp-json\/wp\/v2\/pages"}],"about":[{"href":"https:\/\/2-be-one.com\/ja\/wp-json\/wp\/v2\/types\/page"}],"author":[{"embeddable":true,"href":"https:\/\/2-be-one.com\/ja\/wp-json\/wp\/v2\/users\/1"}],"replies":[{"embeddable":true,"href":"https:\/\/2-be-one.com\/ja\/wp-json\/wp\/v2\/comments?post=6922"}],"version-history":[{"count":7,"href":"https:\/\/2-be-one.com\/ja\/wp-json\/wp\/v2\/pages\/6922\/revisions"}],"predecessor-version":[{"id":7152,"href":"https:\/\/2-be-one.com\/ja\/wp-json\/wp\/v2\/pages\/6922\/revisions\/7152"}],"wp:attachment":[{"href":"https:\/\/2-be-one.com\/ja\/wp-json\/wp\/v2\/media?parent=6922"}],"curies":[{"name":"wp","href":"https:\/\/api.w.org\/{rel}","templated":true}]}}