{"id":6916,"date":"2024-04-26T16:22:34","date_gmt":"2024-04-26T14:22:34","guid":{"rendered":"https:\/\/2-be-one.com\/?page_id=6916"},"modified":"2024-12-02T15:25:37","modified_gmt":"2024-12-02T14:25:37","slug":"contact-detaillant","status":"publish","type":"page","link":"https:\/\/2-be-one.com\/ja\/contact-detaillant\/","title":{"rendered":"\u8ca9\u58f2\u5e97\u9023\u7d61\u5148"},"content":{"rendered":"<section class=\"wpb-content-wrapper\"><p>[vc_row][vc_column][vc_column_text css=&#8221;.vc_custom_1714141348472{margin-top: 70px !important;margin-bottom: 70px !important;}&#8221;]<\/p>\n<p class=\"s5\"><span class=\"s4\">\u306e\u5c0f\u58f2\u696d\u8005\u5c02\u7528\u30b9\u30da\u30fc\u30b9\u3078\u3088\u3046\u3053\u305d <\/span><span class=\"s4\">\u5c02\u7528\u30b9\u30da\u30fc\u30b9\u3078\u3088\u3046\u3053\u305d\u3002<\/span><span class=\"s4\">\u30d7\u30ec\u30df\u30a2\u30e0\u90e8\u9580\u306b\u7279\u5316\u3057\u305f\u30b9\u30da\u30fc\u30b9\u3078\u3088\u3046\u3053\u305d\u3002 <\/span> <\/p>\n<p class=\"s5\"><span class=\"s4\">\u3067 <\/span><span class=\"s4\">2 BE ONE\u3001<\/span><span class=\"s4\">\u79c1\u305f\u3061\u306f <\/span><span class=\"s4\">\u30a8\u30af\u30b9\u30da\u30ea\u30a8\u30f3\u30b9<\/span><span class=\"s4\">\u3092\u63d0\u4f9b\u3059\u308b\u3053\u3068\u3092\u304a\u7d04\u675f\u3057\u307e\u3059\u3002 <\/span> <\/p>\n<p class=\"s5\"><span class=\"s4\">\u3082\u3057\u3042\u306a\u305f\u304c\u9ad8\u7d1a\u5c0f\u58f2\u696d\u8005\u306a\u3089<\/span><span class=\"s4\">\u975e\u51e1\u3067\u9ad8\u54c1\u8cea\u306a\u5546\u54c1\u3092\u304a\u63a2\u3057\u306a\u3089<\/span><span class=\"s4\">\u30b3\u30ec\u30af\u30b7\u30e7\u30f3\u306b\u52a0\u3048\u308b\u306a\u3089\u3001\u79c1\u305f\u3061\u306b\u304a\u4efb\u305b\u304f\u3060\u3055\u3044\u3002<\/span><\/p>\n<p class=\"s6\"><span class=\"s4\">\u3092\u697d\u3057\u307f\u306b\u3057\u3066\u3044\u308b\u3002<\/span><span class=\"s4\">\u305d\u3057\u3066 <\/span><span class=\"s4\">\u79c1\u305f\u3061\u304c\u3069\u306e\u3088\u3046\u306b\u5354\u529b\u3067\u304d\u308b\u304b\u3092\u697d\u3057\u307f\u306b\u3057\u3066\u3044\u307e\u3059\u3002<\/span><\/p>\n<p class=\"s6\"><span class=\"s4\">\u4e0b\u8a18\u306e\u30d5\u30a9\u30fc\u30e0\u306b\u3054\u8a18\u5165\u304f\u3060\u3055\u3044\u3002 <\/span><span class=\"s4\">\u6298\u308a\u8fd4\u3057 <\/span><span class=\"s4\">\u3054\u9023\u7d61\u3055\u305b\u3066\u3044\u305f\u3060\u304d\u307e\u3059\u3002<\/span><\/p>\n<p>[\/vc_column_text][\/vc_column][\/vc_row][vc_row full_height=&#8221;yes&#8221; columns_placement=&#8221;top&#8221; content_placement=&#8221;top&#8221; css=&#8221;.vc_custom_1702910113839{margin-top: 20px !important;}&#8221;][vc_column width=&#8221;3\/4&#8243;][vc_custom_heading text=&#8221;\u304a\u554f\u3044\u5408\u308f\u305b&#8221; font_container=&#8221;tag:h1|font_size:32|text_align:left&#8221; use_theme_fonts=&#8221;yes&#8221; css=&#8221;.vc_custom_1702910143354{margin-bottom: 20px !important;}&#8221;]\n<div class=\"wpcf7 no-js\" id=\"wpcf7-f7204-o1\" lang=\"ja\" dir=\"ltr\" data-wpcf7-id=\"7204\">\n<div class=\"screen-reader-response\"><p role=\"status\" aria-live=\"polite\" aria-atomic=\"true\"><\/p> <ul><\/ul><\/div>\n<form action=\"\/ja\/wp-json\/wp\/v2\/pages\/6916#wpcf7-f7204-o1\" method=\"post\" class=\"wpcf7-form init\" aria-label=\"\u30b3\u30f3\u30bf\u30af\u30c8\u30d5\u30a9\u30fc\u30e0\" novalidate=\"novalidate\" data-status=\"init\">\n<div style=\"display: none;\">\n<input type=\"hidden\" name=\"_wpcf7\" value=\"7204\" \/>\n<input type=\"hidden\" name=\"_wpcf7_version\" value=\"6.0\" \/>\n<input type=\"hidden\" name=\"_wpcf7_locale\" value=\"ja\" \/>\n<input type=\"hidden\" name=\"_wpcf7_unit_tag\" value=\"wpcf7-f7204-o1\" \/>\n<input type=\"hidden\" name=\"_wpcf7_container_post\" value=\"0\" \/>\n<input type=\"hidden\" name=\"_wpcf7_posted_data_hash\" value=\"\" \/>\n<input type=\"hidden\" name=\"_wpcf7_recaptcha_response\" value=\"\" \/>\n<\/div>\n<p><label> \u3042\u306a\u305f\u306e\u540d\u524d<br \/>\n<span class=\"wpcf7-form-control-wrap\" data-name=\"your-name\"><input size=\"40\" maxlength=\"400\" class=\"wpcf7-form-control wpcf7-text wpcf7-validates-as-required\" autocomplete=\"nom\" aria-required=\"true\" aria-invalid=\"false\" value=\"\" type=\"text\" name=\"your-name\" \/><\/span> <\/label>\n<\/p>\n<p><label> \u3042\u306a\u305f\u306e\u30e1\u30fc\u30eb\u30a2\u30c9\u30ec\u30b9<br \/>\n<span class=\"wpcf7-form-control-wrap\" data-name=\"your-email\"><input size=\"40\" maxlength=\"400\" class=\"wpcf7-form-control wpcf7-email wpcf7-validates-as-required wpcf7-text wpcf7-validates-as-email\" autocomplete=\"email\" aria-required=\"true\" aria-invalid=\"false\" value=\"\" type=\"email\" name=\"your-email\" \/><\/span> <\/label>\n<\/p>\n<p><label> \u3042\u306a\u305f\u306e\u96fb\u8a71\u756a\u53f7<br \/>\n<span class=\"wpcf7-form-control-wrap\" data-name=\"your-tel\"><input size=\"40\" maxlength=\"400\" class=\"wpcf7-form-control wpcf7-tel wpcf7-validates-as-required wpcf7-text wpcf7-validates-as-tel\" autocomplete=\"telephone\" aria-required=\"true\" aria-invalid=\"false\" value=\"\" type=\"tel\" name=\"your-tel\" \/><\/span> <\/label>\n<\/p>\n<p><label> \u4e3b\u984c<br \/>\n<span class=\"wpcf7-form-control-wrap\" data-name=\"your-subject\"><input size=\"40\" maxlength=\"400\" class=\"wpcf7-form-control wpcf7-text wpcf7-validates-as-required\" aria-required=\"true\" aria-invalid=\"false\" value=\"\" type=\"text\" name=\"your-subject\" \/><\/span> <\/label>\n<\/p>\n<p><label> \u3042\u306a\u305f\u306e\u30e1\u30c3\u30bb\u30fc\u30b8<br \/>\n<span class=\"wpcf7-form-control-wrap\" data-name=\"your-message\"><textarea cols=\"40\" rows=\"10\" maxlength=\"2000\" class=\"wpcf7-form-control wpcf7-textarea\" aria-invalid=\"false\" name=\"your-message\"><\/textarea><\/span> <\/label>\n<\/p>\n<p><input class=\"wpcf7-form-control wpcf7-submit has-spinner\" type=\"submit\" value=\"\u9001\u4fe1\" \/>\n<\/p><div class=\"wpcf7-response-output\" aria-hidden=\"true\"><\/div>\n<\/form>\n<\/div>\n[\/vc_column][vc_column width=&#8221;1\/4&#8243;][vc_column_text css=&#8221;.vc_custom_1702910596296{margin-bottom: 10px !important;}&#8221;]<\/p>\n<p style=\"font-size: 20px; font-weight: 500;\">\u30a2\u30c9\u30ec\u30b9<\/p>\n<p style=\"font-size: 20px;\">\n99 boulevard de la Reine 78000 \u30f4\u30a7\u30eb\u30b5\u30a4\u30e6<\/p>\n<p>[\/vc_column_text][vc_column_text css=&#8221;.vc_custom_1710254974142{margin-bottom: 10px !important;}&#8221;]<\/p>\n<p style=\"font-size: 20px; font-weight: 500;\">\u96fb\u8a71<\/p>\n<p style=\"font-size: 20px;\">+33 (0)6 60 18 14 97<\/p>\n<p>[\/vc_column_text][vc_column_text]<\/p>\n<p style=\"font-size: 20px; font-weight: 500;\">\u96fb\u5b50\u30e1\u30fc\u30eb<\/p>\n<p style=\"font-size: 20px;\">contact@2-be-one.com<\/p>\n<p>[\/vc_column_text][\/vc_column][\/vc_row]<\/p>\n<\/section>","protected":false},"excerpt":{"rendered":"<p>[vc_row][vc_col&hellip;<\/p>\n","protected":false},"author":1,"featured_media":0,"parent":0,"menu_order":0,"comment_status":"closed","ping_status":"closed","template":"","meta":{"_acf_changed":false,"footnotes":""},"class_list":["post-6916","page","type-page","status-publish","hentry"],"acf":[],"yoast_head":"<!-- This site is optimized with the Yoast SEO plugin v23.8 - https:\/\/yoast.com\/wordpress\/plugins\/seo\/ -->\n<title>\u8ca9\u58f2\u5e97\u9023\u7d61\u5148 | 2 be one<\/title>\n<meta name=\"description\" content=\"\u3054\u8cea\u554f\u306f\u3054\u3056\u3044\u307e\u305b\u3093\u304b\uff1fE\u30e1\u30fc\u30eb\u3001\u90f5\u4fbf\u3001\u96fb\u8a71\u3001\u307e\u305f\u306f\u304a\u554f\u3044\u5408\u308f\u305b\u30d5\u30a9\u30fc\u30e0\u304b\u3089\u3054\u9023\u7d61\u304f\u3060\u3055\u3044\u3002\" \/>\n<meta name=\"robots\" content=\"index, follow, max-snippet:-1, max-image-preview:large, max-video-preview:-1\" \/>\n<link rel=\"canonical\" href=\"https:\/\/2-be-one.com\/ja\/contact-detaillant\/\" \/>\n<meta property=\"og:locale\" content=\"ja_JP\" \/>\n<meta property=\"og:type\" content=\"article\" \/>\n<meta property=\"og:title\" content=\"\u8ca9\u58f2\u5e97\u9023\u7d61\u5148 | 2 be one\" \/>\n<meta property=\"og:description\" content=\"\u3054\u8cea\u554f\u306f\u3054\u3056\u3044\u307e\u305b\u3093\u304b\uff1fE\u30e1\u30fc\u30eb\u3001\u90f5\u4fbf\u3001\u96fb\u8a71\u3001\u307e\u305f\u306f\u304a\u554f\u3044\u5408\u308f\u305b\u30d5\u30a9\u30fc\u30e0\u304b\u3089\u3054\u9023\u7d61\u304f\u3060\u3055\u3044\u3002\" \/>\n<meta property=\"og:url\" content=\"https:\/\/2-be-one.com\/ja\/contact-detaillant\/\" \/>\n<meta property=\"og:site_name\" content=\"2 be one\" \/>\n<meta property=\"article:modified_time\" content=\"2024-12-02T14:25:37+00:00\" \/>\n<meta name=\"twitter:card\" content=\"summary_large_image\" \/>\n<meta name=\"twitter:label1\" content=\"\u63a8\u5b9a\u8aad\u307f\u53d6\u308a\u6642\u9593\" \/>\n\t<meta name=\"twitter:data1\" content=\"1\u5206\" \/>\n<script type=\"application\/ld+json\" class=\"yoast-schema-graph\">{\"@context\":\"https:\/\/schema.org\",\"@graph\":[{\"@type\":\"WebPage\",\"@id\":\"https:\/\/2-be-one.com\/ja\/contact-detaillant\/\",\"url\":\"https:\/\/2-be-one.com\/ja\/contact-detaillant\/\",\"name\":\"\u8ca9\u58f2\u5e97\u9023\u7d61\u5148 | 2 be one\",\"isPartOf\":{\"@id\":\"https:\/\/2-be-one.com\/ja\/#website\"},\"datePublished\":\"2024-04-26T14:22:34+00:00\",\"dateModified\":\"2024-12-02T14:25:37+00:00\",\"description\":\"\u3054\u8cea\u554f\u306f\u3054\u3056\u3044\u307e\u305b\u3093\u304b\uff1fE\u30e1\u30fc\u30eb\u3001\u90f5\u4fbf\u3001\u96fb\u8a71\u3001\u307e\u305f\u306f\u304a\u554f\u3044\u5408\u308f\u305b\u30d5\u30a9\u30fc\u30e0\u304b\u3089\u3054\u9023\u7d61\u304f\u3060\u3055\u3044\u3002\",\"breadcrumb\":{\"@id\":\"https:\/\/2-be-one.com\/ja\/contact-detaillant\/#breadcrumb\"},\"inLanguage\":\"ja\",\"potentialAction\":[{\"@type\":\"ReadAction\",\"target\":[\"https:\/\/2-be-one.com\/ja\/contact-detaillant\/\"]}]},{\"@type\":\"BreadcrumbList\",\"@id\":\"https:\/\/2-be-one.com\/ja\/contact-detaillant\/#breadcrumb\",\"itemListElement\":[{\"@type\":\"ListItem\",\"position\":1,\"name\":\"Accueil\",\"item\":\"https:\/\/2-be-one.com\/ja\/\"},{\"@type\":\"ListItem\",\"position\":2,\"name\":\"\u8ca9\u58f2\u5e97\u9023\u7d61\u5148\"}]},{\"@type\":\"WebSite\",\"@id\":\"https:\/\/2-be-one.com\/ja\/#website\",\"url\":\"https:\/\/2-be-one.com\/ja\/\",\"name\":\"2 be one\",\"description\":\"1 NOUVELLE G\u00c9N\u00c9RATION DE HOODIES EST N\u00c9E\",\"potentialAction\":[{\"@type\":\"SearchAction\",\"target\":{\"@type\":\"EntryPoint\",\"urlTemplate\":\"https:\/\/2-be-one.com\/ja\/?s={search_term_string}\"},\"query-input\":{\"@type\":\"PropertyValueSpecification\",\"valueRequired\":true,\"valueName\":\"search_term_string\"}}],\"inLanguage\":\"ja\"}]}<\/script>\n<!-- \/ Yoast SEO plugin. -->","yoast_head_json":{"title":"\u8ca9\u58f2\u5e97\u9023\u7d61\u5148 | 2 be one","description":"\u3054\u8cea\u554f\u306f\u3054\u3056\u3044\u307e\u305b\u3093\u304b\uff1fE\u30e1\u30fc\u30eb\u3001\u90f5\u4fbf\u3001\u96fb\u8a71\u3001\u307e\u305f\u306f\u304a\u554f\u3044\u5408\u308f\u305b\u30d5\u30a9\u30fc\u30e0\u304b\u3089\u3054\u9023\u7d61\u304f\u3060\u3055\u3044\u3002","robots":{"index":"index","follow":"follow","max-snippet":"max-snippet:-1","max-image-preview":"max-image-preview:large","max-video-preview":"max-video-preview:-1"},"canonical":"https:\/\/2-be-one.com\/ja\/contact-detaillant\/","og_locale":"ja_JP","og_type":"article","og_title":"\u8ca9\u58f2\u5e97\u9023\u7d61\u5148 | 2 be one","og_description":"\u3054\u8cea\u554f\u306f\u3054\u3056\u3044\u307e\u305b\u3093\u304b\uff1fE\u30e1\u30fc\u30eb\u3001\u90f5\u4fbf\u3001\u96fb\u8a71\u3001\u307e\u305f\u306f\u304a\u554f\u3044\u5408\u308f\u305b\u30d5\u30a9\u30fc\u30e0\u304b\u3089\u3054\u9023\u7d61\u304f\u3060\u3055\u3044\u3002","og_url":"https:\/\/2-be-one.com\/ja\/contact-detaillant\/","og_site_name":"2 be one","article_modified_time":"2024-12-02T14:25:37+00:00","twitter_card":"summary_large_image","twitter_misc":{"\u63a8\u5b9a\u8aad\u307f\u53d6\u308a\u6642\u9593":"1\u5206"},"schema":{"@context":"https:\/\/schema.org","@graph":[{"@type":"WebPage","@id":"https:\/\/2-be-one.com\/ja\/contact-detaillant\/","url":"https:\/\/2-be-one.com\/ja\/contact-detaillant\/","name":"\u8ca9\u58f2\u5e97\u9023\u7d61\u5148 | 2 be one","isPartOf":{"@id":"https:\/\/2-be-one.com\/ja\/#website"},"datePublished":"2024-04-26T14:22:34+00:00","dateModified":"2024-12-02T14:25:37+00:00","description":"\u3054\u8cea\u554f\u306f\u3054\u3056\u3044\u307e\u305b\u3093\u304b\uff1fE\u30e1\u30fc\u30eb\u3001\u90f5\u4fbf\u3001\u96fb\u8a71\u3001\u307e\u305f\u306f\u304a\u554f\u3044\u5408\u308f\u305b\u30d5\u30a9\u30fc\u30e0\u304b\u3089\u3054\u9023\u7d61\u304f\u3060\u3055\u3044\u3002","breadcrumb":{"@id":"https:\/\/2-be-one.com\/ja\/contact-detaillant\/#breadcrumb"},"inLanguage":"ja","potentialAction":[{"@type":"ReadAction","target":["https:\/\/2-be-one.com\/ja\/contact-detaillant\/"]}]},{"@type":"BreadcrumbList","@id":"https:\/\/2-be-one.com\/ja\/contact-detaillant\/#breadcrumb","itemListElement":[{"@type":"ListItem","position":1,"name":"Accueil","item":"https:\/\/2-be-one.com\/ja\/"},{"@type":"ListItem","position":2,"name":"\u8ca9\u58f2\u5e97\u9023\u7d61\u5148"}]},{"@type":"WebSite","@id":"https:\/\/2-be-one.com\/ja\/#website","url":"https:\/\/2-be-one.com\/ja\/","name":"2 be one","description":"1 NOUVELLE G\u00c9N\u00c9RATION DE HOODIES EST N\u00c9E","potentialAction":[{"@type":"SearchAction","target":{"@type":"EntryPoint","urlTemplate":"https:\/\/2-be-one.com\/ja\/?s={search_term_string}"},"query-input":{"@type":"PropertyValueSpecification","valueRequired":true,"valueName":"search_term_string"}}],"inLanguage":"ja"}]}},"jetpack_sharing_enabled":true,"_links":{"self":[{"href":"https:\/\/2-be-one.com\/ja\/wp-json\/wp\/v2\/pages\/6916","targetHints":{"allow":["GET"]}}],"collection":[{"href":"https:\/\/2-be-one.com\/ja\/wp-json\/wp\/v2\/pages"}],"about":[{"href":"https:\/\/2-be-one.com\/ja\/wp-json\/wp\/v2\/types\/page"}],"author":[{"embeddable":true,"href":"https:\/\/2-be-one.com\/ja\/wp-json\/wp\/v2\/users\/1"}],"replies":[{"embeddable":true,"href":"https:\/\/2-be-one.com\/ja\/wp-json\/wp\/v2\/comments?post=6916"}],"version-history":[{"count":4,"href":"https:\/\/2-be-one.com\/ja\/wp-json\/wp\/v2\/pages\/6916\/revisions"}],"predecessor-version":[{"id":6920,"href":"https:\/\/2-be-one.com\/ja\/wp-json\/wp\/v2\/pages\/6916\/revisions\/6920"}],"wp:attachment":[{"href":"https:\/\/2-be-one.com\/ja\/wp-json\/wp\/v2\/media?parent=6916"}],"curies":[{"name":"wp","href":"https:\/\/api.w.org\/{rel}","templated":true}]}}