{"id":6892,"date":"2023-05-23T18:16:39","date_gmt":"2023-05-23T16:16:39","guid":{"rendered":"https:\/\/2-be-one.com\/?page_id=6892"},"modified":"2024-12-02T12:51:54","modified_gmt":"2024-12-02T11:51:54","slug":"mentions-legales","status":"publish","type":"page","link":"https:\/\/2-be-one.com\/ja\/mentions-legales\/","title":{"rendered":"\u6cd5\u7684\u60c5\u5831"},"content":{"rendered":"<p><\/p><p><strong>\u30a6\u30a7\u30d6\u30b5\u30a4\u30c8\u767a\u884c\u8005\u306e\u8eab\u5143<\/strong><\/p><p>\u672c\u30a6\u30a7\u30d6\u30b5\u30a4\u30c8\u306e\u767a\u884c\u5143\u306f2 BE ONE\u793e\u3067\u3001\u8cc7\u672c\u91d12500\u30e6\u30fc\u30ed\u306e\u7c21\u6613\u682a\u5f0f\u4f1a\u793e\uff08SAS\uff09\u3001\u767b\u8a18\u4e0a\u306e\u6240\u5728\u5730\u306f99 boulevard de la Reine, 78000 Versailles\u3067\u3059\u3002\u767b\u8a18\u756a\u53f7\u306f979 945 320\u3067\u3001\u6cd5\u7684\u4ee3\u7406\u4eba\u306f\u30ae\u30e8\u30fc\u30e0\u30fb\u30da\u30ec\u3067\u3059\u3002 <\/p><p><strong>\u9023\u7d61\u5148<\/strong><\/p><p>\u3054\u4e0d\u660e\u306a\u70b9\u304c\u3054\u3056\u3044\u307e\u3057\u305f\u3089\u3001\u3053\u3061\u3089\u306e<a href=\"https:\/\/2-be-one.com\/contact\/\">\u304a\u554f\u3044\u5408\u308f\u305b\u30d5\u30a9\u30fc\u30e0\u3088\u308a<\/a>2BE ONE\u307e\u3067\u3054\u9023\u7d61\u304f\u3060\u3055\u3044\u3002<\/p><p><strong>\u4ed8\u52a0\u4fa1\u5024\u7a0e<\/strong><\/p><p>2 BE ONE\u306b\u306fFR\u756a\u53f789979920345\u306e\u4ed8\u52a0\u4fa1\u5024\u7a0e\u304c\u8ab2\u7a0e\u3055\u308c\u307e\u3059\u3002<\/p><p><strong>\u5546\u6a19<\/strong><\/p><p>2 BE ONE\u3001ZIP FUSION\u3001BB NOCTAMBULE\u306e\u5546\u6a19\u306fINPI\u306b\u767b\u9332\u3055\u308c\u3066\u3044\u307e\u3059\u3002<\/p><p><strong>\u79c1\u305f\u3061\u306e\u4ed5\u4e8b<\/strong><\/p><p>2 \u30d3\u30fc\u30fb\u30ef\u30f3\u306f\u3001\u8863\u6599\u54c1\u306e\u30c7\u30b6\u30a4\u30f3\u3001\u88fd\u9020\u3001\u8ca9\u58f2\u3001\u898b\u672c\u5e02\u306a\u3069\u306e\u30a4\u30d9\u30f3\u30c8\u3092\u4e3b\u50ac\u3057\u3066\u3044\u308b\u3002<\/p><p><strong>\u51fa\u7248\u30c7\u30a3\u30ec\u30af\u30bf\u30fc<\/strong><\/p><p>\u51fa\u7248\u30c7\u30a3\u30ec\u30af\u30bf\u30fc\u306f2 BE ONE\u306e\u4f1a\u9577\u30ae\u30e8\u30fc\u30e0\u30fb\u30da\u30ec\u3002<\/p><p><strong>\u30a6\u30a7\u30d6\u30b5\u30a4\u30c8\u958b\u767a<\/strong><\/p><p>\u3053\u306e\u30a6\u30a7\u30d6\u30b5\u30a4\u30c8\u306f\u30012 BE ONE\u306b\u3088\u308b\u30aa\u30fc\u30d7\u30f3\u30bd\u30fc\u30b9CMS\u300cWordPress\u300d\u3092\u4f7f\u7528\u3057\u3066\u4f5c\u6210\u3055\u308c\u307e\u3057\u305f\u3002<\/p><p><strong>\u30a6\u30a7\u30d6\u30b5\u30a4\u30c8\u306e\u30db\u30b9\u30c6\u30a3\u30f3\u30b0<\/strong><\/p><p>\u3053\u306e\u30a6\u30a7\u30d6\u30b5\u30a4\u30c8\u306f\u3001\u30eb\u30fc\u30d9\u306e\u8cbf\u6613\u30fb\u4f1a\u793e\u767b\u8a18\u7c3f\u306b424 761 419\u756a\u3067\u767b\u8a18\u3055\u308c\u3066\u3044\u308b\u7c21\u6613\u682a\u5f0f\u4f1a\u793e\uff08Soci\u00e9t\u00e9 par Actions Simplifi\u00e9e\uff09\u3067\u3042\u308bOVH\u306b\u3088\u3063\u3066\u30db\u30b9\u30c8\u3055\u308c\u3066\u3044\u307e\u3059\u3002<\/p><p><strong>\u77e5\u7684\u8ca1\u7523<\/strong><\/p><p>\u672c\u30a6\u30a7\u30d6\u30b5\u30a4\u30c8\u306b\u306f\u3001\u51fa\u7248\u793e\u307e\u305f\u306f\u305d\u306e\u8a31\u8afe\u3092\u5f97\u305f\u7b2c\u4e09\u8005\u306b\u5e30\u5c5e\u3059\u308b\u77e5\u7684\u8ca1\u7523\u306e\u8457\u4f5c\u7269\u304c\u542b\u307e\u308c\u3066\u3044\u308b\u5834\u5408\u304c\u3042\u308a\u307e\u3059\u3002\u51fa\u7248\u793e\u304a\u3088\u3073\uff0f\u307e\u305f\u306f\u7b2c\u4e09\u8005\u306e\u66f8\u9762\u306b\u3088\u308b\u4e8b\u524d\u306e\u8a31\u53ef\u306a\u304f\u3001\u672c\u30b5\u30a4\u30c8\u4e0a\u306e\u8457\u4f5c\u7269\u306e\u5168\u90e8\u307e\u305f\u306f\u4e00\u90e8\u3092\u8907\u88fd\u3001\u5909\u66f4\u3001\u51fa\u7248\u3001\u7ffb\u6848\u3059\u308b\u3053\u3068\u306f\u7981\u6b62\u3055\u308c\u3066\u3044\u307e\u3059\u3002\u7121\u8a31\u53ef\u306e\u4f7f\u7528\u306f\u507d\u9020\u3068\u307f\u306a\u3055\u308c\u3001\u30d5\u30e9\u30f3\u30b9\u77e5\u7684\u8ca1\u7523\u6cd5\u5178L.335-2\u4ed6\u306b\u3088\u308a\u51e6\u7f70\u3055\u308c\u308b\u5834\u5408\u304c\u3042\u308a\u307e\u3059\u3002  <\/p><p><strong>\u30a6\u30a7\u30d6\u30b5\u30a4\u30c8\u5229\u7528\u8005\u306e\u7fa9\u52d9<\/strong><\/p><p>\u5229\u7528\u8005\u306f\u3001\u4ee5\u4e0b\u306e\u6761\u4ef6\u306b\u5f93\u3063\u3066\u672c\u30b5\u30a4\u30c8\u3092\u5229\u7528\u3059\u308b\u3082\u306e\u3068\u3057\u307e\u3059\uff1a<\/p><ul class=\"wp-block-list\"><li>\u7279\u306b\u4e0d\u9069\u5207\u306a\u30b3\u30f3\u30c6\u30f3\u30c4\u3067\u904e\u8ca0\u8377\u3092\u304b\u3051\u308b\u306a\u3069\u3001\u30b5\u30a4\u30c8\u306e\u904b\u55b6\u3092\u59a8\u3052\u305f\u308a\u5909\u66f4\u3057\u305f\u308a\u3057\u306a\u3044\u3053\u3068\u3002<\/li>\n\n<li>\u77e5\u7684\u8ca1\u7523\u6a29\u306b\u3088\u308a\u4fdd\u8b77\u3055\u308c\u3066\u3044\u308b\u672c\u30b5\u30a4\u30c8\u306e\u8981\u7d20\u3092\u62bd\u51fa\u3001\u8907\u5199\u3001\u8907\u88fd\u3057\u306a\u3044\u3053\u3068\u3002<\/li>\n\n<li>\u60aa\u610f\u306e\u3042\u308b\u30d5\u30a1\u30a4\u30eb\u3084\u30d7\u30ed\u30b0\u30e9\u30e0\u3001\u30b3\u30f3\u30d4\u30e5\u30fc\u30bf\u30fc\u30a6\u30a4\u30eb\u30b9\u3092\u542b\u3080\u3082\u306e\u3092\u6301\u3061\u8fbc\u307e\u306a\u3044\u3067\u304f\u3060\u3055\u3044\u3002<\/li>\n\n<li>\u9055\u6cd5\u3001\u4e2d\u50b7\u7684\u3001\u30d7\u30e9\u30a4\u30d0\u30b7\u30fc\u4fb5\u5bb3\u3001\u672a\u6210\u5e74\u8005\u306b\u3068\u3063\u3066\u6709\u5bb3\u306a\u30b3\u30f3\u30c6\u30f3\u30c4\u3092\u4fdd\u5b58\u307e\u305f\u306f\u9001\u4fe1\u3057\u306a\u3044\u3053\u3068\u3002<\/li>\n\n<li>\u8096\u50cf\u6a29\u305d\u306e\u4ed6\u306e\u77e5\u7684\u8ca1\u7523\u6a29\u3092\u4fb5\u5bb3\u3057\u306a\u3044\u3053\u3068\u3002<\/li><\/ul><p><strong>\u51fa\u7248\u793e\u306e\u8cac\u4efb<\/strong><\/p><p>\u5229\u7528\u8005\u306e\u5229\u7528\u306f\u3001\u5229\u7528\u8005\u306e\u8cac\u4efb\u306b\u304a\u3044\u3066\u884c\u308f\u308c\u308b\u3082\u306e\u3068\u3057\u307e\u3059\u3002\u5f53\u30b5\u30a4\u30c8\u304c\u63d0\u4f9b\u3059\u308b\u30b5\u30fc\u30d3\u30b9\u304c\u5229\u7528\u8005\u306e\u30cb\u30fc\u30ba\u306b\u5408\u308f\u306a\u3044\u5834\u5408\u3001\u307e\u305f\u901a\u4fe1\u30cd\u30c3\u30c8\u30ef\u30fc\u30af\u3084\u30b3\u30f3\u30d4\u30e5\u30fc\u30bf\u306e\u30bb\u30ad\u30e5\u30ea\u30c6\u30a3\u306b\u95a2\u9023\u3059\u308b\u554f\u984c\u304c\u767a\u751f\u3057\u305f\u5834\u5408\u3001\u767a\u884c\u8005\u306f\u4e00\u5207\u306e\u8cac\u4efb\u3092\u8ca0\u3044\u307e\u305b\u3093\u3002 <\/p><p><strong>\u500b\u4eba\u60c5\u5831\u306e\u4fdd\u8b77<\/strong><\/p><p>\u30a6\u30a7\u30d6\u30b5\u30a4\u30c8\u904b\u55b6\u306e\u4e00\u74b0\u3068\u3057\u3066\u30012 BE ONE\u306f\u500b\u4eba\u60c5\u5831\u3092\u51e6\u7406\u3059\u308b\u3053\u3068\u304c\u3042\u308a\u3001\u500b\u4eba\u60c5\u5831\u4fdd\u8b77\u65b9\u91dd\u306b\u898f\u5b9a\u3055\u308c\u305f\u6761\u4ef6\u306b\u5f93\u3044\u30011978\u5e741\u67086\u65e5\u4ed8\u6cd5\u5f8b\u7b2c78-17\u53f7\uff08\u30c7\u30fc\u30bf\u4fdd\u8b77\u6cd5\uff09\u304a\u3088\u3073\u4e00\u822c\u30c7\u30fc\u30bf\u4fdd\u8b77\u898f\u5247\uff08GDPR\uff092016\/679\u53f7\u3092\u9075\u5b88\u3059\u308b\u3053\u3068\u3092\u7d04\u675f\u3057\u307e\u3059\u3002<\/p>","protected":false},"excerpt":{"rendered":"<p>\u30a6\u30a7\u30d6\u30b5\u30a4\u30c8\u767a\u884c\u8005\u306e\u8eab\u5143 \u672c\u30a6&hellip;<\/p>\n","protected":false},"author":1,"featured_media":0,"parent":0,"menu_order":0,"comment_status":"closed","ping_status":"open","template":"","meta":{"_acf_changed":false,"footnotes":""},"class_list":["post-6892","page","type-page","status-publish","hentry"],"acf":[],"yoast_head":"<!-- This site is optimized with the Yoast SEO plugin v23.8 - https:\/\/yoast.com\/wordpress\/plugins\/seo\/ -->\n<title>\u6cd5\u7684\u60c5\u5831 | 2 be one<\/title>\n<meta name=\"robots\" content=\"index, follow, max-snippet:-1, max-image-preview:large, max-video-preview:-1\" \/>\n<link rel=\"canonical\" href=\"https:\/\/2-be-one.com\/ja\/mentions-legales\/\" \/>\n<meta property=\"og:locale\" content=\"ja_JP\" \/>\n<meta property=\"og:type\" content=\"article\" \/>\n<meta property=\"og:title\" content=\"\u6cd5\u7684\u60c5\u5831 | 2 be one\" \/>\n<meta property=\"og:description\" content=\"\u30a6\u30a7\u30d6\u30b5\u30a4\u30c8\u767a\u884c\u8005\u306e\u8eab\u5143 \u672c\u30a6&hellip;\" \/>\n<meta property=\"og:url\" content=\"https:\/\/2-be-one.com\/ja\/mentions-legales\/\" \/>\n<meta property=\"og:site_name\" content=\"2 be one\" \/>\n<meta property=\"article:modified_time\" content=\"2024-12-02T11:51:54+00:00\" \/>\n<meta name=\"twitter:card\" content=\"summary_large_image\" \/>\n<meta name=\"twitter:label1\" content=\"\u63a8\u5b9a\u8aad\u307f\u53d6\u308a\u6642\u9593\" \/>\n\t<meta name=\"twitter:data1\" content=\"3\u5206\" \/>\n<script type=\"application\/ld+json\" class=\"yoast-schema-graph\">{\"@context\":\"https:\/\/schema.org\",\"@graph\":[{\"@type\":\"WebPage\",\"@id\":\"https:\/\/2-be-one.com\/ja\/mentions-legales\/\",\"url\":\"https:\/\/2-be-one.com\/ja\/mentions-legales\/\",\"name\":\"\u6cd5\u7684\u60c5\u5831 | 2 be one\",\"isPartOf\":{\"@id\":\"https:\/\/2-be-one.com\/ja\/#website\"},\"datePublished\":\"2023-05-23T16:16:39+00:00\",\"dateModified\":\"2024-12-02T11:51:54+00:00\",\"breadcrumb\":{\"@id\":\"https:\/\/2-be-one.com\/ja\/mentions-legales\/#breadcrumb\"},\"inLanguage\":\"ja\",\"potentialAction\":[{\"@type\":\"ReadAction\",\"target\":[\"https:\/\/2-be-one.com\/ja\/mentions-legales\/\"]}]},{\"@type\":\"BreadcrumbList\",\"@id\":\"https:\/\/2-be-one.com\/ja\/mentions-legales\/#breadcrumb\",\"itemListElement\":[{\"@type\":\"ListItem\",\"position\":1,\"name\":\"Accueil\",\"item\":\"https:\/\/2-be-one.com\/ja\/\"},{\"@type\":\"ListItem\",\"position\":2,\"name\":\"\u6cd5\u7684\u60c5\u5831\"}]},{\"@type\":\"WebSite\",\"@id\":\"https:\/\/2-be-one.com\/ja\/#website\",\"url\":\"https:\/\/2-be-one.com\/ja\/\",\"name\":\"2 be one\",\"description\":\"1 NOUVELLE G\u00c9N\u00c9RATION DE HOODIES EST N\u00c9E\",\"potentialAction\":[{\"@type\":\"SearchAction\",\"target\":{\"@type\":\"EntryPoint\",\"urlTemplate\":\"https:\/\/2-be-one.com\/ja\/?s={search_term_string}\"},\"query-input\":{\"@type\":\"PropertyValueSpecification\",\"valueRequired\":true,\"valueName\":\"search_term_string\"}}],\"inLanguage\":\"ja\"}]}<\/script>\n<!-- \/ Yoast SEO plugin. -->","yoast_head_json":{"title":"\u6cd5\u7684\u60c5\u5831 | 2 be one","robots":{"index":"index","follow":"follow","max-snippet":"max-snippet:-1","max-image-preview":"max-image-preview:large","max-video-preview":"max-video-preview:-1"},"canonical":"https:\/\/2-be-one.com\/ja\/mentions-legales\/","og_locale":"ja_JP","og_type":"article","og_title":"\u6cd5\u7684\u60c5\u5831 | 2 be one","og_description":"\u30a6\u30a7\u30d6\u30b5\u30a4\u30c8\u767a\u884c\u8005\u306e\u8eab\u5143 \u672c\u30a6&hellip;","og_url":"https:\/\/2-be-one.com\/ja\/mentions-legales\/","og_site_name":"2 be one","article_modified_time":"2024-12-02T11:51:54+00:00","twitter_card":"summary_large_image","twitter_misc":{"\u63a8\u5b9a\u8aad\u307f\u53d6\u308a\u6642\u9593":"3\u5206"},"schema":{"@context":"https:\/\/schema.org","@graph":[{"@type":"WebPage","@id":"https:\/\/2-be-one.com\/ja\/mentions-legales\/","url":"https:\/\/2-be-one.com\/ja\/mentions-legales\/","name":"\u6cd5\u7684\u60c5\u5831 | 2 be one","isPartOf":{"@id":"https:\/\/2-be-one.com\/ja\/#website"},"datePublished":"2023-05-23T16:16:39+00:00","dateModified":"2024-12-02T11:51:54+00:00","breadcrumb":{"@id":"https:\/\/2-be-one.com\/ja\/mentions-legales\/#breadcrumb"},"inLanguage":"ja","potentialAction":[{"@type":"ReadAction","target":["https:\/\/2-be-one.com\/ja\/mentions-legales\/"]}]},{"@type":"BreadcrumbList","@id":"https:\/\/2-be-one.com\/ja\/mentions-legales\/#breadcrumb","itemListElement":[{"@type":"ListItem","position":1,"name":"Accueil","item":"https:\/\/2-be-one.com\/ja\/"},{"@type":"ListItem","position":2,"name":"\u6cd5\u7684\u60c5\u5831"}]},{"@type":"WebSite","@id":"https:\/\/2-be-one.com\/ja\/#website","url":"https:\/\/2-be-one.com\/ja\/","name":"2 be one","description":"1 NOUVELLE G\u00c9N\u00c9RATION DE HOODIES EST N\u00c9E","potentialAction":[{"@type":"SearchAction","target":{"@type":"EntryPoint","urlTemplate":"https:\/\/2-be-one.com\/ja\/?s={search_term_string}"},"query-input":{"@type":"PropertyValueSpecification","valueRequired":true,"valueName":"search_term_string"}}],"inLanguage":"ja"}]}},"jetpack_sharing_enabled":true,"_links":{"self":[{"href":"https:\/\/2-be-one.com\/ja\/wp-json\/wp\/v2\/pages\/6892","targetHints":{"allow":["GET"]}}],"collection":[{"href":"https:\/\/2-be-one.com\/ja\/wp-json\/wp\/v2\/pages"}],"about":[{"href":"https:\/\/2-be-one.com\/ja\/wp-json\/wp\/v2\/types\/page"}],"author":[{"embeddable":true,"href":"https:\/\/2-be-one.com\/ja\/wp-json\/wp\/v2\/users\/1"}],"replies":[{"embeddable":true,"href":"https:\/\/2-be-one.com\/ja\/wp-json\/wp\/v2\/comments?post=6892"}],"version-history":[{"count":3,"href":"https:\/\/2-be-one.com\/ja\/wp-json\/wp\/v2\/pages\/6892\/revisions"}],"predecessor-version":[{"id":6895,"href":"https:\/\/2-be-one.com\/ja\/wp-json\/wp\/v2\/pages\/6892\/revisions\/6895"}],"wp:attachment":[{"href":"https:\/\/2-be-one.com\/ja\/wp-json\/wp\/v2\/media?parent=6892"}],"curies":[{"name":"wp","href":"https:\/\/api.w.org\/{rel}","templated":true}]}}