{"id":6886,"date":"2023-06-15T13:35:13","date_gmt":"2023-06-15T11:35:13","guid":{"rendered":"https:\/\/2-be-one.com\/?page_id=6886"},"modified":"2024-12-02T12:33:24","modified_gmt":"2024-12-02T11:33:24","slug":"mon-compte","status":"publish","type":"page","link":"https:\/\/2-be-one.com\/ja\/mon-compte\/","title":{"rendered":"\u30de\u30a4\u30a2\u30ab\u30a6\u30f3\u30c8"},"content":{"rendered":"<div class=\"woocommerce\"><\/div>","protected":false},"excerpt":{"rendered":"","protected":false},"author":1,"featured_media":0,"parent":0,"menu_order":0,"comment_status":"closed","ping_status":"closed","template":"","meta":{"_acf_changed":false,"footnotes":""},"class_list":["post-6886","page","type-page","status-publish","hentry"],"acf":[],"yoast_head":"<!-- This site is optimized with the Yoast SEO plugin v23.8 - https:\/\/yoast.com\/wordpress\/plugins\/seo\/ -->\n<title>\u30de\u30a4\u30a2\u30ab\u30a6\u30f3\u30c8 | 2 be one<\/title>\n<meta name=\"robots\" content=\"index, follow, max-snippet:-1, max-image-preview:large, max-video-preview:-1\" \/>\n<link rel=\"canonical\" href=\"https:\/\/2-be-one.com\/ja\/mon-compte\/\" \/>\n<meta property=\"og:locale\" content=\"ja_JP\" \/>\n<meta property=\"og:type\" content=\"article\" \/>\n<meta property=\"og:title\" content=\"\u30de\u30a4\u30a2\u30ab\u30a6\u30f3\u30c8 | 2 be one\" \/>\n<meta property=\"og:url\" content=\"https:\/\/2-be-one.com\/ja\/mon-compte\/\" \/>\n<meta property=\"og:site_name\" content=\"2 be one\" \/>\n<meta property=\"article:modified_time\" content=\"2024-12-02T11:33:24+00:00\" \/>\n<meta name=\"twitter:card\" content=\"summary_large_image\" \/>\n<meta name=\"twitter:label1\" content=\"\u63a8\u5b9a\u8aad\u307f\u53d6\u308a\u6642\u9593\" \/>\n\t<meta name=\"twitter:data1\" content=\"1\u5206\" \/>\n<script type=\"application\/ld+json\" class=\"yoast-schema-graph\">{\"@context\":\"https:\/\/schema.org\",\"@graph\":[{\"@type\":\"WebPage\",\"@id\":\"https:\/\/2-be-one.com\/ja\/mon-compte\/\",\"url\":\"https:\/\/2-be-one.com\/ja\/mon-compte\/\",\"name\":\"\u30de\u30a4\u30a2\u30ab\u30a6\u30f3\u30c8 | 2 be one\",\"isPartOf\":{\"@id\":\"https:\/\/2-be-one.com\/ja\/#website\"},\"datePublished\":\"2023-06-15T11:35:13+00:00\",\"dateModified\":\"2024-12-02T11:33:24+00:00\",\"breadcrumb\":{\"@id\":\"https:\/\/2-be-one.com\/ja\/mon-compte\/#breadcrumb\"},\"inLanguage\":\"ja\",\"potentialAction\":[{\"@type\":\"ReadAction\",\"target\":[\"https:\/\/2-be-one.com\/ja\/mon-compte\/\"]}]},{\"@type\":\"BreadcrumbList\",\"@id\":\"https:\/\/2-be-one.com\/ja\/mon-compte\/#breadcrumb\",\"itemListElement\":[{\"@type\":\"ListItem\",\"position\":1,\"name\":\"Accueil\",\"item\":\"https:\/\/2-be-one.com\/ja\/\"},{\"@type\":\"ListItem\",\"position\":2,\"name\":\"\u30de\u30a4\u30a2\u30ab\u30a6\u30f3\u30c8\"}]},{\"@type\":\"WebSite\",\"@id\":\"https:\/\/2-be-one.com\/ja\/#website\",\"url\":\"https:\/\/2-be-one.com\/ja\/\",\"name\":\"2 be one\",\"description\":\"1 NOUVELLE G\u00c9N\u00c9RATION DE HOODIES EST N\u00c9E\",\"potentialAction\":[{\"@type\":\"SearchAction\",\"target\":{\"@type\":\"EntryPoint\",\"urlTemplate\":\"https:\/\/2-be-one.com\/ja\/?s={search_term_string}\"},\"query-input\":{\"@type\":\"PropertyValueSpecification\",\"valueRequired\":true,\"valueName\":\"search_term_string\"}}],\"inLanguage\":\"ja\"}]}<\/script>\n<!-- \/ Yoast SEO plugin. -->","yoast_head_json":{"title":"\u30de\u30a4\u30a2\u30ab\u30a6\u30f3\u30c8 | 2 be one","robots":{"index":"index","follow":"follow","max-snippet":"max-snippet:-1","max-image-preview":"max-image-preview:large","max-video-preview":"max-video-preview:-1"},"canonical":"https:\/\/2-be-one.com\/ja\/mon-compte\/","og_locale":"ja_JP","og_type":"article","og_title":"\u30de\u30a4\u30a2\u30ab\u30a6\u30f3\u30c8 | 2 be one","og_url":"https:\/\/2-be-one.com\/ja\/mon-compte\/","og_site_name":"2 be one","article_modified_time":"2024-12-02T11:33:24+00:00","twitter_card":"summary_large_image","twitter_misc":{"\u63a8\u5b9a\u8aad\u307f\u53d6\u308a\u6642\u9593":"1\u5206"},"schema":{"@context":"https:\/\/schema.org","@graph":[{"@type":"WebPage","@id":"https:\/\/2-be-one.com\/ja\/mon-compte\/","url":"https:\/\/2-be-one.com\/ja\/mon-compte\/","name":"\u30de\u30a4\u30a2\u30ab\u30a6\u30f3\u30c8 | 2 be one","isPartOf":{"@id":"https:\/\/2-be-one.com\/ja\/#website"},"datePublished":"2023-06-15T11:35:13+00:00","dateModified":"2024-12-02T11:33:24+00:00","breadcrumb":{"@id":"https:\/\/2-be-one.com\/ja\/mon-compte\/#breadcrumb"},"inLanguage":"ja","potentialAction":[{"@type":"ReadAction","target":["https:\/\/2-be-one.com\/ja\/mon-compte\/"]}]},{"@type":"BreadcrumbList","@id":"https:\/\/2-be-one.com\/ja\/mon-compte\/#breadcrumb","itemListElement":[{"@type":"ListItem","position":1,"name":"Accueil","item":"https:\/\/2-be-one.com\/ja\/"},{"@type":"ListItem","position":2,"name":"\u30de\u30a4\u30a2\u30ab\u30a6\u30f3\u30c8"}]},{"@type":"WebSite","@id":"https:\/\/2-be-one.com\/ja\/#website","url":"https:\/\/2-be-one.com\/ja\/","name":"2 be one","description":"1 NOUVELLE G\u00c9N\u00c9RATION DE HOODIES EST N\u00c9E","potentialAction":[{"@type":"SearchAction","target":{"@type":"EntryPoint","urlTemplate":"https:\/\/2-be-one.com\/ja\/?s={search_term_string}"},"query-input":{"@type":"PropertyValueSpecification","valueRequired":true,"valueName":"search_term_string"}}],"inLanguage":"ja"}]}},"jetpack_sharing_enabled":true,"_links":{"self":[{"href":"https:\/\/2-be-one.com\/ja\/wp-json\/wp\/v2\/pages\/6886","targetHints":{"allow":["GET"]}}],"collection":[{"href":"https:\/\/2-be-one.com\/ja\/wp-json\/wp\/v2\/pages"}],"about":[{"href":"https:\/\/2-be-one.com\/ja\/wp-json\/wp\/v2\/types\/page"}],"author":[{"embeddable":true,"href":"https:\/\/2-be-one.com\/ja\/wp-json\/wp\/v2\/users\/1"}],"replies":[{"embeddable":true,"href":"https:\/\/2-be-one.com\/ja\/wp-json\/wp\/v2\/comments?post=6886"}],"version-history":[{"count":3,"href":"https:\/\/2-be-one.com\/ja\/wp-json\/wp\/v2\/pages\/6886\/revisions"}],"predecessor-version":[{"id":6889,"href":"https:\/\/2-be-one.com\/ja\/wp-json\/wp\/v2\/pages\/6886\/revisions\/6889"}],"wp:attachment":[{"href":"https:\/\/2-be-one.com\/ja\/wp-json\/wp\/v2\/media?parent=6886"}],"curies":[{"name":"wp","href":"https:\/\/api.w.org\/{rel}","templated":true}]}}