{"id":6861,"date":"2023-06-15T18:14:26","date_gmt":"2023-06-15T16:14:26","guid":{"rendered":"https:\/\/2-be-one.com\/?page_id=6861"},"modified":"2024-12-24T11:10:25","modified_gmt":"2024-12-24T10:10:25","slug":"notre-vision","status":"publish","type":"page","link":"https:\/\/2-be-one.com\/ja\/notre-vision\/","title":{"rendered":"\u30d3\u30b8\u30e7\u30f3"},"content":{"rendered":"<section class=\"wpb-content-wrapper\"><p>[vc_row css=&#8221;.vc_custom_1690987182387{margin-top: 50px !important;}&#8221;][vc_column width=&#8221;1\/2&#8243;][vc_column_text]\u5927\u80c6\u3055\u3068\u30d3\u30b8\u30e7\u30f3\u3067\u904b\u547d\u3092\u5207\u308a\u958b\u304f\u4eba\u3005\u306b\u6367\u3052\u308b\u30d6\u30e9\u30f3\u30c9\u3001<strong>2 BE ONE\u3078<\/strong>\u3088\u3046\u3053\u305d\u3002\u79c1\u305f\u3061\u306e\u670d\u306f\u3001\u8d77\u696d\u5bb6\u3001\u30d1\u30a4\u30aa\u30cb\u30a2\u3001\u30a4\u30f3\u30d1\u30af\u30c8\u30e1\u30fc\u30ab\u30fc\u3001\u305d\u3057\u3066\u65e5\u3005\u6311\u6226\u3059\u308b\u4eba\u3005\u306e\u30b9\u30d4\u30ea\u30c3\u30c8\u3092\u4f53\u73fe\u3057\u3066\u3044\u307e\u3059\u3002[\/vc_column_text][\/vc_column][vc_column width=&#8221;1\/2&#8243;][vc_column_text]<strong>\u30ab\u30b8\u30e5\u30a2\u30eb\u30a6\u30a7\u30a2\u306e<\/strong>\u30a2\u30a4\u30b3\u30cb\u30c3\u30af\u306a\u5b9a\u756a\u3001\u30b8\u30c3\u30d7\u30aa\u30d5\u30fb\u30d5\u30fc\u30c9\u4ed8\u304d\u30d1\u30fc\u30ab\u30fc\u3092\u30ab\u30e9\u30fc\u30d0\u30ea\u30a8\u30fc\u30b7\u30e7\u30f3\u304b\u3089\u304a\u9078\u3073\u304f\u3060\u3055\u3044\u3002\u6a5f\u80fd\u6027\u3001\u6a5f\u52d5\u6027\u3001\u30b9\u30bf\u30a4\u30eb\u306e\u878d\u5408\u3092\u5177\u73fe\u5316\u3057\u305f\u30e6\u30cb\u30fc\u30af\u306a\u30a2\u30a4\u30c6\u30e0\u3067\u3059\u3002\u30e6\u30cb\u30fc\u30af\u306a\u30c7\u30a3\u30c6\u30fc\u30eb\u3067\u5f37\u3044\u500b\u6027\u3092\u8868\u73fe\u3057\u306a\u304c\u3089\u3001\u884c\u52d5\u3082\u30ea\u30e9\u30c3\u30af\u30b9\u3082\u3067\u304d\u308b\u30c7\u30b6\u30a4\u30f3\u3067\u3059\u3002[\/vc_column_text][\/vc_column][\/vc_row][vc_row css=&#8221;.vc_custom_1690987166334{margin-top: 10px !important;margin-bottom: 50px !important;}&#8221;][vc_column][vc_column_text]<\/p>\n<h2>\u6301\u7d9a\u53ef\u80fd\u306a\u5909\u5316\u3068\u9769\u65b0\u3092\u4f53\u73fe\u3059\u308b<\/h2>\n<p>[\/vc_column_text][\/vc_column][\/vc_row][vc_row css=&#8221;.vc_custom_1690992964929{margin-top: 30px !important;margin-bottom: 30px !important;}&#8221;][vc_column width=&#8221;1\/2&#8243; css=&#8221;.vc_custom_1690985745509{background-position: center !important;background-repeat: no-repeat !important;background-size: cover !important;}&#8221;][vc_single_image image=&#8221;4728&#8243; img_size=&#8221;full&#8221;][\/vc_column][vc_column width=&#8221;1\/2&#8243;][vc_column_text]\u30d5\u30a1\u30c3\u30b7\u30e7\u30f3\u306e\u672a\u6765\u306f\u6301\u7d9a\u53ef\u80fd\u306a\u3082\u306e\u3067\u3042\u308b\u305f\u3081\u3001\u79c1\u305f\u3061\u306f\u74b0\u5883\u30d5\u30c3\u30c8\u30d7\u30ea\u30f3\u30c8\u3092\u6e1b\u3089\u3059\u305f\u3081\u306b\u305f\u3086\u307e\u306c\u52aa\u529b\u3092\u7d9a\u3051\u3066\u3044\u307e\u3059\u3002\u53b3\u683c\u306a\u57fa\u6e96\u3068\u6280\u8853\u3092\u99c6\u4f7f\u3057\u3066<strong>\u30d5\u30e9\u30f3\u30b9\u3067\u88fd\u9020\u3055\u308c\u3001\u30a8\u30b3\u30fb\u30c7\u30b6\u30a4\u30f3\u3055\u308c\u305f<\/strong>\u79c1\u305f\u3061\u306e\u88fd\u54c1\u306f\u3001\u72ec\u81ea\u6027\u3068\u672c\u7269\u3092\u6c42\u3081\u308b\u4eba\u3005\u306b\u3068\u3063\u3066\u5f53\u7136\u306e\u9078\u629e\u3067\u3059\u3002\u79c1\u305f\u3061\u306e\u7d20\u6750\u306f\u3001\u6709\u5bb3\u306a\u5316\u5b66\u7269\u8cea\u3092\u542b\u307e\u306a\u3044\u3001\u5feb\u9069\u3067\u30d0\u30a4\u30aa\u30d9\u30fc\u30b9\u306e\u3082\u306e\u3067\u3059\u3002\u79c1\u305f\u3061\u306f\u3001\u307e\u3060\u307e\u3060\u7686\u69d8\u306b\u63d0\u4f9b\u3067\u304d\u308b\u3053\u3068\u304c\u305f\u304f\u3055\u3093\u3042\u308a\u307e\u3059\u306e\u3067\u3001\u3054\u671f\u5f85\u304f\u3060\u3055\u3044\u3002\u540c\u3058\u9769\u65b0\u7684\u306a\u30b3\u30f3\u30bb\u30d7\u30c8\u306b\u57fa\u3065\u304f\u672a\u6765\u306e\u30c0\u30a6\u30f3\u30b8\u30e3\u30b1\u30c3\u30c8\u306f\u3001\u6765\u5e74\u767a\u58f2\u4e88\u5b9a\u3067\u3059\u3002\u79c1\u305f\u3061\u3068\u4e00\u7dd2\u306b\u3001<strong>\u30a4\u30f3\u30d1\u30af\u30c8\u306e\u3042\u308b<\/strong>\u660e\u65e5\u306e<strong>\u30d5\u30a1\u30c3\u30b7\u30e7\u30f3\u3092<\/strong>\u4f5c\u308a\u4e0a\u3052\u307e\u3057\u3087\u3046\u3002[\/vc_column_text][vc_btn title=&#8221;\u6982\u5ff5\u5b9f\u8a3c&#8221; style=&#8221;custom&#8221; custom_background=&#8221;#00ff00&#8243; custom_text=&#8221;#000000&#8243; shape=&#8221;round&#8221; align=&#8221;left&#8221; link=&#8221;url:https%3A%2F%2F2-be-one.com%2Fja%2Fproof-of-concept%2F|title:to%20be%20one%E3%82%B3%E3%83%B3%E3%82%BB%E3%83%97%E3%83%88&#8243; css=&#8221;.vc_custom_1735035022428{margin-top: 20px !important;}&#8221;][\/vc_column][\/vc_row][vc_row full_width=&#8221;stretch_row&#8221; css=&#8221;.vc_custom_1698867047551{margin-top: 60px !important;padding-top: 40px !important;background-color: #181b2c !important;}&#8221;][vc_column][vc_column_text]<\/p>\n<h5><span style=\"color: #ffffff;\">\u512a\u5148\u9806\u4f4d\u3082\u3042\u308b<\/span><\/h5>\n<h2><span style=\"color: #ffffff;\">\u30b3\u30df\u30c3\u30c8\u30e1\u30f3\u30c8<\/span><\/h2>\n<p>[\/vc_column_text][\/vc_column][\/vc_row][vc_row full_width=&#8221;stretch_row&#8221; gap=&#8221;35&#8243; css=&#8221;.vc_custom_1700245386276{padding-bottom: 40px !important;background-color: #181b2c !important;}&#8221;][vc_column width=&#8221;1\/2&#8243; css=&#8221;.vc_custom_1699034782037{margin-top: 20px !important;}&#8221;][vc_single_image image=&#8221;3380&#8243; img_size=&#8221;full&#8221; alignment=&#8221;center&#8221;][vc_column_text css=&#8221;.vc_custom_1709981532067{margin-top: 20px !important;}&#8221;]<span style=\"color: #ffffff;\"><strong>\u7e4a\u7dad\u7523\u696d\u306b\u3088\u308b\u6c5a\u67d3\u3092\u524a\u6e1b\u3057\u3001\u5ec3\u68c4\u7269\u3068\u95d8\u3046\u3002<\/strong><\/span><\/p>\n<p><span style=\"color: #ffffff;\">\u30e1\u30a4\u30c9\u30fb\u30a4\u30f3\u30fb\u30d5\u30e9\u30f3\u30b9\u306e\u30b3\u30f3\u30bb\u30d7\u30c8\u306e\u3082\u3068\u3067\u751f\u307f\u51fa\u3055\u308c\u308b\u30a8\u30cd\u30eb\u30ae\u30fc\u306b\u53c2\u52a0\u3059\u308b\u3002<\/span><br \/>\n<span style=\"color: #ffffff;\">\u79c1\u305f\u3061\u306f\u30ea\u30b5\u30a4\u30af\u30eb\u3001\u30a2\u30c3\u30d7\u30b5\u30a4\u30af\u30eb\u3001\u8131\u6c5a\u67d3\u306e\u9032\u6b69\u306b\u975e\u5e38\u306b\u8208\u5473\u3092\u6301\u3063\u3066\u304a\u308a\u3001\u5c06\u6765\u7684\u306b\u306f\u3053\u308c\u3089\u306e\u5206\u91ce\u3067\u306e\u6d3b\u52d5\u3092\u5c55\u958b\u3057\u3066\u3044\u304f\u4e88\u5b9a\u3067\u3059\u3002<\/span>[\/vc_column_text][\/vc_column][vc_column width=&#8221;1\/2&#8243; css=&#8221;.vc_custom_1699034743731{margin-top: 20px !important;}&#8221;][vc_single_image image=&#8221;3381&#8243; img_size=&#8221;full&#8221; alignment=&#8221;center&#8221;][vc_column_text css=&#8221;.vc_custom_1709918203953{margin-top: 20px !important;}&#8221;]<span style=\"color: #ffffff;\"><strong>\u30a8\u30cd\u30eb\u30ae\u30fc\u3068\u5e0c\u671b<\/strong><\/span><\/p>\n<p><span style=\"color: #ffffff;\">2 BE ONE\u306f\u3001\u300c\u751f\u304d\u308b\u3053\u3068\u3092\u6050\u308c\u306a\u304f\u306a\u3063\u305f\u4eba\u305f\u3061\u306b\u51fa\u4f1a\u3044\u305f\u3044\u300d\u3068\u3044\u3046\u5b50\u4f9b\u306e\u5922\u304b\u3089\u751f\u307e\u308c\u307e\u3057\u305f\u3002\u79c1\u305f\u3061\u306e\u4e2d\u306b\u307e\u3060\u6b8b\u3063\u3066\u3044\u308b\u5c0f\u3055\u306a\u3082\u306e\u3001\u767a\u898b\u306b\u98e2\u3048\u3066\u3044\u308b\u3082\u306e\u3092\u5927\u5207\u306b\u3057\u3001\u5730\u7403\u306b\u3084\u3063\u3066\u304f\u308b\u4eba\u985e\u306e\u672a\u6765\u3092\u3088\u308a\u826f\u3044\u3082\u306e\u306b\u3057\u3088\u3046\u3002 <\/span><br \/>\n<span style=\"color: #ffffff;\">\u79c1\u305f\u3061\u306f\u3001\u30d5\u30e9\u30f3\u30b9\u3068\u4e16\u754c\u4e2d\u306e\u5b50\u3069\u3082\u305f\u3061\u306e\u751f\u6d3b\u74b0\u5883\u306e\u6539\u5584\u3092\u76ee\u6307\u3059\u3059\u3079\u3066\u306e\u30d7\u30ed\u30b8\u30a7\u30af\u30c8\u3092\u7dbf\u5bc6\u306b\u8abf\u67fb\u3057\u3066\u3044\u307e\u3059\u3002<\/span><br \/>\n<span style=\"color: #ffffff;\">\u68ee\u6797\u306e\u4fdd\u8b77\u306b\u3082\u95a2\u5fc3\u304c\u3042\u308b\u3002<\/span>[\/vc_column_text][\/vc_column][\/vc_row][vc_row css=&#8221;.vc_custom_1690993604209{margin-top: 80px !important;margin-bottom: 30px !important;}&#8221;][vc_column width=&#8221;1\/6&#8243; css=&#8221;.vc_custom_1690986475295{background-position: center !important;background-repeat: no-repeat !important;background-size: cover !important;}&#8221;][vc_single_image image=&#8221;2992&#8243; img_size=&#8221;full&#8221;][\/vc_column][vc_column width=&#8221;5\/6&#8243;][vc_column_text]<\/p>\n<h3 style=\"font-size: 42px; line-height: 1.1em;\">\n\u79c1\u305f\u3061\u3092\u9f13\u821e\u3059\u308b\u540d\u8a00<\/h3>\n<p>[\/vc_column_text][\/vc_column][\/vc_row][vc_row content_placement=&#8221;middle&#8221; css=&#8221;.vc_custom_1690994464436{margin-top: 20px !important;}&#8221;][vc_column width=&#8221;1\/4&#8243; css=&#8221;.vc_custom_1690986475295{background-position: center !important;background-repeat: no-repeat !important;background-size: cover !important;}&#8221;][vc_single_image image=&#8221;3382&#8243; img_size=&#8221;large&#8221; alignment=&#8221;center&#8221;][\/vc_column][vc_column width=&#8221;3\/4&#8243;][vc_column_text]<em>\u300c\u79c1\u306f\u3001\u4ed6\u4eba\u3088\u308a\u3082\u81ea\u5206\u81ea\u8eab\u306b\u591a\u304f\u3092\u8981\u6c42\u3059\u308b\u4eba\u3005\u3092\u6df1\u304f\u5c0a\u656c\u3057\u3066\u3044\u308b\u3002\u500b\u4eba\u7684\u306a\u5b8c\u74a7\u3055\u3092\u6c42\u3081\u308b\u5f7c\u3089\u306f\u3001\u4eba\u751f\u306b\u304a\u3051\u308b\u6700\u5927\u306e\u7af6\u4e89\u306f\u81ea\u5206\u81ea\u8eab\u3068\u306e\u6226\u3044\u3067\u3042\u308b\u3053\u3068\u3092\u601d\u3044\u51fa\u3055\u305b\u3066\u304f\u308c\u308b\u304b\u3089\u3060&#8221;<strong>&#8211; \u30b8\u30e3\u30f3\u30fb\u30c9\u30eb\u30e1\u30c3\u30bd\u30f3<\/strong><\/em>[\/vc_column_text][\/vc_column][\/vc_row][vc_row content_placement=&#8221;middle&#8221; css=&#8221;.vc_custom_1690994457515{margin-top: 20px !important;}&#8221;][vc_column width=&#8221;3\/4&#8243;][vc_column_text]<em>&#8220;\u5fc3\u914d\u4e8b\u304c\u3042\u308c\u3070\u6b7b\u306c\u3002\u60a9\u307f\u3092\u6301\u305f\u306a\u3051\u308c\u3070\u3001\u3042\u306a\u305f\u3082\u6b7b\u306c\u3002\u3060\u304b\u3089\u3001\u4eba\u751f\u3092\u5168\u3046\u3057\u3001\u30ea\u30b9\u30af\u3092\u5192\u3057\u3001\u5922\u3092\u5b9f\u73fe\u3057\u3001\u4e00\u77ac\u4e00\u77ac\u3092\u697d\u3057\u3093\u3060\u65b9\u304c\u3044\u3044\u3002&#8221;\u6b7b\u306f\u8ab0\u3082\u5f85\u3063\u3066\u304f\u308c\u306a\u3044\u306e\u3060\u304b\u3089&#8221;<strong>&#8211; \u30de\u30a4\u30af\u30fb\u30db\u30fc\u30f3<\/strong><\/em>[\/vc_column_text][\/vc_column][vc_column width=&#8221;1\/4&#8243; css=&#8221;.vc_custom_1690994671658{background-position: center !important;background-repeat: no-repeat !important;background-size: cover !important;}&#8221; offset=&#8221;vc_hidden-sm vc_hidden-xs&#8221;][vc_single_image image=&#8221;3383&#8243; img_size=&#8221;large&#8221; alignment=&#8221;center&#8221;][\/vc_column][\/vc_row][vc_row content_placement=&#8221;middle&#8221; css=&#8221;.vc_custom_1690994442897{margin-top: 20px !important;}&#8221;][vc_column width=&#8221;1\/4&#8243; css=&#8221;.vc_custom_1690986475295{background-position: center !important;background-repeat: no-repeat !important;background-size: cover !important;}&#8221;][vc_single_image image=&#8221;3469&#8243; img_size=&#8221;large&#8221; alignment=&#8221;center&#8221;][\/vc_column][vc_column width=&#8221;3\/4&#8243;][vc_column_text]<i>\u300c\u52dd\u5229\u304b\u3089\u306f\u4f55\u3082\u5b66\u3079\u306a\u3044\u3002\u5931\u6557\u306e\u4e2d\u306b\u3053\u305d\u3001\u672c\u5f53\u306e\u9032\u6b69\u304c\u3042\u308b&#8221;-<\/i><strong style=\"font-style: italic;\">\u30b0\u30b6\u30d3\u30a8\u30fb\u30cb\u30fc\u30eb<\/strong>[\/vc_column_text][\/vc_column][\/vc_row][vc_row content_placement=&#8221;middle&#8221; css=&#8221;.vc_custom_1690994450516{margin-top: 40px !important;}&#8221;][vc_column width=&#8221;3\/4&#8243;][vc_column_text]<em>\u300c\u884c\u52d5\u306f\u4e0d\u53ef\u6b20\u3060\u3002\u79c1\u305f\u3061\u306b\u306f\u5730\u7403\u3092\u5b88\u308a\u3001\u305d\u306e\u7f8e\u3057\u3055\u3068\u591a\u69d8\u6027\u3092\u672a\u6765\u306e\u4e16\u4ee3\u306b\u6b8b\u3059\u8cac\u4efb\u304c\u3042\u308b\u3002\u4eca\u3053\u305d\u3001\u3059\u3079\u3066\u306e\u4eba\u306e\u305f\u3081\u306e\u6301\u7d9a\u53ef\u80fd\u306a\u672a\u6765\u3092\u7bc9\u304f\u305f\u3081\u306b\u3001\u500b\u4eba\u3068\u3057\u3066\u3001\u305d\u3057\u3066\u96c6\u56e3\u3068\u3057\u3066\u884c\u52d5\u3059\u308b\u6642\u306a\u306e\u3067\u3059\u300d\u3002<strong>&#8211; \u30ec\u30aa\u30ca\u30eb\u30c9\u30fb\u30c7\u30a3\u30ab\u30d7\u30ea\u30aa<\/strong><\/em>[\/vc_column_text][\/vc_column][vc_column width=&#8221;1\/4&#8243; css=&#8221;.vc_custom_1690994687978{background-position: center !important;background-repeat: no-repeat !important;background-size: cover !important;}&#8221; offset=&#8221;vc_hidden-sm vc_hidden-xs&#8221;][vc_single_image image=&#8221;3384&#8243; img_size=&#8221;large&#8221; alignment=&#8221;center&#8221;][\/vc_column][\/vc_row]<\/p>\n<\/section>","protected":false},"excerpt":{"rendered":"<p>[vc_row css=&#038;#8&hellip;<\/p>\n","protected":false},"author":1,"featured_media":0,"parent":0,"menu_order":0,"comment_status":"closed","ping_status":"closed","template":"","meta":{"_acf_changed":false,"footnotes":""},"class_list":["post-6861","page","type-page","status-publish","hentry"],"acf":[],"yoast_head":"<!-- This site is optimized with the Yoast SEO plugin v23.8 - https:\/\/yoast.com\/wordpress\/plugins\/seo\/ -->\n<title>\u30d3\u30b8\u30e7\u30f3 | 2 be one \u79c1\u305f\u3061\u306e\u30a4\u30f3\u30b9\u30d4\u30ec\u30fc\u30b7\u30e7\u30f3\u3068\u5275\u9020\u306e\u30d3\u30b8\u30e7\u30f3<\/title>\n<meta name=\"description\" content=\"\u79c1\u305f\u3061\u306e\u30d7\u30ed\u30b8\u30a7\u30af\u30c8\u306e\u5b58\u5728\u610f\u7fa9\u3001\u30a4\u30f3\u30b9\u30d4\u30ec\u30fc\u30b7\u30e7\u30f3\u3001\u3088\u308a\u30a8\u30b7\u30ab\u30eb\u3067\u8cac\u4efb\u3042\u308b\u8863\u6599\u30c7\u30b6\u30a4\u30f3\u306e\u30d3\u30b8\u30e7\u30f3\u306b\u3064\u3044\u3066\u3001\u3082\u3063\u3068\u77e5\u308a\u305f\u3044\u3067\u3059\u304b\uff1f\" \/>\n<meta name=\"robots\" content=\"index, follow, max-snippet:-1, max-image-preview:large, max-video-preview:-1\" \/>\n<link rel=\"canonical\" href=\"https:\/\/2-be-one.com\/ja\/notre-vision\/\" \/>\n<meta property=\"og:locale\" content=\"ja_JP\" \/>\n<meta property=\"og:type\" content=\"article\" \/>\n<meta property=\"og:title\" content=\"\u30d3\u30b8\u30e7\u30f3 | 2 be one \u79c1\u305f\u3061\u306e\u30a4\u30f3\u30b9\u30d4\u30ec\u30fc\u30b7\u30e7\u30f3\u3068\u5275\u9020\u306e\u30d3\u30b8\u30e7\u30f3\" \/>\n<meta property=\"og:description\" content=\"\u79c1\u305f\u3061\u306e\u30d7\u30ed\u30b8\u30a7\u30af\u30c8\u306e\u5b58\u5728\u610f\u7fa9\u3001\u30a4\u30f3\u30b9\u30d4\u30ec\u30fc\u30b7\u30e7\u30f3\u3001\u3088\u308a\u30a8\u30b7\u30ab\u30eb\u3067\u8cac\u4efb\u3042\u308b\u8863\u6599\u30c7\u30b6\u30a4\u30f3\u306e\u30d3\u30b8\u30e7\u30f3\u306b\u3064\u3044\u3066\u3001\u3082\u3063\u3068\u77e5\u308a\u305f\u3044\u3067\u3059\u304b\uff1f\" \/>\n<meta property=\"og:url\" content=\"https:\/\/2-be-one.com\/ja\/notre-vision\/\" \/>\n<meta property=\"og:site_name\" content=\"2 be one\" \/>\n<meta property=\"article:modified_time\" content=\"2024-12-24T10:10:25+00:00\" \/>\n<meta name=\"twitter:card\" content=\"summary_large_image\" \/>\n<meta name=\"twitter:label1\" content=\"\u63a8\u5b9a\u8aad\u307f\u53d6\u308a\u6642\u9593\" \/>\n\t<meta name=\"twitter:data1\" content=\"4\u5206\" \/>\n<script type=\"application\/ld+json\" class=\"yoast-schema-graph\">{\"@context\":\"https:\/\/schema.org\",\"@graph\":[{\"@type\":\"WebPage\",\"@id\":\"https:\/\/2-be-one.com\/ja\/notre-vision\/\",\"url\":\"https:\/\/2-be-one.com\/ja\/notre-vision\/\",\"name\":\"\u30d3\u30b8\u30e7\u30f3 | 2 be one \u79c1\u305f\u3061\u306e\u30a4\u30f3\u30b9\u30d4\u30ec\u30fc\u30b7\u30e7\u30f3\u3068\u5275\u9020\u306e\u30d3\u30b8\u30e7\u30f3\",\"isPartOf\":{\"@id\":\"https:\/\/2-be-one.com\/ja\/#website\"},\"datePublished\":\"2023-06-15T16:14:26+00:00\",\"dateModified\":\"2024-12-24T10:10:25+00:00\",\"description\":\"\u79c1\u305f\u3061\u306e\u30d7\u30ed\u30b8\u30a7\u30af\u30c8\u306e\u5b58\u5728\u610f\u7fa9\u3001\u30a4\u30f3\u30b9\u30d4\u30ec\u30fc\u30b7\u30e7\u30f3\u3001\u3088\u308a\u30a8\u30b7\u30ab\u30eb\u3067\u8cac\u4efb\u3042\u308b\u8863\u6599\u30c7\u30b6\u30a4\u30f3\u306e\u30d3\u30b8\u30e7\u30f3\u306b\u3064\u3044\u3066\u3001\u3082\u3063\u3068\u77e5\u308a\u305f\u3044\u3067\u3059\u304b\uff1f\",\"breadcrumb\":{\"@id\":\"https:\/\/2-be-one.com\/ja\/notre-vision\/#breadcrumb\"},\"inLanguage\":\"ja\",\"potentialAction\":[{\"@type\":\"ReadAction\",\"target\":[\"https:\/\/2-be-one.com\/ja\/notre-vision\/\"]}]},{\"@type\":\"BreadcrumbList\",\"@id\":\"https:\/\/2-be-one.com\/ja\/notre-vision\/#breadcrumb\",\"itemListElement\":[{\"@type\":\"ListItem\",\"position\":1,\"name\":\"Accueil\",\"item\":\"https:\/\/2-be-one.com\/ja\/\"},{\"@type\":\"ListItem\",\"position\":2,\"name\":\"\u30d3\u30b8\u30e7\u30f3\"}]},{\"@type\":\"WebSite\",\"@id\":\"https:\/\/2-be-one.com\/ja\/#website\",\"url\":\"https:\/\/2-be-one.com\/ja\/\",\"name\":\"2 be one\",\"description\":\"1 NOUVELLE G\u00c9N\u00c9RATION DE HOODIES EST N\u00c9E\",\"potentialAction\":[{\"@type\":\"SearchAction\",\"target\":{\"@type\":\"EntryPoint\",\"urlTemplate\":\"https:\/\/2-be-one.com\/ja\/?s={search_term_string}\"},\"query-input\":{\"@type\":\"PropertyValueSpecification\",\"valueRequired\":true,\"valueName\":\"search_term_string\"}}],\"inLanguage\":\"ja\"}]}<\/script>\n<!-- \/ Yoast SEO plugin. -->","yoast_head_json":{"title":"\u30d3\u30b8\u30e7\u30f3 | 2 be one \u79c1\u305f\u3061\u306e\u30a4\u30f3\u30b9\u30d4\u30ec\u30fc\u30b7\u30e7\u30f3\u3068\u5275\u9020\u306e\u30d3\u30b8\u30e7\u30f3","description":"\u79c1\u305f\u3061\u306e\u30d7\u30ed\u30b8\u30a7\u30af\u30c8\u306e\u5b58\u5728\u610f\u7fa9\u3001\u30a4\u30f3\u30b9\u30d4\u30ec\u30fc\u30b7\u30e7\u30f3\u3001\u3088\u308a\u30a8\u30b7\u30ab\u30eb\u3067\u8cac\u4efb\u3042\u308b\u8863\u6599\u30c7\u30b6\u30a4\u30f3\u306e\u30d3\u30b8\u30e7\u30f3\u306b\u3064\u3044\u3066\u3001\u3082\u3063\u3068\u77e5\u308a\u305f\u3044\u3067\u3059\u304b\uff1f","robots":{"index":"index","follow":"follow","max-snippet":"max-snippet:-1","max-image-preview":"max-image-preview:large","max-video-preview":"max-video-preview:-1"},"canonical":"https:\/\/2-be-one.com\/ja\/notre-vision\/","og_locale":"ja_JP","og_type":"article","og_title":"\u30d3\u30b8\u30e7\u30f3 | 2 be one \u79c1\u305f\u3061\u306e\u30a4\u30f3\u30b9\u30d4\u30ec\u30fc\u30b7\u30e7\u30f3\u3068\u5275\u9020\u306e\u30d3\u30b8\u30e7\u30f3","og_description":"\u79c1\u305f\u3061\u306e\u30d7\u30ed\u30b8\u30a7\u30af\u30c8\u306e\u5b58\u5728\u610f\u7fa9\u3001\u30a4\u30f3\u30b9\u30d4\u30ec\u30fc\u30b7\u30e7\u30f3\u3001\u3088\u308a\u30a8\u30b7\u30ab\u30eb\u3067\u8cac\u4efb\u3042\u308b\u8863\u6599\u30c7\u30b6\u30a4\u30f3\u306e\u30d3\u30b8\u30e7\u30f3\u306b\u3064\u3044\u3066\u3001\u3082\u3063\u3068\u77e5\u308a\u305f\u3044\u3067\u3059\u304b\uff1f","og_url":"https:\/\/2-be-one.com\/ja\/notre-vision\/","og_site_name":"2 be one","article_modified_time":"2024-12-24T10:10:25+00:00","twitter_card":"summary_large_image","twitter_misc":{"\u63a8\u5b9a\u8aad\u307f\u53d6\u308a\u6642\u9593":"4\u5206"},"schema":{"@context":"https:\/\/schema.org","@graph":[{"@type":"WebPage","@id":"https:\/\/2-be-one.com\/ja\/notre-vision\/","url":"https:\/\/2-be-one.com\/ja\/notre-vision\/","name":"\u30d3\u30b8\u30e7\u30f3 | 2 be one \u79c1\u305f\u3061\u306e\u30a4\u30f3\u30b9\u30d4\u30ec\u30fc\u30b7\u30e7\u30f3\u3068\u5275\u9020\u306e\u30d3\u30b8\u30e7\u30f3","isPartOf":{"@id":"https:\/\/2-be-one.com\/ja\/#website"},"datePublished":"2023-06-15T16:14:26+00:00","dateModified":"2024-12-24T10:10:25+00:00","description":"\u79c1\u305f\u3061\u306e\u30d7\u30ed\u30b8\u30a7\u30af\u30c8\u306e\u5b58\u5728\u610f\u7fa9\u3001\u30a4\u30f3\u30b9\u30d4\u30ec\u30fc\u30b7\u30e7\u30f3\u3001\u3088\u308a\u30a8\u30b7\u30ab\u30eb\u3067\u8cac\u4efb\u3042\u308b\u8863\u6599\u30c7\u30b6\u30a4\u30f3\u306e\u30d3\u30b8\u30e7\u30f3\u306b\u3064\u3044\u3066\u3001\u3082\u3063\u3068\u77e5\u308a\u305f\u3044\u3067\u3059\u304b\uff1f","breadcrumb":{"@id":"https:\/\/2-be-one.com\/ja\/notre-vision\/#breadcrumb"},"inLanguage":"ja","potentialAction":[{"@type":"ReadAction","target":["https:\/\/2-be-one.com\/ja\/notre-vision\/"]}]},{"@type":"BreadcrumbList","@id":"https:\/\/2-be-one.com\/ja\/notre-vision\/#breadcrumb","itemListElement":[{"@type":"ListItem","position":1,"name":"Accueil","item":"https:\/\/2-be-one.com\/ja\/"},{"@type":"ListItem","position":2,"name":"\u30d3\u30b8\u30e7\u30f3"}]},{"@type":"WebSite","@id":"https:\/\/2-be-one.com\/ja\/#website","url":"https:\/\/2-be-one.com\/ja\/","name":"2 be one","description":"1 NOUVELLE G\u00c9N\u00c9RATION DE HOODIES EST N\u00c9E","potentialAction":[{"@type":"SearchAction","target":{"@type":"EntryPoint","urlTemplate":"https:\/\/2-be-one.com\/ja\/?s={search_term_string}"},"query-input":{"@type":"PropertyValueSpecification","valueRequired":true,"valueName":"search_term_string"}}],"inLanguage":"ja"}]}},"jetpack_sharing_enabled":true,"_links":{"self":[{"href":"https:\/\/2-be-one.com\/ja\/wp-json\/wp\/v2\/pages\/6861","targetHints":{"allow":["GET"]}}],"collection":[{"href":"https:\/\/2-be-one.com\/ja\/wp-json\/wp\/v2\/pages"}],"about":[{"href":"https:\/\/2-be-one.com\/ja\/wp-json\/wp\/v2\/types\/page"}],"author":[{"embeddable":true,"href":"https:\/\/2-be-one.com\/ja\/wp-json\/wp\/v2\/users\/1"}],"replies":[{"embeddable":true,"href":"https:\/\/2-be-one.com\/ja\/wp-json\/wp\/v2\/comments?post=6861"}],"version-history":[{"count":5,"href":"https:\/\/2-be-one.com\/ja\/wp-json\/wp\/v2\/pages\/6861\/revisions"}],"predecessor-version":[{"id":7206,"href":"https:\/\/2-be-one.com\/ja\/wp-json\/wp\/v2\/pages\/6861\/revisions\/7206"}],"wp:attachment":[{"href":"https:\/\/2-be-one.com\/ja\/wp-json\/wp\/v2\/media?parent=6861"}],"curies":[{"name":"wp","href":"https:\/\/api.w.org\/{rel}","templated":true}]}}