{"id":6835,"date":"2023-06-15T18:14:26","date_gmt":"2023-06-15T16:14:26","guid":{"rendered":"https:\/\/2-be-one.com\/?page_id=6835"},"modified":"2024-12-24T10:42:14","modified_gmt":"2024-12-24T09:42:14","slug":"la-fab","status":"publish","type":"page","link":"https:\/\/2-be-one.com\/ja\/la-fab\/","title":{"rendered":"\u30b6\u30fb\u30d5\u30a1\u30d6"},"content":{"rendered":"<section class=\"wpb-content-wrapper\"><p>[vc_row css=&#8221;.vc_custom_1690989924042{margin-top: 40px !important;margin-bottom: 60px !important;}&#8221;][vc_column][vc_column_text]<\/p>\n<h2 style=\"text-align: center;\">\u30a8\u30b3\u30c7\u30b6\u30a4\u30f3<\/h2>\n<p>[\/vc_column_text][\/vc_column][\/vc_row][vc_row gap=&#8221;35&#8243;][vc_column width=&#8221;1\/2&#8243;][vc_column_text css=&#8221;.vc_custom_1709911349928{margin-bottom: 20px !important;}&#8221;]<\/p>\n<h3 style=\"font-size: 42px; font-weight: 300;\">\u30d1\u30ea\u306e\u30c7\u30b6\u30a4\u30f3\u4e8b\u52d9\u6240\u3067\u3001\u79c1\u305f\u3061\u306f\u3042\u306a\u305f\u306e\u672a\u6765\u306e\u30d1\u30fc\u30ab\u30fc\u3092\u542b\u3080\u3001\u79c1\u305f\u3061\u306e\u670d\u3092\u30a8\u30b3\u30c7\u30b6\u30a4\u30f3\u3057\u3066\u3044\u307e\u3059\u3002<\/h3>\n<p>[\/vc_column_text][vc_column_text]DECEO\u3068ADEME\u7d44\u7e54\u306e\u304a\u304b\u3052\u3067\u3001\u79c1\u305f\u3061\u306f\u5730\u7403\u3078\u306e\u5f71\u97ff\u3092\u6700\u5c0f\u9650\u306b\u6291\u3048\u3001\u512a\u308c\u305f\u30a8\u30b3\u30b9\u30b3\u30a2\u3092\u4fdd\u8a3c\u3059\u308b\u3053\u3068\u304c\u3067\u304d\u307e\u3059\u3002 \u30a8\u30b3\u30b9\u30b3\u30a2\u3068\u306f\u4f55\u3067\u3059\u304b\uff1f\u304a\u5ba2\u69d8\u306e\u8863\u670d\u304c\u74b0\u5883\u306b\u4e0e\u3048\u308b\u5f71\u97ff\u3092\u8a55\u4fa1\u3057\u305f\u3082\u306e\u3067\u3059\u3002\u901a\u6c17\u6027\u3092\u9ad8\u3081\u308b\u3053\u3068\u3067\u512a\u308c\u305f\u7740\u5fc3\u5730\u3092\u63d0\u4f9b\u3059\u308b\u3060\u3051\u3067\u306a\u304f\u3001\u79c1\u305f\u3061\u306e\u30a8\u30b3\u30fb\u30c7\u30b6\u30a4\u30f3\u30fb\u30a6\u30a7\u30a2\u306f\u3001\u30dd\u30ea\u30a8\u30b9\u30c6\u30eb\u306a\u3069\u306e\u6c5a\u67d3\u3055\u308c\u305f\u6709\u6bd2\u306a\u5408\u6210\u7d20\u6750\u3067\u4f5c\u3089\u308c\u305f\u3082\u306e\u306b\u4ee3\u308f\u308b\u3001\u74b0\u5883\u306b\u512a\u3057\u3044\u4ee3\u66ff\u54c1\u3092\u63d0\u4f9b\u3057\u307e\u3059\u3002\u30d1\u30fc\u30ab\u30fc\u3092\u4e88\u7d04\u6ce8\u6587\u3059\u308b\u969b\u306b\u306f\u3001\u5929\u7136\u7e4a\u7dad\u306e\u304a\u624b\u5165\u308c\u3068\u6d17\u6fef\u306b\u95a2\u3059\u308b\u30a2\u30c9\u30d0\u30a4\u30b9\u306b\u5f93\u3063\u3066\u304f\u3060\u3055\u3044\u3002\u3042\u306a\u305f\u306e\u8863\u670d\u306f\u3001\u6700\u9ad8\u7d1a\u306e\u30ab\u30b7\u30df\u30a2\u3068\u540c\u3058\u3088\u3046\u306b\u7279\u5225\u306a\u30b1\u30a2\u3092\u53d7\u3051\u308b\u306b\u5024\u3059\u308b\u306e\u3067\u3059\u3002[\/vc_column_text][\/vc_column][vc_column width=&#8221;1\/2&#8243; css=&#8221;.vc_custom_1690988367288{background-position: center !important;background-repeat: no-repeat !important;background-size: cover !important;}&#8221;][vc_single_image image=&#8221;2959&#8243; img_size=&#8221;full&#8221; css=&#8221;.vc_custom_1690989722082{margin-top: 10px !important;}&#8221;][\/vc_column][\/vc_row][vc_row css=&#8221;.vc_custom_1690989924042{margin-top: 40px !important;margin-bottom: 60px !important;}&#8221;][vc_column][vc_column_text]<\/p>\n<h4 style=\"text-align: center;\">\u8077\u5834\u74b0\u5883\u3068\u30d1\u30fc\u30c8\u30ca\u30fc<\/h4>\n<p>[\/vc_column_text][\/vc_column][\/vc_row][vc_row content_placement=&#8221;middle&#8221; css_animation=&#8221;fadeIn&#8221; css=&#8221;.vc_custom_1730945321364{padding-left: 30px !important;}&#8221;][vc_column css=&#8221;.vc_custom_1730944603215{padding-left: 10px !important;}&#8221;][vc_images_carousel images=&#8221;6554,6556,6558,6560,6562,6564,6710&#8243; img_size=&#8221;large&#8221; speed=&#8221;4000&#8243; slides_per_view=&#8221;3&#8243; autoplay=&#8221;yes&#8221; wrap=&#8221;yes&#8221; css_animation=&#8221;fadeIn&#8221;][\/vc_column][\/vc_row][vc_row full_width=&#8221;stretch_row&#8221; css=&#8221;.vc_custom_1731273360631{padding-top: 40px !important;padding-bottom: 40px !important;background-color: #000000 !important;}&#8221;][vc_column][vc_column_text css=&#8221;.vc_custom_1731273851292{margin-top: 20px !important;margin-bottom: 10px !important;}&#8221;]<\/p>\n<h3 style=\"text-align: center; font-size: 42px;\"><span style=\"color: #ffffff;\">\u30d1\u30fc\u30ab\u30fc\u3001\u72ec\u5360\u8ca9\u58f2\u3002<\/span><br \/>\n<span style=\"color: #ffffff;\">\u3044\u3061\u65e9\u304f\u63a1\u7528\u3057\u3088\u3046\u3002<\/span><\/h3>\n<h5><\/h5>\n<h5 style=\"text-align: center;\"><span style=\"color: #ffffff;\">\u4e88\u5b9a\u7d0d\u671f\uff1a90\u65e5<\/span><\/h5>\n<p>[\/vc_column_text][vc_btn title=&#8221;\u30d1\u30fc\u30ab\u30fc\u3092\u4e88\u7d04\u6ce8\u6587\u3059\u308b&#8221; style=&#8221;outline&#8221; shape=&#8221;round&#8221; color=&#8221;white&#8221; size=&#8221;sm&#8221; align=&#8221;center&#8221; link=&#8221;url:https%3A%2F%2F2-be-one.com%2Fproduit%2Fle-hoodie-pack%2F|title:%E3%83%91%E3%83%BC%E3%82%AB%E3%83%BC%E3%83%BB%E3%83%91%E3%83%83%E3%82%AF|&#8221; css=&#8221;.vc_custom_1731274468850{margin-top: 40px !important;margin-bottom: 20px !important;background-color: #000000 !important;}&#8221;][\/vc_column][\/vc_row][vc_row css=&#8221;.vc_custom_1690989990986{margin-bottom: 20px !important;}&#8221;][vc_column css=&#8221;.vc_custom_1690989827342{margin-top: 50px !important;margin-bottom: 30px !important;}&#8221;][vc_column_text]<\/p>\n<h3 style=\"text-align: center;\">\u5fb3\u306e\u3042\u308b\u76ee\u76842<\/h3>\n<h2 style=\"text-align: center;\">\u30a2\u30c3\u30d7\u30b5\u30a4\u30af\u30eb\uff06\u30ea\u30b5\u30a4\u30af\u30eb\u7d20\u6750<\/h2>\n<p>[\/vc_column_text][\/vc_column][\/vc_row][vc_row gap=&#8221;35&#8243;][vc_column width=&#8221;1\/2&#8243; css=&#8221;.vc_custom_1690988974090{background-position: center !important;background-repeat: no-repeat !important;background-size: cover !important;}&#8221;][vc_single_image image=&#8221;2957&#8243; img_size=&#8221;full&#8221; css=&#8221;.vc_custom_1690996008962{margin-top: 40px !important;margin-bottom: 40px !important;}&#8221;][\/vc_column][vc_column width=&#8221;1\/2&#8243;][vc_column_text]\u30a2\u30c3\u30d7\u30b5\u30a4\u30af\u30eb\u306f\u9ece\u660e\u671f\u304b\u3089\u5b58\u5728\u3057\u3066\u3044\u305f\u304c\u300190\u5e74\u4ee3\u306b\u5927\u6d41\u884c\u3057\u305f\u3002\u30d5\u30e9\u30f3\u30b9\u8a9e\u3067\u306f\u300c\u30b7\u30e5\u30fc\u30eb\u30b5\u30a4\u30af\u30e9\u30fc\u30b8\u30e5\uff08surcyclage\uff09\u300d\u307e\u305f\u306f\u300c\u30a2\u30c3\u30d7\u30b5\u30a4\u30af\u30ea\u30f3\u30b0\uff08upcycling\uff09\u300d\u3068\u547c\u3070\u308c\u308b\u3002<br \/>\n\u30a2\u30c3\u30d7\u30b5\u30a4\u30af\u30eb\u306f\u3001\u5316\u5b66\u7684\u306a\u51e6\u7406\u3084\u5927\u91cf\u306e\u6c34\u3092\u4f7f\u7528\u3059\u308b\u3088\u3046\u306a\u7d20\u6750\u4f5c\u308a\u3092\u4f34\u308f\u306a\u3044\u3002\u30d5\u30a1\u30b9\u30c8\u30d5\u30a1\u30c3\u30b7\u30e7\u30f3\u3068\u7d50\u3073\u3064\u3044\u305f\u904e\u53bb\u306e\u904e\u3061\u3067\u3042\u308b\u3001\u7e4a\u7dad\u5ec3\u68c4\u7269\u306e\u5c71\u3084\u5ddd\u3084\u6d77\u306e\u6c5a\u67d3\u306b\u6b6f\u6b62\u3081\u3092\u304b\u3051\u308b\u305f\u3081\u306b\u3001\u30a2\u30c3\u30d7\u30b5\u30a4\u30af\u30eb\u306f\u672a\u6765\u306e\u4eba\u3005\u306b\u670d\u3092\u7740\u305b\u308b\u305f\u3081\u306e\u6700\u3082\u8ce2\u660e\u306a\u65b9\u6cd5\u3067\u3042\u308b\u3068\u601d\u308f\u308c\u308b\u3002[\/vc_column_text][\/vc_column][\/vc_row][vc_row gap=&#8221;35&#8243; css=&#8221;.vc_custom_1698868842642{margin-top: 40px !important;margin-bottom: 20px !important;}&#8221;][vc_column width=&#8221;1\/2&#8243;][vc_column_text]2 BE ONE\u306f\u3001\u9650\u5b9a\u7684\u306a\u30a2\u30c3\u30d7\u30b5\u30a4\u30af\u30eb\u30b3\u30ec\u30af\u30b7\u30e7\u30f3\u3092\u4f5c\u308a\u305f\u3044\u3060\u3051\u3067\u306a\u304f\u3001\u7d20\u6750\u306e\u518d\u5229\u7528\u306b\u3082\u53d6\u308a\u7d44\u3093\u3067\u3044\u308b\u3002\u4f11\u7720\u5728\u5eab\u3084\u58f2\u308c\u6b8b\u308a\u306e\u30a2\u30a4\u30c6\u30e0\u304b\u3089\u65b0\u3057\u3044\u751f\u5730\u3092\u4f7f\u7528\u3057\u3001\u7279\u5225\u306a\u8863\u670d\u3092\u5236\u4f5c\u3059\u308b\u3002\u7279\u306b\u30d1\u30fc\u30ab\u30fc\u306e\u30d5\u30fc\u30c9\u3092\u4f5c\u308b\u305f\u3081\u306b\u3001\u4e00\u6d41\u30d6\u30e9\u30f3\u30c9\u3068\u30d1\u30fc\u30c8\u30ca\u30fc\u30b7\u30c3\u30d7\u3092\u7d50\u3073\u3001\u672a\u4f7f\u7528\u306e\u751f\u5730\u3092\u878d\u5408\u3055\u305b\u308b\u3053\u3068\u3092\u60f3\u5b9a\u3057\u3066\u3044\u307e\u3059\u3002\u79c1\u305f\u3061\u306e\u30b3\u30f3\u30bb\u30d7\u30c8\u3068\u4fa1\u5024\u89b3\u306b\u3054\u8cdb\u540c\u3044\u305f\u3060\u3051\u308b\u30c6\u30ad\u30b9\u30bf\u30a4\u30eb\u30fb\u30d6\u30e9\u30f3\u30c9\u306e\u7686\u69d8\u3001 <span style=\"color: #00ff00;\"><a style=\"color: #00ff00;\" href=\"https:\/\/2-be-one.com\/ja\/contact\/\">\u307e\u3067\u3054\u9023\u7d61\u304f\u3060\u3055\u3044\u3002<\/a><\/span>.[\/vc_column_text][\/vc_column][vc_column width=&#8221;1\/2&#8243; css=&#8221;.vc_custom_1690988367288{background-position: center !important;background-repeat: no-repeat !important;background-size: cover !important;}&#8221;][vc_single_image image=&#8221;2958&#8243; img_size=&#8221;full&#8221; css=&#8221;.vc_custom_1690995997963{margin-top: 40px !important;margin-bottom: 40px !important;}&#8221;][\/vc_column][\/vc_row]<\/p>\n<\/section>","protected":false},"excerpt":{"rendered":"<p>[vc_row css=&#038;#8&hellip;<\/p>\n","protected":false},"author":1,"featured_media":0,"parent":0,"menu_order":0,"comment_status":"closed","ping_status":"closed","template":"","meta":{"_acf_changed":false,"footnotes":""},"class_list":["post-6835","page","type-page","status-publish","hentry"],"acf":[],"yoast_head":"<!-- This site is optimized with the Yoast SEO plugin v23.8 - https:\/\/yoast.com\/wordpress\/plugins\/seo\/ -->\n<title>\u30b6\u30fb\u30d5\u30a1\u30d6 | 2 be one \u30d1\u30fc\u30ab\u30fc\u306e\u30c7\u30b6\u30a4\u30f3\u306f\uff1f<\/title>\n<meta name=\"description\" content=\"\u30a8\u30b3\u30c7\u30b6\u30a4\u30f3\u3067\u3001\u3042\u306a\u305f\u306e\u30d1\u30fc\u30ab\u30fc\u304c\u3069\u306e\u3088\u3046\u306b\u30d5\u30e9\u30f3\u30b9\u3067\u4f5c\u3089\u308c\u3001\u3069\u306e\u3088\u3046\u306b2\u3067\u3042\u308b\u3053\u3068\u304c\u74b0\u5883\u306b\u30b3\u30df\u30c3\u30c8\u3057\u3066\u3044\u308b\u304b\u3092\u77e5\u308b\u3002\" \/>\n<meta name=\"robots\" content=\"index, follow, max-snippet:-1, max-image-preview:large, max-video-preview:-1\" \/>\n<link rel=\"canonical\" href=\"https:\/\/2-be-one.com\/ja\/la-fab\/\" \/>\n<meta property=\"og:locale\" content=\"ja_JP\" \/>\n<meta property=\"og:type\" content=\"article\" \/>\n<meta property=\"og:title\" content=\"\u30b6\u30fb\u30d5\u30a1\u30d6 | 2 be one \u30d1\u30fc\u30ab\u30fc\u306e\u30c7\u30b6\u30a4\u30f3\u306f\uff1f\" \/>\n<meta property=\"og:description\" content=\"\u30a8\u30b3\u30c7\u30b6\u30a4\u30f3\u3067\u3001\u3042\u306a\u305f\u306e\u30d1\u30fc\u30ab\u30fc\u304c\u3069\u306e\u3088\u3046\u306b\u30d5\u30e9\u30f3\u30b9\u3067\u4f5c\u3089\u308c\u3001\u3069\u306e\u3088\u3046\u306b2\u3067\u3042\u308b\u3053\u3068\u304c\u74b0\u5883\u306b\u30b3\u30df\u30c3\u30c8\u3057\u3066\u3044\u308b\u304b\u3092\u77e5\u308b\u3002\" \/>\n<meta property=\"og:url\" content=\"https:\/\/2-be-one.com\/ja\/la-fab\/\" \/>\n<meta property=\"og:site_name\" content=\"2 be one\" \/>\n<meta property=\"article:modified_time\" content=\"2024-12-24T09:42:14+00:00\" \/>\n<meta name=\"twitter:card\" content=\"summary_large_image\" \/>\n<meta name=\"twitter:label1\" content=\"\u63a8\u5b9a\u8aad\u307f\u53d6\u308a\u6642\u9593\" \/>\n\t<meta name=\"twitter:data1\" content=\"1\u5206\" \/>\n<script type=\"application\/ld+json\" class=\"yoast-schema-graph\">{\"@context\":\"https:\/\/schema.org\",\"@graph\":[{\"@type\":\"WebPage\",\"@id\":\"https:\/\/2-be-one.com\/ja\/la-fab\/\",\"url\":\"https:\/\/2-be-one.com\/ja\/la-fab\/\",\"name\":\"\u30b6\u30fb\u30d5\u30a1\u30d6 | 2 be one \u30d1\u30fc\u30ab\u30fc\u306e\u30c7\u30b6\u30a4\u30f3\u306f\uff1f\",\"isPartOf\":{\"@id\":\"https:\/\/2-be-one.com\/ja\/#website\"},\"datePublished\":\"2023-06-15T16:14:26+00:00\",\"dateModified\":\"2024-12-24T09:42:14+00:00\",\"description\":\"\u30a8\u30b3\u30c7\u30b6\u30a4\u30f3\u3067\u3001\u3042\u306a\u305f\u306e\u30d1\u30fc\u30ab\u30fc\u304c\u3069\u306e\u3088\u3046\u306b\u30d5\u30e9\u30f3\u30b9\u3067\u4f5c\u3089\u308c\u3001\u3069\u306e\u3088\u3046\u306b2\u3067\u3042\u308b\u3053\u3068\u304c\u74b0\u5883\u306b\u30b3\u30df\u30c3\u30c8\u3057\u3066\u3044\u308b\u304b\u3092\u77e5\u308b\u3002\",\"breadcrumb\":{\"@id\":\"https:\/\/2-be-one.com\/ja\/la-fab\/#breadcrumb\"},\"inLanguage\":\"ja\",\"potentialAction\":[{\"@type\":\"ReadAction\",\"target\":[\"https:\/\/2-be-one.com\/ja\/la-fab\/\"]}]},{\"@type\":\"BreadcrumbList\",\"@id\":\"https:\/\/2-be-one.com\/ja\/la-fab\/#breadcrumb\",\"itemListElement\":[{\"@type\":\"ListItem\",\"position\":1,\"name\":\"Accueil\",\"item\":\"https:\/\/2-be-one.com\/ja\/\"},{\"@type\":\"ListItem\",\"position\":2,\"name\":\"\u30b6\u30fb\u30d5\u30a1\u30d6\"}]},{\"@type\":\"WebSite\",\"@id\":\"https:\/\/2-be-one.com\/ja\/#website\",\"url\":\"https:\/\/2-be-one.com\/ja\/\",\"name\":\"2 be one\",\"description\":\"1 NOUVELLE G\u00c9N\u00c9RATION DE HOODIES EST N\u00c9E\",\"potentialAction\":[{\"@type\":\"SearchAction\",\"target\":{\"@type\":\"EntryPoint\",\"urlTemplate\":\"https:\/\/2-be-one.com\/ja\/?s={search_term_string}\"},\"query-input\":{\"@type\":\"PropertyValueSpecification\",\"valueRequired\":true,\"valueName\":\"search_term_string\"}}],\"inLanguage\":\"ja\"}]}<\/script>\n<!-- \/ Yoast SEO plugin. -->","yoast_head_json":{"title":"\u30b6\u30fb\u30d5\u30a1\u30d6 | 2 be one \u30d1\u30fc\u30ab\u30fc\u306e\u30c7\u30b6\u30a4\u30f3\u306f\uff1f","description":"\u30a8\u30b3\u30c7\u30b6\u30a4\u30f3\u3067\u3001\u3042\u306a\u305f\u306e\u30d1\u30fc\u30ab\u30fc\u304c\u3069\u306e\u3088\u3046\u306b\u30d5\u30e9\u30f3\u30b9\u3067\u4f5c\u3089\u308c\u3001\u3069\u306e\u3088\u3046\u306b2\u3067\u3042\u308b\u3053\u3068\u304c\u74b0\u5883\u306b\u30b3\u30df\u30c3\u30c8\u3057\u3066\u3044\u308b\u304b\u3092\u77e5\u308b\u3002","robots":{"index":"index","follow":"follow","max-snippet":"max-snippet:-1","max-image-preview":"max-image-preview:large","max-video-preview":"max-video-preview:-1"},"canonical":"https:\/\/2-be-one.com\/ja\/la-fab\/","og_locale":"ja_JP","og_type":"article","og_title":"\u30b6\u30fb\u30d5\u30a1\u30d6 | 2 be one \u30d1\u30fc\u30ab\u30fc\u306e\u30c7\u30b6\u30a4\u30f3\u306f\uff1f","og_description":"\u30a8\u30b3\u30c7\u30b6\u30a4\u30f3\u3067\u3001\u3042\u306a\u305f\u306e\u30d1\u30fc\u30ab\u30fc\u304c\u3069\u306e\u3088\u3046\u306b\u30d5\u30e9\u30f3\u30b9\u3067\u4f5c\u3089\u308c\u3001\u3069\u306e\u3088\u3046\u306b2\u3067\u3042\u308b\u3053\u3068\u304c\u74b0\u5883\u306b\u30b3\u30df\u30c3\u30c8\u3057\u3066\u3044\u308b\u304b\u3092\u77e5\u308b\u3002","og_url":"https:\/\/2-be-one.com\/ja\/la-fab\/","og_site_name":"2 be one","article_modified_time":"2024-12-24T09:42:14+00:00","twitter_card":"summary_large_image","twitter_misc":{"\u63a8\u5b9a\u8aad\u307f\u53d6\u308a\u6642\u9593":"1\u5206"},"schema":{"@context":"https:\/\/schema.org","@graph":[{"@type":"WebPage","@id":"https:\/\/2-be-one.com\/ja\/la-fab\/","url":"https:\/\/2-be-one.com\/ja\/la-fab\/","name":"\u30b6\u30fb\u30d5\u30a1\u30d6 | 2 be one \u30d1\u30fc\u30ab\u30fc\u306e\u30c7\u30b6\u30a4\u30f3\u306f\uff1f","isPartOf":{"@id":"https:\/\/2-be-one.com\/ja\/#website"},"datePublished":"2023-06-15T16:14:26+00:00","dateModified":"2024-12-24T09:42:14+00:00","description":"\u30a8\u30b3\u30c7\u30b6\u30a4\u30f3\u3067\u3001\u3042\u306a\u305f\u306e\u30d1\u30fc\u30ab\u30fc\u304c\u3069\u306e\u3088\u3046\u306b\u30d5\u30e9\u30f3\u30b9\u3067\u4f5c\u3089\u308c\u3001\u3069\u306e\u3088\u3046\u306b2\u3067\u3042\u308b\u3053\u3068\u304c\u74b0\u5883\u306b\u30b3\u30df\u30c3\u30c8\u3057\u3066\u3044\u308b\u304b\u3092\u77e5\u308b\u3002","breadcrumb":{"@id":"https:\/\/2-be-one.com\/ja\/la-fab\/#breadcrumb"},"inLanguage":"ja","potentialAction":[{"@type":"ReadAction","target":["https:\/\/2-be-one.com\/ja\/la-fab\/"]}]},{"@type":"BreadcrumbList","@id":"https:\/\/2-be-one.com\/ja\/la-fab\/#breadcrumb","itemListElement":[{"@type":"ListItem","position":1,"name":"Accueil","item":"https:\/\/2-be-one.com\/ja\/"},{"@type":"ListItem","position":2,"name":"\u30b6\u30fb\u30d5\u30a1\u30d6"}]},{"@type":"WebSite","@id":"https:\/\/2-be-one.com\/ja\/#website","url":"https:\/\/2-be-one.com\/ja\/","name":"2 be one","description":"1 NOUVELLE G\u00c9N\u00c9RATION DE HOODIES EST N\u00c9E","potentialAction":[{"@type":"SearchAction","target":{"@type":"EntryPoint","urlTemplate":"https:\/\/2-be-one.com\/ja\/?s={search_term_string}"},"query-input":{"@type":"PropertyValueSpecification","valueRequired":true,"valueName":"search_term_string"}}],"inLanguage":"ja"}]}},"jetpack_sharing_enabled":true,"_links":{"self":[{"href":"https:\/\/2-be-one.com\/ja\/wp-json\/wp\/v2\/pages\/6835","targetHints":{"allow":["GET"]}}],"collection":[{"href":"https:\/\/2-be-one.com\/ja\/wp-json\/wp\/v2\/pages"}],"about":[{"href":"https:\/\/2-be-one.com\/ja\/wp-json\/wp\/v2\/types\/page"}],"author":[{"embeddable":true,"href":"https:\/\/2-be-one.com\/ja\/wp-json\/wp\/v2\/users\/1"}],"replies":[{"embeddable":true,"href":"https:\/\/2-be-one.com\/ja\/wp-json\/wp\/v2\/comments?post=6835"}],"version-history":[{"count":5,"href":"https:\/\/2-be-one.com\/ja\/wp-json\/wp\/v2\/pages\/6835\/revisions"}],"predecessor-version":[{"id":7205,"href":"https:\/\/2-be-one.com\/ja\/wp-json\/wp\/v2\/pages\/6835\/revisions\/7205"}],"wp:attachment":[{"href":"https:\/\/2-be-one.com\/ja\/wp-json\/wp\/v2\/media?parent=6835"}],"curies":[{"name":"wp","href":"https:\/\/api.w.org\/{rel}","templated":true}]}}