{"id":6816,"date":"2023-06-15T18:14:26","date_gmt":"2023-06-15T16:14:26","guid":{"rendered":"https:\/\/2-be-one.com\/?page_id=6816"},"modified":"2024-12-24T11:13:30","modified_gmt":"2024-12-24T10:13:30","slug":"proof-of-concept","status":"publish","type":"page","link":"https:\/\/2-be-one.com\/ja\/proof-of-concept\/","title":{"rendered":"\u6982\u5ff5\u5b9f\u8a3c"},"content":{"rendered":"<section class=\"wpb-content-wrapper\"><p>[vc_row css=&#8221;.vc_custom_1690996119182{margin-top: 40px !important;margin-bottom: 40px !important;}&#8221;][vc_column][vc_column_text]<\/p>\n<h5>\u3042\u3089\u3086\u308b\u72b6\u6cc1\u306b\u30d1\u30fc\u30ab\u30fc\u3092\u9069\u5fdc\u3055\u305b\u3001\u30b3\u30fc\u30c9\u3067\u904a\u3076\u3002<\/h5>\n<p>\u305d\u308c\u305e\u308c\u306e\u30d5\u30fc\u30c9\u30ab\u30e9\u30fc\u306f\u3001\u500b\u6027\u7684\u306a\u30a2\u30af\u30bb\u30b5\u30ea\u30fc\u3068\u3057\u3066\u3001\u30e9\u30a4\u30d5\u30b9\u30bf\u30a4\u30eb\u3084\u30a2\u30af\u30c6\u30a3\u30d3\u30c6\u30a3\u3001\u6642\u9593\u5e2f\u3084\u76ee\u7684\u5730\u306b\u5fdc\u3058\u3066\u3001\u3042\u306a\u305f\u306e\u30eb\u30c3\u30af\u3092\u5909\u8eab\u3055\u305b\u308b\u6a5f\u4f1a\u3092\u63d0\u4f9b\u3057\u307e\u3059\u3002[\/vc_column_text][\/vc_column][\/vc_row][vc_row css=&#8221;.vc_custom_1698865311307{margin-bottom: 80px !important;}&#8221;][vc_column width=&#8221;1\/2&#8243;][vc_column_text css=&#8221;.vc_custom_1690968184346{margin-bottom: 20px !important;}&#8221;]<\/p>\n<h2>\u30d9\u30fc\u30b9\uff06\u30d5\u30fc\u30c9<\/h2>\n<p>[\/vc_column_text][vc_column_text css=&#8221;.vc_custom_1725996076933{margin-bottom: 30px !important;}&#8221;]\u4eca\u65e5\u3001\u79c1\u305f\u3061\u306f\u30d1\u30fc\u30ab\u30fc\u306e\u30d9\u30fc\u30b9\u306b<strong>3\u3064\u306e\u30aa\u30d7\u30b7\u30e7\u30f3\u3092<\/strong>\u63d0\u4f9b\u3057\u3066\u3044\u307e\u3059\uff1a<strong>\u30c7\u30a3\u30fc\u30d7\u30d6\u30e9\u30c3\u30af<\/strong>\u3001\u5f37\u3044\u30b3\u30f3\u30c8\u30e9\u30b9\u30c8\u306e<strong>\u30aa\u30d7\u30c6\u30a3\u30ab\u30eb\u30db\u30ef\u30a4\u30c8<\/strong>\u3001\u305d\u3057\u3066\u63a7\u3048\u3081\u306a<strong>\u30cd\u30a4\u30d3\u30fc\u30d6\u30eb\u30fc<\/strong>\u3002\u30d1\u30fc\u30ab\u30fc\u306e\u30ab\u30e9\u30fc\u306f\u5b9a\u671f\u7684\u306b\u5165\u308c\u66ff\u308f\u308a\u3001\u5b9a\u756a\u306e\u30d6\u30e9\u30c3\u30af\u3068\u30db\u30ef\u30a4\u30c8\u306b\u52a0\u3048\u3001\u300cPOP\u300d\u307e\u305f\u306f\u300cNATURAL\u300d\u304b\u3089\u304a\u9078\u3073\u3044\u305f\u3060\u3051\u307e\u3059\u3002\u671f\u9593\u9650\u5b9a\u306e\u9650\u5b9a\u30ab\u30e9\u30fc\u3082\u3042\u308a\u3001\u5e38\u306b\u30e9\u30a4\u30f3\u30ca\u30c3\u30d7\u3092\u62e1\u5927\u3057\u3066\u3044\u307e\u3059\u3002<strong>FUSION\u00ae ZIP\u306f<\/strong>\u3001\u30d5\u30fc\u30c9\u306e\u30ab\u30e9\u30fc\u3068\u30d1\u30fc\u30ab\u30fc\u306e\u30d9\u30fc\u30b9\u306e\u30ab\u30e9\u30fc\u3092\u30ea\u30f3\u30af\u3055\u305b\u308b\u3053\u3068\u3067\u3001\u30e2\u30c0\u30f3\u306a\u30bf\u30c3\u30c1\u3092\u52a0\u3048\u3066\u3044\u307e\u3059\u3002\u79c1\u305f\u3061\u306e\u30b9\u30ed\u30fc\u30ac\u30f3\u3084\u30ed\u30b4\u306f\u5e74\u3005\u9032\u5316\u3057\u3001\u88fd\u54c1\u306e\u5e0c\u5c11\u6027\u3092\u8a3c\u660e\u3057\u3066\u3044\u307e\u3059\u3002[\/vc_column_text][vc_btn title=&#8221;\u30d5\u30a1\u30d6\u306b\u3064\u3044\u3066\u3082\u3063\u3068\u77e5\u308b&#8221; style=&#8221;custom&#8221; custom_background=&#8221;#000000&#8243; custom_text=&#8221;#ffffff&#8221; shape=&#8221;square&#8221; size=&#8221;sm&#8221; align=&#8221;left&#8221; css_animation=&#8221;fadeIn&#8221; el_class=&#8221;button-2bone&#8221; link=&#8221;url:https%3A%2F%2F2-be-one.com%2Fja%2Fla-fab%2F|title:%E3%82%B6%E3%83%BB%E3%83%95%E3%82%A1%E3%83%96&#8243;][\/vc_column][vc_column width=&#8221;1\/2&#8243; css=&#8221;.vc_custom_1690977811375{background-position: center !important;background-repeat: no-repeat !important;background-size: cover !important;}&#8221;][vc_single_image image=&#8221;4012&#8243; img_size=&#8221;full&#8221; alignment=&#8221;center&#8221; css=&#8221;.vc_custom_1702726695792{margin-top: 15px !important;}&#8221;][\/vc_column][\/vc_row][vc_row][vc_column width=&#8221;1\/2&#8243;][\/vc_column][vc_column width=&#8221;1\/2&#8243; css=&#8221;.vc_custom_1690977811375{background-position: center !important;background-repeat: no-repeat !important;background-size: cover !important;}&#8221;][\/vc_column][vc_column][vc_separator color=&#8221;custom&#8221; css_animation=&#8221;fadeIn&#8221; accent_color=&#8221;#000000&#8243;][\/vc_column][\/vc_row][vc_row full_width=&#8221;stretch_row&#8221; disable_element=&#8221;yes&#8221; css=&#8221;.vc_custom_1732100061101{padding-top: 40px !important;background-color: #ffffff !important;}&#8221;][vc_column][vc_column_text]<\/p>\n<h2 style=\"text-align: center;\"><span style=\"color: #00ff00;\">\u4fa1\u683c<\/span><\/h2>\n<p style=\"text-align: center;\"><span style=\"color: #00ff00;\">\u30e6\u30cb\u30fc\u30af\u3067\u77e5\u7684\u306a\u3001\u7206\u767a\u7684\u306a\u30b9\u30bf\u30a4\u30eb\u3092\u8eab\u306b\u3064\u3051\u3088\u3046\uff01<\/span><\/p>\n<p>[\/vc_column_text][\/vc_column][\/vc_row][vc_row full_width=&#8221;stretch_row&#8221; equal_height=&#8221;yes&#8221; content_placement=&#8221;middle&#8221; disable_element=&#8221;yes&#8221; css=&#8221;.vc_custom_1732100080484{padding-top: 10px !important;padding-bottom: 60px !important;background-color: #ffffff !important;}&#8221;][vc_column width=&#8221;1\/2&#8243; css=&#8221;.vc_custom_1699033349177{padding-right: -10px !important;}&#8221;][vc_column_text]<\/p>\n<h3 style=\"font-family: Caveat; font-size: 100px; text-align: center;\"><span style=\"color: #000000;\">400\u20ac<\/span><\/h3>\n<p>[\/vc_column_text][vc_column_text css=&#8221;.vc_custom_1698865105134{margin-top: -10px !important;}&#8221;]<\/p>\n<p style=\"text-align: center;\"><span style=\"color: #00ff00;\">\u30d1\u30fc\u30ab\u30fc\u30fb\u30d1\u30c3\u30af<\/span><\/p>\n<p>[\/vc_column_text][\/vc_column][vc_column width=&#8221;1\/2&#8243; css=&#8221;.vc_custom_1699033364456{padding-left: -10px !important;}&#8221;][vc_column_text]<\/p>\n<h3 style=\"font-family: Caveat; font-size: 100px; text-align: center;\"><span style=\"color: #000000;\">110\u20ac<\/span><\/h3>\n<p>[\/vc_column_text][vc_column_text]<\/p>\n<p style=\"text-align: center;\"><span style=\"color: #00ff00;\">\u8ffd\u52a0\u30d5\u30fc\u30c9<\/span><\/p>\n<p>[\/vc_column_text][\/vc_column][\/vc_row][vc_row][vc_column][vc_separator color=&#8221;custom&#8221; css_animation=&#8221;fadeIn&#8221; accent_color=&#8221;#000000&#8243;][\/vc_column][\/vc_row][vc_row css=&#8221;.vc_custom_1690996348503{margin-top: 40px !important;}&#8221;][vc_column css=&#8221;.vc_custom_1690978893159{margin-top: 30px !important;}&#8221;][vc_column_text]\u79c1\u305f\u3061\u306e\u30d1\u30fc\u30ab\u30fc\u306f\u30d5\u30e9\u30f3\u30b9\u3067\u6700\u9ad8\u54c1\u8cea\u306e\u57fa\u6e96\u3067\u4f5c\u3089\u308c\u3066\u3044\u307e\u3059\u3002\u5404\u30b3\u30ec\u30af\u30b7\u30e7\u30f3\u3092\u30e6\u30cb\u30fc\u30af\u306a\u3082\u306e\u306b\u3059\u308b\u3088\u3046\u52aa\u529b\u3057\u3066\u3044\u307e\u3059\u3002\u79c1\u305f\u3061\u306e\u30a8\u30b3\u30b9\u30b3\u30a2\u306f\u512a\u79c0\u3067\u3001\u30b5\u30d7\u30e9\u30a4\u30e4\u30fc\u306f\u8a8d\u8a3c\u3092\u53d7\u3051\u3066\u3044\u307e\u3059\u30022 BE ONE\u306e\u5229\u70b9\u306f\u3053\u3053\u304b\u3089\u59cb\u307e\u308a\u307e\u3059&#8230;<\/p>\n<p style=\"text-align: center;\">2 \u30d3\u30fc\u30ef\u30f3VS\u30d1\u30fc\u30ab\u30fc\u30fb\u30c7\u30e5\u30fb\u30de\u30b9\u30de\u30fc\u30b1\u30c3\u30c8<\/p>\n<p>[\/vc_column_text][vc_single_image image=&#8221;7153&#8243; img_size=&#8221;full&#8221; alignment=&#8221;center&#8221;][\/vc_column][\/vc_row][vc_row gap=&#8221;10&#8243; content_placement=&#8221;middle&#8221; css=&#8221;.vc_custom_1702891481707{margin-top: 40px !important;}&#8221;][vc_column width=&#8221;1\/3&#8243; css=&#8221;.vc_custom_1698863159093{margin-top: 30px !important;}&#8221;][vc_single_image image=&#8221;3317&#8243; img_size=&#8221;1200&#215;300&#8243; alignment=&#8221;center&#8221; css=&#8221;.vc_custom_1702893356440{background-position: center !important;background-repeat: no-repeat !important;background-size: cover !important;}&#8221;][\/vc_column][vc_column width=&#8221;1\/3&#8243;][vc_single_image image=&#8221;3319&#8243; img_size=&#8221;200&#215;200&#8243; alignment=&#8221;center&#8221; css=&#8221;.vc_custom_1702891537026{background-position: center !important;background-repeat: no-repeat !important;background-size: cover !important;}&#8221;][\/vc_column][vc_column width=&#8221;1\/3&#8243;][vc_single_image image=&#8221;3318&#8243; img_size=&#8221;900&#215;400&#8243; alignment=&#8221;center&#8221; css=&#8221;.vc_custom_1702891983607{background-position: center !important;background-repeat: no-repeat !important;background-size: cover !important;}&#8221;][\/vc_column][\/vc_row][vc_row css=&#8221;.vc_custom_1702893449310{margin-top: 20px !important;}&#8221;][vc_column css=&#8221;.vc_custom_1690978893159{margin-top: 30px !important;}&#8221;][vc_btn title=&#8221;\u30d1\u30fc\u30ab\u30fc\u3092\u4e88\u7d04\u6ce8\u6587\u3059\u308b&#8221; style=&#8221;custom&#8221; custom_background=&#8221;#000000&#8243; custom_text=&#8221;#ffffff&#8221; shape=&#8221;square&#8221; align=&#8221;left&#8221; css_animation=&#8221;fadeIn&#8221; el_class=&#8221;button-2bone&#8221; css=&#8221;.vc_custom_1730942167674{margin-top: 20px !important;}&#8221; link=&#8221;url:https%3A%2F%2F2-be-one.com%2Fproduit%2Fle-hoodie-pack%2F|title:%E3%83%91%E3%83%BC%E3%82%AB%E3%83%BC%E3%83%BB%E3%83%91%E3%83%83%E3%82%AF|&#8221;][\/vc_column][\/vc_row]<\/p>\n<\/section>","protected":false},"excerpt":{"rendered":"<p>[vc_row css=&#038;#8&hellip;<\/p>\n","protected":false},"author":1,"featured_media":0,"parent":0,"menu_order":0,"comment_status":"closed","ping_status":"closed","template":"","meta":{"_acf_changed":false,"footnotes":""},"class_list":["post-6816","page","type-page","status-publish","hentry"],"acf":[],"yoast_head":"<!-- This site is optimized with the Yoast SEO plugin v23.8 - https:\/\/yoast.com\/wordpress\/plugins\/seo\/ -->\n<title>\u6982\u5ff5\u5b9f\u8a3c | 2 be one \u79c1\u305f\u3061\u306e\u30b3\u30f3\u30bb\u30d7\u30c8\u3068\u30b3\u30df\u30c3\u30c8\u30e1\u30f3\u30c8<\/title>\n<meta name=\"description\" content=\"\u30d1\u30fc\u30ab\u30fc\u306b\u3064\u3044\u3066\u3082\u3063\u3068\u77e5\u308a\u305f\u3044\u3067\u3059\u304b\uff1f\u3053\u3053\u3067\u306f\u3001\u305d\u306e\u30b3\u30f3\u30bb\u30d7\u30c8\u3068\u8cac\u4efb\u3042\u308b\u30c6\u30ad\u30b9\u30bf\u30a4\u30eb\u30fb\u30c7\u30b6\u30a4\u30f3\u3078\u306e\u3053\u3060\u308f\u308a\u306b\u3064\u3044\u3066\u3054\u8aac\u660e\u3057\u307e\u3059\uff01\" \/>\n<meta name=\"robots\" content=\"index, follow, max-snippet:-1, max-image-preview:large, max-video-preview:-1\" \/>\n<link rel=\"canonical\" href=\"https:\/\/2-be-one.com\/ja\/proof-of-concept\/\" \/>\n<meta property=\"og:locale\" content=\"ja_JP\" \/>\n<meta property=\"og:type\" content=\"article\" \/>\n<meta property=\"og:title\" content=\"\u6982\u5ff5\u5b9f\u8a3c | 2 be one \u79c1\u305f\u3061\u306e\u30b3\u30f3\u30bb\u30d7\u30c8\u3068\u30b3\u30df\u30c3\u30c8\u30e1\u30f3\u30c8\" \/>\n<meta property=\"og:description\" content=\"\u30d1\u30fc\u30ab\u30fc\u306b\u3064\u3044\u3066\u3082\u3063\u3068\u77e5\u308a\u305f\u3044\u3067\u3059\u304b\uff1f\u3053\u3053\u3067\u306f\u3001\u305d\u306e\u30b3\u30f3\u30bb\u30d7\u30c8\u3068\u8cac\u4efb\u3042\u308b\u30c6\u30ad\u30b9\u30bf\u30a4\u30eb\u30fb\u30c7\u30b6\u30a4\u30f3\u3078\u306e\u3053\u3060\u308f\u308a\u306b\u3064\u3044\u3066\u3054\u8aac\u660e\u3057\u307e\u3059\uff01\" \/>\n<meta property=\"og:url\" content=\"https:\/\/2-be-one.com\/ja\/proof-of-concept\/\" \/>\n<meta property=\"og:site_name\" content=\"2 be one\" \/>\n<meta property=\"article:modified_time\" content=\"2024-12-24T10:13:30+00:00\" \/>\n<meta name=\"twitter:card\" content=\"summary_large_image\" \/>\n<meta name=\"twitter:label1\" content=\"\u63a8\u5b9a\u8aad\u307f\u53d6\u308a\u6642\u9593\" \/>\n\t<meta name=\"twitter:data1\" content=\"2\u5206\" \/>\n<script type=\"application\/ld+json\" class=\"yoast-schema-graph\">{\"@context\":\"https:\/\/schema.org\",\"@graph\":[{\"@type\":\"WebPage\",\"@id\":\"https:\/\/2-be-one.com\/ja\/proof-of-concept\/\",\"url\":\"https:\/\/2-be-one.com\/ja\/proof-of-concept\/\",\"name\":\"\u6982\u5ff5\u5b9f\u8a3c | 2 be one \u79c1\u305f\u3061\u306e\u30b3\u30f3\u30bb\u30d7\u30c8\u3068\u30b3\u30df\u30c3\u30c8\u30e1\u30f3\u30c8\",\"isPartOf\":{\"@id\":\"https:\/\/2-be-one.com\/ja\/#website\"},\"datePublished\":\"2023-06-15T16:14:26+00:00\",\"dateModified\":\"2024-12-24T10:13:30+00:00\",\"description\":\"\u30d1\u30fc\u30ab\u30fc\u306b\u3064\u3044\u3066\u3082\u3063\u3068\u77e5\u308a\u305f\u3044\u3067\u3059\u304b\uff1f\u3053\u3053\u3067\u306f\u3001\u305d\u306e\u30b3\u30f3\u30bb\u30d7\u30c8\u3068\u8cac\u4efb\u3042\u308b\u30c6\u30ad\u30b9\u30bf\u30a4\u30eb\u30fb\u30c7\u30b6\u30a4\u30f3\u3078\u306e\u3053\u3060\u308f\u308a\u306b\u3064\u3044\u3066\u3054\u8aac\u660e\u3057\u307e\u3059\uff01\",\"breadcrumb\":{\"@id\":\"https:\/\/2-be-one.com\/ja\/proof-of-concept\/#breadcrumb\"},\"inLanguage\":\"ja\",\"potentialAction\":[{\"@type\":\"ReadAction\",\"target\":[\"https:\/\/2-be-one.com\/ja\/proof-of-concept\/\"]}]},{\"@type\":\"BreadcrumbList\",\"@id\":\"https:\/\/2-be-one.com\/ja\/proof-of-concept\/#breadcrumb\",\"itemListElement\":[{\"@type\":\"ListItem\",\"position\":1,\"name\":\"Accueil\",\"item\":\"https:\/\/2-be-one.com\/ja\/\"},{\"@type\":\"ListItem\",\"position\":2,\"name\":\"\u6982\u5ff5\u5b9f\u8a3c\"}]},{\"@type\":\"WebSite\",\"@id\":\"https:\/\/2-be-one.com\/ja\/#website\",\"url\":\"https:\/\/2-be-one.com\/ja\/\",\"name\":\"2 be one\",\"description\":\"1 NOUVELLE G\u00c9N\u00c9RATION DE HOODIES EST N\u00c9E\",\"potentialAction\":[{\"@type\":\"SearchAction\",\"target\":{\"@type\":\"EntryPoint\",\"urlTemplate\":\"https:\/\/2-be-one.com\/ja\/?s={search_term_string}\"},\"query-input\":{\"@type\":\"PropertyValueSpecification\",\"valueRequired\":true,\"valueName\":\"search_term_string\"}}],\"inLanguage\":\"ja\"}]}<\/script>\n<!-- \/ Yoast SEO plugin. -->","yoast_head_json":{"title":"\u6982\u5ff5\u5b9f\u8a3c | 2 be one \u79c1\u305f\u3061\u306e\u30b3\u30f3\u30bb\u30d7\u30c8\u3068\u30b3\u30df\u30c3\u30c8\u30e1\u30f3\u30c8","description":"\u30d1\u30fc\u30ab\u30fc\u306b\u3064\u3044\u3066\u3082\u3063\u3068\u77e5\u308a\u305f\u3044\u3067\u3059\u304b\uff1f\u3053\u3053\u3067\u306f\u3001\u305d\u306e\u30b3\u30f3\u30bb\u30d7\u30c8\u3068\u8cac\u4efb\u3042\u308b\u30c6\u30ad\u30b9\u30bf\u30a4\u30eb\u30fb\u30c7\u30b6\u30a4\u30f3\u3078\u306e\u3053\u3060\u308f\u308a\u306b\u3064\u3044\u3066\u3054\u8aac\u660e\u3057\u307e\u3059\uff01","robots":{"index":"index","follow":"follow","max-snippet":"max-snippet:-1","max-image-preview":"max-image-preview:large","max-video-preview":"max-video-preview:-1"},"canonical":"https:\/\/2-be-one.com\/ja\/proof-of-concept\/","og_locale":"ja_JP","og_type":"article","og_title":"\u6982\u5ff5\u5b9f\u8a3c | 2 be one \u79c1\u305f\u3061\u306e\u30b3\u30f3\u30bb\u30d7\u30c8\u3068\u30b3\u30df\u30c3\u30c8\u30e1\u30f3\u30c8","og_description":"\u30d1\u30fc\u30ab\u30fc\u306b\u3064\u3044\u3066\u3082\u3063\u3068\u77e5\u308a\u305f\u3044\u3067\u3059\u304b\uff1f\u3053\u3053\u3067\u306f\u3001\u305d\u306e\u30b3\u30f3\u30bb\u30d7\u30c8\u3068\u8cac\u4efb\u3042\u308b\u30c6\u30ad\u30b9\u30bf\u30a4\u30eb\u30fb\u30c7\u30b6\u30a4\u30f3\u3078\u306e\u3053\u3060\u308f\u308a\u306b\u3064\u3044\u3066\u3054\u8aac\u660e\u3057\u307e\u3059\uff01","og_url":"https:\/\/2-be-one.com\/ja\/proof-of-concept\/","og_site_name":"2 be one","article_modified_time":"2024-12-24T10:13:30+00:00","twitter_card":"summary_large_image","twitter_misc":{"\u63a8\u5b9a\u8aad\u307f\u53d6\u308a\u6642\u9593":"2\u5206"},"schema":{"@context":"https:\/\/schema.org","@graph":[{"@type":"WebPage","@id":"https:\/\/2-be-one.com\/ja\/proof-of-concept\/","url":"https:\/\/2-be-one.com\/ja\/proof-of-concept\/","name":"\u6982\u5ff5\u5b9f\u8a3c | 2 be one \u79c1\u305f\u3061\u306e\u30b3\u30f3\u30bb\u30d7\u30c8\u3068\u30b3\u30df\u30c3\u30c8\u30e1\u30f3\u30c8","isPartOf":{"@id":"https:\/\/2-be-one.com\/ja\/#website"},"datePublished":"2023-06-15T16:14:26+00:00","dateModified":"2024-12-24T10:13:30+00:00","description":"\u30d1\u30fc\u30ab\u30fc\u306b\u3064\u3044\u3066\u3082\u3063\u3068\u77e5\u308a\u305f\u3044\u3067\u3059\u304b\uff1f\u3053\u3053\u3067\u306f\u3001\u305d\u306e\u30b3\u30f3\u30bb\u30d7\u30c8\u3068\u8cac\u4efb\u3042\u308b\u30c6\u30ad\u30b9\u30bf\u30a4\u30eb\u30fb\u30c7\u30b6\u30a4\u30f3\u3078\u306e\u3053\u3060\u308f\u308a\u306b\u3064\u3044\u3066\u3054\u8aac\u660e\u3057\u307e\u3059\uff01","breadcrumb":{"@id":"https:\/\/2-be-one.com\/ja\/proof-of-concept\/#breadcrumb"},"inLanguage":"ja","potentialAction":[{"@type":"ReadAction","target":["https:\/\/2-be-one.com\/ja\/proof-of-concept\/"]}]},{"@type":"BreadcrumbList","@id":"https:\/\/2-be-one.com\/ja\/proof-of-concept\/#breadcrumb","itemListElement":[{"@type":"ListItem","position":1,"name":"Accueil","item":"https:\/\/2-be-one.com\/ja\/"},{"@type":"ListItem","position":2,"name":"\u6982\u5ff5\u5b9f\u8a3c"}]},{"@type":"WebSite","@id":"https:\/\/2-be-one.com\/ja\/#website","url":"https:\/\/2-be-one.com\/ja\/","name":"2 be one","description":"1 NOUVELLE G\u00c9N\u00c9RATION DE HOODIES EST N\u00c9E","potentialAction":[{"@type":"SearchAction","target":{"@type":"EntryPoint","urlTemplate":"https:\/\/2-be-one.com\/ja\/?s={search_term_string}"},"query-input":{"@type":"PropertyValueSpecification","valueRequired":true,"valueName":"search_term_string"}}],"inLanguage":"ja"}]}},"jetpack_sharing_enabled":true,"_links":{"self":[{"href":"https:\/\/2-be-one.com\/ja\/wp-json\/wp\/v2\/pages\/6816","targetHints":{"allow":["GET"]}}],"collection":[{"href":"https:\/\/2-be-one.com\/ja\/wp-json\/wp\/v2\/pages"}],"about":[{"href":"https:\/\/2-be-one.com\/ja\/wp-json\/wp\/v2\/types\/page"}],"author":[{"embeddable":true,"href":"https:\/\/2-be-one.com\/ja\/wp-json\/wp\/v2\/users\/1"}],"replies":[{"embeddable":true,"href":"https:\/\/2-be-one.com\/ja\/wp-json\/wp\/v2\/comments?post=6816"}],"version-history":[{"count":6,"href":"https:\/\/2-be-one.com\/ja\/wp-json\/wp\/v2\/pages\/6816\/revisions"}],"predecessor-version":[{"id":7207,"href":"https:\/\/2-be-one.com\/ja\/wp-json\/wp\/v2\/pages\/6816\/revisions\/7207"}],"wp:attachment":[{"href":"https:\/\/2-be-one.com\/ja\/wp-json\/wp\/v2\/media?parent=6816"}],"curies":[{"name":"wp","href":"https:\/\/api.w.org\/{rel}","templated":true}]}}