{"id":6794,"date":"2024-07-04T20:15:43","date_gmt":"2024-07-04T18:15:43","guid":{"rendered":"https:\/\/2-be-one.com\/?page_id=6794"},"modified":"2024-11-29T15:19:28","modified_gmt":"2024-11-29T14:19:28","slug":"full-custom","status":"publish","type":"page","link":"https:\/\/2-be-one.com\/ja\/full-custom\/","title":{"rendered":"\u30d5\u30eb\u30ab\u30b9\u30bf\u30e0"},"content":{"rendered":"<section class=\"wpb-content-wrapper\"><p>[vc_row css=&#8221;.vc_custom_1690989924042{margin-top: 40px !important;margin-bottom: 60px !important;}&#8221;][vc_column][vc_column_text]<\/p>\n<h4 style=\"text-align: center;\">\u30d7\u30ed\u30b8\u30a7\u30af\u30c8\u3092\u30ab\u30b9\u30bf\u30de\u30a4\u30ba\u3059\u308b<\/h4>\n<p>[\/vc_column_text][\/vc_column][\/vc_row][vc_row content_placement=&#8221;middle&#8221; css=&#8221;.vc_custom_1720116854887{margin-top: 30px !important;margin-bottom: 10px !important;}&#8221;][vc_column width=&#8221;1\/3&#8243;][vc_single_image image=&#8221;2949&#8243; img_size=&#8221;large&#8221; alignment=&#8221;center&#8221;][\/vc_column][vc_column width=&#8221;1\/3&#8243;][vc_single_image image=&#8221;2618&#8243; img_size=&#8221;large&#8221; alignment=&#8221;center&#8221;][\/vc_column][vc_column width=&#8221;1\/3&#8243;][vc_single_image image=&#8221;2691&#8243; img_size=&#8221;large&#8221; alignment=&#8221;center&#8221;][\/vc_column][\/vc_row][vc_row css=&#8221;.vc_custom_1720116939111{margin-bottom: 30px !important;}&#8221;][vc_column width=&#8221;1\/3&#8243;][vc_column_text]<\/p>\n<h2 style=\"text-align: center;\">\u63a5\u7d9a<\/h2>\n<p>[\/vc_column_text][vc_column_text]<\/p>\n<p style=\"text-align: center;\">\u304a\u5ba2\u69d8\u306e\u3054\u8981\u671b\u3092\u304a\u4f3a\u3044\u3044\u305f\u3057\u307e\u3059\u3002<\/p>\n<p>[\/vc_column_text][\/vc_column][vc_column width=&#8221;1\/3&#8243;][vc_column_text]<\/p>\n<h2 style=\"text-align: center;\">\u30c7\u30b6\u30a4\u30f3<\/h2>\n<p>[\/vc_column_text][vc_column_text]<\/p>\n<p style=\"text-align: center;\">\u79c1\u305f\u3061\u306f\u7684\u78ba\u306a\u30d3\u30b8\u30e5\u30a2\u30eb\u3092\u4f5c\u6210\u3057\u3001\u3042\u306a\u305f\u304c\u671b\u3080\u5916\u89b3\u3092\u78ba\u5b9f\u306b\u5b9f\u73fe\u3057\u307e\u3059\u3002<\/p>\n<p>[\/vc_column_text][\/vc_column][vc_column width=&#8221;1\/3&#8243;][vc_column_text]<\/p>\n<h2 style=\"text-align: center;\">\u5b9f\u65bd<\/h2>\n<p>[\/vc_column_text][vc_column_text]<\/p>\n<p style=\"text-align: center;\">\u79c1\u305f\u3061\u306e\u30c7\u30b6\u30a4\u30f3\u30fb\u30aa\u30d5\u30a3\u30b9\u3068\u30ef\u30fc\u30af\u30b7\u30e7\u30c3\u30d7\u306f\u3001\u3042\u306a\u305f\u306e\u30e6\u30cb\u30fc\u30af\u306a\u30d7\u30ed\u30b8\u30a7\u30af\u30c8\u3092\u5b9f\u73fe\u3059\u308b\u305f\u3081\u306b\u4ed5\u4e8b\u306b\u53d6\u308a\u639b\u304b\u308a\u307e\u3059\u3002<\/p>\n<p>[\/vc_column_text][\/vc_column][\/vc_row][vc_row gap=&#8221;35&#8243; css=&#8221;.vc_custom_1698868842642{margin-top: 40px !important;margin-bottom: 20px !important;}&#8221;][vc_column][vc_column_text]<\/p>\n<p style=\"font-weight: 400;\">\u30d5\u30eb\u30aa\u30fc\u30c0\u30fc\u30e1\u30a4\u30c9\u306e\u30d1\u30fc\u30ab\u30fc\u306f\u3001\u624b\u4f5c\u696d\u306b\u3088\u308b\u6700\u9069\u306a\u30ec\u30f3\u30c0\u30ea\u30f3\u30b0\u304c\u5fc5\u8981\u3067\u3059\u3002\u305d\u306e\u305f\u3081\u3001\u7d0d\u54c1\u306f\u4e88\u7d04\u78ba\u8a8d\u5f8c2\uff5e3\u30f6\u6708\u4ee5\u5185\u3068\u306a\u308a\u307e\u3059\u3002 <\/p>\n<p style=\"font-weight: 400;\">\u5f53\u793e\u306e\u4fa1\u683c\u306f\u3001\u4ed5\u4e0a\u3052\u306e\u30ec\u30d9\u30eb\u3084\u5fc5\u8981\u306a\u6750\u6599\u306b\u3088\u3063\u3066\u5909\u66f4\u3055\u308c\u308b\u5834\u5408\u304c\u3042\u308a\u307e\u3059\u3002\u304a\u5ba2\u69d8\u306e\u30d7\u30ed\u30b8\u30a7\u30af\u30c8\u304c\u4e88\u60f3\u4ee5\u4e0a\u306b\u8907\u96d1\u306a\u5834\u5408\u306f\u3001\u8ffd\u52a0\u306e\u7d0d\u671f\u3092\u8003\u616e\u3044\u305f\u3057\u307e\u3059\u3002 <\/p>\n<p>[\/vc_column_text][\/vc_column][\/vc_row][vc_row gap=&#8221;35&#8243; css=&#8221;.vc_custom_1698868842642{margin-top: 40px !important;margin-bottom: 20px !important;}&#8221;][vc_column]\n<div class=\"wpcf7 no-js\" id=\"wpcf7-f7203-o1\" lang=\"ja\" dir=\"ltr\" data-wpcf7-id=\"7203\">\n<div class=\"screen-reader-response\"><p role=\"status\" aria-live=\"polite\" aria-atomic=\"true\"><\/p> <ul><\/ul><\/div>\n<form action=\"\/ja\/wp-json\/wp\/v2\/pages\/6794#wpcf7-f7203-o1\" method=\"post\" class=\"wpcf7-form init\" aria-label=\"\u30b3\u30f3\u30bf\u30af\u30c8\u30d5\u30a9\u30fc\u30e0\" novalidate=\"novalidate\" data-status=\"init\">\n<div style=\"display: none;\">\n<input type=\"hidden\" name=\"_wpcf7\" value=\"7203\" \/>\n<input type=\"hidden\" name=\"_wpcf7_version\" value=\"6.0\" \/>\n<input type=\"hidden\" name=\"_wpcf7_locale\" value=\"ja\" \/>\n<input type=\"hidden\" name=\"_wpcf7_unit_tag\" value=\"wpcf7-f7203-o1\" \/>\n<input type=\"hidden\" name=\"_wpcf7_container_post\" value=\"0\" \/>\n<input type=\"hidden\" name=\"_wpcf7_posted_data_hash\" value=\"\" \/>\n<input type=\"hidden\" name=\"_wpcf7_recaptcha_response\" value=\"\" \/>\n<\/div>\n<p><label> \u3042\u306a\u305f\u306e\u540d\u524d<br \/>\n<span class=\"wpcf7-form-control-wrap\" data-name=\"your-name\"><input size=\"40\" maxlength=\"400\" class=\"wpcf7-form-control wpcf7-text wpcf7-validates-as-required\" autocomplete=\"nom\" aria-required=\"true\" aria-invalid=\"false\" value=\"\" type=\"text\" name=\"your-name\" \/><\/span> <\/label>\n<\/p>\n<p><label> \u3042\u306a\u305f\u306e\u30e1\u30fc\u30eb\u30a2\u30c9\u30ec\u30b9<br \/>\n<span class=\"wpcf7-form-control-wrap\" data-name=\"your-email\"><input size=\"40\" maxlength=\"400\" class=\"wpcf7-form-control wpcf7-email wpcf7-validates-as-required wpcf7-text wpcf7-validates-as-email\" autocomplete=\"email\" aria-required=\"true\" aria-invalid=\"false\" value=\"\" type=\"email\" name=\"your-email\" \/><\/span> <\/label>\n<\/p>\n<p><label> \u3042\u306a\u305f\u306e\u96fb\u8a71\u756a\u53f7<br \/>\n<span class=\"wpcf7-form-control-wrap\" data-name=\"your-tel\"><input size=\"40\" maxlength=\"400\" class=\"wpcf7-form-control wpcf7-tel wpcf7-validates-as-required wpcf7-text wpcf7-validates-as-tel\" autocomplete=\"telephone\" aria-required=\"true\" aria-invalid=\"false\" value=\"\" type=\"tel\" name=\"your-tel\" \/><\/span> <\/label>\n<\/p>\n<p><label> \u4e3b\u984c<br \/>\n<span class=\"wpcf7-form-control-wrap\" data-name=\"your-subject\"><input size=\"40\" maxlength=\"400\" class=\"wpcf7-form-control wpcf7-text wpcf7-validates-as-required\" aria-required=\"true\" aria-invalid=\"false\" value=\"\" type=\"text\" name=\"your-subject\" \/><\/span> <\/label>\n<\/p>\n<p><label> \u3042\u306a\u305f\u306e\u30e1\u30c3\u30bb\u30fc\u30b8<br \/>\n<span class=\"wpcf7-form-control-wrap\" data-name=\"your-message\"><textarea cols=\"40\" rows=\"10\" maxlength=\"2000\" class=\"wpcf7-form-control wpcf7-textarea\" aria-invalid=\"false\" name=\"your-message\"><\/textarea><\/span> <\/label>\n<\/p>\n<p><input class=\"wpcf7-form-control wpcf7-submit has-spinner\" type=\"submit\" value=\"\u30d7\u30ed\u30b8\u30a7\u30af\u30c8\u3092\u59cb\u3081\u3066\u3044\u307e\u3059\" \/>\n<\/p><div class=\"wpcf7-response-output\" aria-hidden=\"true\"><\/div>\n<\/form>\n<\/div>\n[\/vc_column][\/vc_row]<\/p>\n<\/section>","protected":false},"excerpt":{"rendered":"<p>[vc_row css=&#038;#8&hellip;<\/p>\n","protected":false},"author":1,"featured_media":0,"parent":0,"menu_order":0,"comment_status":"closed","ping_status":"closed","template":"","meta":{"_acf_changed":false,"footnotes":""},"class_list":["post-6794","page","type-page","status-publish","hentry"],"acf":[],"yoast_head":"<!-- This site is optimized with the Yoast SEO plugin v23.8 - https:\/\/yoast.com\/wordpress\/plugins\/seo\/ -->\n<title>\u30d5\u30eb\u30ab\u30b9\u30bf\u30e0 | 2 be one \u30d1\u30fc\u30ab\u30fc\u306e\u30c7\u30b6\u30a4\u30f3\u306f\uff1f<\/title>\n<meta name=\"description\" content=\"\u30a8\u30b3\u30c7\u30b6\u30a4\u30f3\u3067\u3001\u3042\u306a\u305f\u306e\u30d1\u30fc\u30ab\u30fc\u304c\u3069\u306e\u3088\u3046\u306b\u30d5\u30e9\u30f3\u30b9\u3067\u4f5c\u3089\u308c\u3001\u3069\u306e\u3088\u3046\u306b2\u3067\u3042\u308b\u3053\u3068\u304c\u74b0\u5883\u306b\u30b3\u30df\u30c3\u30c8\u3057\u3066\u3044\u308b\u304b\u3092\u77e5\u308b\u3002\" \/>\n<meta name=\"robots\" content=\"index, follow, max-snippet:-1, max-image-preview:large, max-video-preview:-1\" \/>\n<link rel=\"canonical\" href=\"https:\/\/2-be-one.com\/ja\/full-custom\/\" \/>\n<meta property=\"og:locale\" content=\"ja_JP\" \/>\n<meta property=\"og:type\" content=\"article\" \/>\n<meta property=\"og:title\" content=\"\u30d5\u30eb\u30ab\u30b9\u30bf\u30e0 | 2 be one \u30d1\u30fc\u30ab\u30fc\u306e\u30c7\u30b6\u30a4\u30f3\u306f\uff1f\" \/>\n<meta property=\"og:description\" content=\"\u30a8\u30b3\u30c7\u30b6\u30a4\u30f3\u3067\u3001\u3042\u306a\u305f\u306e\u30d1\u30fc\u30ab\u30fc\u304c\u3069\u306e\u3088\u3046\u306b\u30d5\u30e9\u30f3\u30b9\u3067\u4f5c\u3089\u308c\u3001\u3069\u306e\u3088\u3046\u306b2\u3067\u3042\u308b\u3053\u3068\u304c\u74b0\u5883\u306b\u30b3\u30df\u30c3\u30c8\u3057\u3066\u3044\u308b\u304b\u3092\u77e5\u308b\u3002\" \/>\n<meta property=\"og:url\" content=\"https:\/\/2-be-one.com\/ja\/full-custom\/\" \/>\n<meta property=\"og:site_name\" content=\"2 be one\" \/>\n<meta property=\"article:modified_time\" content=\"2024-11-29T14:19:28+00:00\" \/>\n<meta name=\"twitter:card\" content=\"summary_large_image\" \/>\n<meta name=\"twitter:label1\" content=\"\u63a8\u5b9a\u8aad\u307f\u53d6\u308a\u6642\u9593\" \/>\n\t<meta name=\"twitter:data1\" content=\"1\u5206\" \/>\n<script type=\"application\/ld+json\" class=\"yoast-schema-graph\">{\"@context\":\"https:\/\/schema.org\",\"@graph\":[{\"@type\":\"WebPage\",\"@id\":\"https:\/\/2-be-one.com\/ja\/full-custom\/\",\"url\":\"https:\/\/2-be-one.com\/ja\/full-custom\/\",\"name\":\"\u30d5\u30eb\u30ab\u30b9\u30bf\u30e0 | 2 be one \u30d1\u30fc\u30ab\u30fc\u306e\u30c7\u30b6\u30a4\u30f3\u306f\uff1f\",\"isPartOf\":{\"@id\":\"https:\/\/2-be-one.com\/ja\/#website\"},\"datePublished\":\"2024-07-04T18:15:43+00:00\",\"dateModified\":\"2024-11-29T14:19:28+00:00\",\"description\":\"\u30a8\u30b3\u30c7\u30b6\u30a4\u30f3\u3067\u3001\u3042\u306a\u305f\u306e\u30d1\u30fc\u30ab\u30fc\u304c\u3069\u306e\u3088\u3046\u306b\u30d5\u30e9\u30f3\u30b9\u3067\u4f5c\u3089\u308c\u3001\u3069\u306e\u3088\u3046\u306b2\u3067\u3042\u308b\u3053\u3068\u304c\u74b0\u5883\u306b\u30b3\u30df\u30c3\u30c8\u3057\u3066\u3044\u308b\u304b\u3092\u77e5\u308b\u3002\",\"breadcrumb\":{\"@id\":\"https:\/\/2-be-one.com\/ja\/full-custom\/#breadcrumb\"},\"inLanguage\":\"ja\",\"potentialAction\":[{\"@type\":\"ReadAction\",\"target\":[\"https:\/\/2-be-one.com\/ja\/full-custom\/\"]}]},{\"@type\":\"BreadcrumbList\",\"@id\":\"https:\/\/2-be-one.com\/ja\/full-custom\/#breadcrumb\",\"itemListElement\":[{\"@type\":\"ListItem\",\"position\":1,\"name\":\"Accueil\",\"item\":\"https:\/\/2-be-one.com\/ja\/\"},{\"@type\":\"ListItem\",\"position\":2,\"name\":\"\u30d5\u30eb\u30ab\u30b9\u30bf\u30e0\"}]},{\"@type\":\"WebSite\",\"@id\":\"https:\/\/2-be-one.com\/ja\/#website\",\"url\":\"https:\/\/2-be-one.com\/ja\/\",\"name\":\"2 be one\",\"description\":\"1 NOUVELLE G\u00c9N\u00c9RATION DE HOODIES EST N\u00c9E\",\"potentialAction\":[{\"@type\":\"SearchAction\",\"target\":{\"@type\":\"EntryPoint\",\"urlTemplate\":\"https:\/\/2-be-one.com\/ja\/?s={search_term_string}\"},\"query-input\":{\"@type\":\"PropertyValueSpecification\",\"valueRequired\":true,\"valueName\":\"search_term_string\"}}],\"inLanguage\":\"ja\"}]}<\/script>\n<!-- \/ Yoast SEO plugin. -->","yoast_head_json":{"title":"\u30d5\u30eb\u30ab\u30b9\u30bf\u30e0 | 2 be one \u30d1\u30fc\u30ab\u30fc\u306e\u30c7\u30b6\u30a4\u30f3\u306f\uff1f","description":"\u30a8\u30b3\u30c7\u30b6\u30a4\u30f3\u3067\u3001\u3042\u306a\u305f\u306e\u30d1\u30fc\u30ab\u30fc\u304c\u3069\u306e\u3088\u3046\u306b\u30d5\u30e9\u30f3\u30b9\u3067\u4f5c\u3089\u308c\u3001\u3069\u306e\u3088\u3046\u306b2\u3067\u3042\u308b\u3053\u3068\u304c\u74b0\u5883\u306b\u30b3\u30df\u30c3\u30c8\u3057\u3066\u3044\u308b\u304b\u3092\u77e5\u308b\u3002","robots":{"index":"index","follow":"follow","max-snippet":"max-snippet:-1","max-image-preview":"max-image-preview:large","max-video-preview":"max-video-preview:-1"},"canonical":"https:\/\/2-be-one.com\/ja\/full-custom\/","og_locale":"ja_JP","og_type":"article","og_title":"\u30d5\u30eb\u30ab\u30b9\u30bf\u30e0 | 2 be one \u30d1\u30fc\u30ab\u30fc\u306e\u30c7\u30b6\u30a4\u30f3\u306f\uff1f","og_description":"\u30a8\u30b3\u30c7\u30b6\u30a4\u30f3\u3067\u3001\u3042\u306a\u305f\u306e\u30d1\u30fc\u30ab\u30fc\u304c\u3069\u306e\u3088\u3046\u306b\u30d5\u30e9\u30f3\u30b9\u3067\u4f5c\u3089\u308c\u3001\u3069\u306e\u3088\u3046\u306b2\u3067\u3042\u308b\u3053\u3068\u304c\u74b0\u5883\u306b\u30b3\u30df\u30c3\u30c8\u3057\u3066\u3044\u308b\u304b\u3092\u77e5\u308b\u3002","og_url":"https:\/\/2-be-one.com\/ja\/full-custom\/","og_site_name":"2 be one","article_modified_time":"2024-11-29T14:19:28+00:00","twitter_card":"summary_large_image","twitter_misc":{"\u63a8\u5b9a\u8aad\u307f\u53d6\u308a\u6642\u9593":"1\u5206"},"schema":{"@context":"https:\/\/schema.org","@graph":[{"@type":"WebPage","@id":"https:\/\/2-be-one.com\/ja\/full-custom\/","url":"https:\/\/2-be-one.com\/ja\/full-custom\/","name":"\u30d5\u30eb\u30ab\u30b9\u30bf\u30e0 | 2 be one \u30d1\u30fc\u30ab\u30fc\u306e\u30c7\u30b6\u30a4\u30f3\u306f\uff1f","isPartOf":{"@id":"https:\/\/2-be-one.com\/ja\/#website"},"datePublished":"2024-07-04T18:15:43+00:00","dateModified":"2024-11-29T14:19:28+00:00","description":"\u30a8\u30b3\u30c7\u30b6\u30a4\u30f3\u3067\u3001\u3042\u306a\u305f\u306e\u30d1\u30fc\u30ab\u30fc\u304c\u3069\u306e\u3088\u3046\u306b\u30d5\u30e9\u30f3\u30b9\u3067\u4f5c\u3089\u308c\u3001\u3069\u306e\u3088\u3046\u306b2\u3067\u3042\u308b\u3053\u3068\u304c\u74b0\u5883\u306b\u30b3\u30df\u30c3\u30c8\u3057\u3066\u3044\u308b\u304b\u3092\u77e5\u308b\u3002","breadcrumb":{"@id":"https:\/\/2-be-one.com\/ja\/full-custom\/#breadcrumb"},"inLanguage":"ja","potentialAction":[{"@type":"ReadAction","target":["https:\/\/2-be-one.com\/ja\/full-custom\/"]}]},{"@type":"BreadcrumbList","@id":"https:\/\/2-be-one.com\/ja\/full-custom\/#breadcrumb","itemListElement":[{"@type":"ListItem","position":1,"name":"Accueil","item":"https:\/\/2-be-one.com\/ja\/"},{"@type":"ListItem","position":2,"name":"\u30d5\u30eb\u30ab\u30b9\u30bf\u30e0"}]},{"@type":"WebSite","@id":"https:\/\/2-be-one.com\/ja\/#website","url":"https:\/\/2-be-one.com\/ja\/","name":"2 be one","description":"1 NOUVELLE G\u00c9N\u00c9RATION DE HOODIES EST N\u00c9E","potentialAction":[{"@type":"SearchAction","target":{"@type":"EntryPoint","urlTemplate":"https:\/\/2-be-one.com\/ja\/?s={search_term_string}"},"query-input":{"@type":"PropertyValueSpecification","valueRequired":true,"valueName":"search_term_string"}}],"inLanguage":"ja"}]}},"jetpack_sharing_enabled":true,"_links":{"self":[{"href":"https:\/\/2-be-one.com\/ja\/wp-json\/wp\/v2\/pages\/6794","targetHints":{"allow":["GET"]}}],"collection":[{"href":"https:\/\/2-be-one.com\/ja\/wp-json\/wp\/v2\/pages"}],"about":[{"href":"https:\/\/2-be-one.com\/ja\/wp-json\/wp\/v2\/types\/page"}],"author":[{"embeddable":true,"href":"https:\/\/2-be-one.com\/ja\/wp-json\/wp\/v2\/users\/1"}],"replies":[{"embeddable":true,"href":"https:\/\/2-be-one.com\/ja\/wp-json\/wp\/v2\/comments?post=6794"}],"version-history":[{"count":4,"href":"https:\/\/2-be-one.com\/ja\/wp-json\/wp\/v2\/pages\/6794\/revisions"}],"predecessor-version":[{"id":6799,"href":"https:\/\/2-be-one.com\/ja\/wp-json\/wp\/v2\/pages\/6794\/revisions\/6799"}],"wp:attachment":[{"href":"https:\/\/2-be-one.com\/ja\/wp-json\/wp\/v2\/media?parent=6794"}],"curies":[{"name":"wp","href":"https:\/\/api.w.org\/{rel}","templated":true}]}}