{"id":4411,"date":"2023-12-16T12:22:43","date_gmt":"2023-12-16T11:22:43","guid":{"rendered":"https:\/\/2-be-one.com\/produit\/extra-hood-gift-card\/"},"modified":"2024-08-10T01:11:27","modified_gmt":"2024-08-09T23:11:27","slug":"extra-hood-gift-card","status":"publish","type":"product","link":"https:\/\/2-be-one.com\/en\/produit\/extra-hood-gift-card\/","title":{"rendered":"Extra Hood Gift Card"},"content":{"rendered":"","protected":false},"excerpt":{"rendered":"","protected":false},"featured_media":4244,"comment_status":"open","ping_status":"closed","template":"","meta":{"_acf_changed":false},"product_cat":[101],"product_tag":[],"class_list":{"0":"post-4411","1":"product","2":"type-product","3":"status-publish","4":"has-post-thumbnail","6":"product_cat-gift-en","8":"first","9":"instock","10":"virtual","11":"taxable","12":"purchasable","13":"product-type-simple","14":"layout-style-2","15":"col-md-4 col-sm-4 col-xs-6","16":"col-lg-3","17":"product-style-addtocart"},"acf":[],"yoast_head":"<!-- This site is optimized with the Yoast SEO plugin v23.8 - https:\/\/yoast.com\/wordpress\/plugins\/seo\/ -->\n<title>Extra Hood Gift Card | 2 be one<\/title>\n<meta name=\"description\" content=\"Offer an extra hood to personalize an accessorized hoodie. Mood of the day, destination, activity or time of day, any reason is good enough.\" \/>\n<meta name=\"robots\" content=\"index, follow, max-snippet:-1, max-image-preview:large, max-video-preview:-1\" \/>\n<link rel=\"canonical\" href=\"https:\/\/2-be-one.com\/en\/produit\/extra-hood-gift-card\/\" \/>\n<meta property=\"og:locale\" content=\"en_US\" \/>\n<meta property=\"og:type\" content=\"article\" \/>\n<meta property=\"og:title\" content=\"Extra Hood Gift Card | 2 be one\" \/>\n<meta property=\"og:description\" content=\"Offer an extra hood to personalize an accessorized hoodie. Mood of the day, destination, activity or time of day, any reason is good enough.\" \/>\n<meta property=\"og:url\" content=\"https:\/\/2-be-one.com\/en\/produit\/extra-hood-gift-card\/\" \/>\n<meta property=\"og:site_name\" content=\"2 be one\" \/>\n<meta property=\"article:modified_time\" content=\"2024-08-09T23:11:27+00:00\" \/>\n<meta property=\"og:image\" content=\"https:\/\/i0.wp.com\/2-be-one.com\/wp-content\/uploads\/2023\/12\/2b1_carte-cadeau.webp?fit=1583%2C1800&ssl=1\" \/>\n\t<meta property=\"og:image:width\" content=\"1583\" \/>\n\t<meta property=\"og:image:height\" content=\"1800\" \/>\n\t<meta property=\"og:image:type\" content=\"image\/webp\" \/>\n<meta name=\"twitter:card\" content=\"summary_large_image\" \/>\n<script type=\"application\/ld+json\" class=\"yoast-schema-graph\">{\"@context\":\"https:\/\/schema.org\",\"@graph\":[{\"@type\":\"WebPage\",\"@id\":\"https:\/\/2-be-one.com\/en\/produit\/extra-hood-gift-card\/\",\"url\":\"https:\/\/2-be-one.com\/en\/produit\/extra-hood-gift-card\/\",\"name\":\"Extra Hood Gift Card | 2 be one\",\"isPartOf\":{\"@id\":\"https:\/\/2-be-one.com\/en\/#website\"},\"primaryImageOfPage\":{\"@id\":\"https:\/\/2-be-one.com\/en\/produit\/extra-hood-gift-card\/#primaryimage\"},\"image\":{\"@id\":\"https:\/\/2-be-one.com\/en\/produit\/extra-hood-gift-card\/#primaryimage\"},\"thumbnailUrl\":\"https:\/\/i0.wp.com\/2-be-one.com\/wp-content\/uploads\/2023\/12\/2b1_carte-cadeau.webp?fit=1583%2C1800&ssl=1\",\"datePublished\":\"2023-12-16T11:22:43+00:00\",\"dateModified\":\"2024-08-09T23:11:27+00:00\",\"description\":\"Offer an extra hood to personalize an accessorized hoodie. Mood of the day, destination, activity or time of day, any reason is good enough.\",\"breadcrumb\":{\"@id\":\"https:\/\/2-be-one.com\/en\/produit\/extra-hood-gift-card\/#breadcrumb\"},\"inLanguage\":\"en-US\",\"potentialAction\":[{\"@type\":\"ReadAction\",\"target\":[\"https:\/\/2-be-one.com\/en\/produit\/extra-hood-gift-card\/\"]}]},{\"@type\":\"ImageObject\",\"inLanguage\":\"en-US\",\"@id\":\"https:\/\/2-be-one.com\/en\/produit\/extra-hood-gift-card\/#primaryimage\",\"url\":\"https:\/\/i0.wp.com\/2-be-one.com\/wp-content\/uploads\/2023\/12\/2b1_carte-cadeau.webp?fit=1583%2C1800&ssl=1\",\"contentUrl\":\"https:\/\/i0.wp.com\/2-be-one.com\/wp-content\/uploads\/2023\/12\/2b1_carte-cadeau.webp?fit=1583%2C1800&ssl=1\",\"width\":1583,\"height\":1800,\"caption\":\"2 be one gift card\"},{\"@type\":\"BreadcrumbList\",\"@id\":\"https:\/\/2-be-one.com\/en\/produit\/extra-hood-gift-card\/#breadcrumb\",\"itemListElement\":[{\"@type\":\"ListItem\",\"position\":1,\"name\":\"Accueil\",\"item\":\"https:\/\/2-be-one.com\/en\/\"},{\"@type\":\"ListItem\",\"position\":2,\"name\":\"Shop\",\"item\":\"https:\/\/2-be-one.com\/en\/shop-2\/\"},{\"@type\":\"ListItem\",\"position\":3,\"name\":\"Extra Hood Gift Card\"}]},{\"@type\":\"WebSite\",\"@id\":\"https:\/\/2-be-one.com\/en\/#website\",\"url\":\"https:\/\/2-be-one.com\/en\/\",\"name\":\"2 be one\",\"description\":\"1 NOUVELLE G\u00c9N\u00c9RATION DE HOODIES EST N\u00c9E\",\"potentialAction\":[{\"@type\":\"SearchAction\",\"target\":{\"@type\":\"EntryPoint\",\"urlTemplate\":\"https:\/\/2-be-one.com\/en\/?s={search_term_string}\"},\"query-input\":{\"@type\":\"PropertyValueSpecification\",\"valueRequired\":true,\"valueName\":\"search_term_string\"}}],\"inLanguage\":\"en-US\"}]}<\/script>\n<!-- \/ Yoast SEO plugin. -->","yoast_head_json":{"title":"Extra Hood Gift Card | 2 be one","description":"Offer an extra hood to personalize an accessorized hoodie. Mood of the day, destination, activity or time of day, any reason is good enough.","robots":{"index":"index","follow":"follow","max-snippet":"max-snippet:-1","max-image-preview":"max-image-preview:large","max-video-preview":"max-video-preview:-1"},"canonical":"https:\/\/2-be-one.com\/en\/produit\/extra-hood-gift-card\/","og_locale":"en_US","og_type":"article","og_title":"Extra Hood Gift Card | 2 be one","og_description":"Offer an extra hood to personalize an accessorized hoodie. Mood of the day, destination, activity or time of day, any reason is good enough.","og_url":"https:\/\/2-be-one.com\/en\/produit\/extra-hood-gift-card\/","og_site_name":"2 be one","article_modified_time":"2024-08-09T23:11:27+00:00","og_image":[{"width":1583,"height":1800,"url":"https:\/\/i0.wp.com\/2-be-one.com\/wp-content\/uploads\/2023\/12\/2b1_carte-cadeau.webp?fit=1583%2C1800&ssl=1","type":"image\/webp"}],"twitter_card":"summary_large_image","schema":{"@context":"https:\/\/schema.org","@graph":[{"@type":"WebPage","@id":"https:\/\/2-be-one.com\/en\/produit\/extra-hood-gift-card\/","url":"https:\/\/2-be-one.com\/en\/produit\/extra-hood-gift-card\/","name":"Extra Hood Gift Card | 2 be one","isPartOf":{"@id":"https:\/\/2-be-one.com\/en\/#website"},"primaryImageOfPage":{"@id":"https:\/\/2-be-one.com\/en\/produit\/extra-hood-gift-card\/#primaryimage"},"image":{"@id":"https:\/\/2-be-one.com\/en\/produit\/extra-hood-gift-card\/#primaryimage"},"thumbnailUrl":"https:\/\/i0.wp.com\/2-be-one.com\/wp-content\/uploads\/2023\/12\/2b1_carte-cadeau.webp?fit=1583%2C1800&ssl=1","datePublished":"2023-12-16T11:22:43+00:00","dateModified":"2024-08-09T23:11:27+00:00","description":"Offer an extra hood to personalize an accessorized hoodie. Mood of the day, destination, activity or time of day, any reason is good enough.","breadcrumb":{"@id":"https:\/\/2-be-one.com\/en\/produit\/extra-hood-gift-card\/#breadcrumb"},"inLanguage":"en-US","potentialAction":[{"@type":"ReadAction","target":["https:\/\/2-be-one.com\/en\/produit\/extra-hood-gift-card\/"]}]},{"@type":"ImageObject","inLanguage":"en-US","@id":"https:\/\/2-be-one.com\/en\/produit\/extra-hood-gift-card\/#primaryimage","url":"https:\/\/i0.wp.com\/2-be-one.com\/wp-content\/uploads\/2023\/12\/2b1_carte-cadeau.webp?fit=1583%2C1800&ssl=1","contentUrl":"https:\/\/i0.wp.com\/2-be-one.com\/wp-content\/uploads\/2023\/12\/2b1_carte-cadeau.webp?fit=1583%2C1800&ssl=1","width":1583,"height":1800,"caption":"2 be one gift card"},{"@type":"BreadcrumbList","@id":"https:\/\/2-be-one.com\/en\/produit\/extra-hood-gift-card\/#breadcrumb","itemListElement":[{"@type":"ListItem","position":1,"name":"Accueil","item":"https:\/\/2-be-one.com\/en\/"},{"@type":"ListItem","position":2,"name":"Shop","item":"https:\/\/2-be-one.com\/en\/shop-2\/"},{"@type":"ListItem","position":3,"name":"Extra Hood Gift Card"}]},{"@type":"WebSite","@id":"https:\/\/2-be-one.com\/en\/#website","url":"https:\/\/2-be-one.com\/en\/","name":"2 be one","description":"1 NOUVELLE G\u00c9N\u00c9RATION DE HOODIES EST N\u00c9E","potentialAction":[{"@type":"SearchAction","target":{"@type":"EntryPoint","urlTemplate":"https:\/\/2-be-one.com\/en\/?s={search_term_string}"},"query-input":{"@type":"PropertyValueSpecification","valueRequired":true,"valueName":"search_term_string"}}],"inLanguage":"en-US"}]}},"jetpack_sharing_enabled":true,"_links":{"self":[{"href":"https:\/\/2-be-one.com\/en\/wp-json\/wp\/v2\/product\/4411","targetHints":{"allow":["GET"]}}],"collection":[{"href":"https:\/\/2-be-one.com\/en\/wp-json\/wp\/v2\/product"}],"about":[{"href":"https:\/\/2-be-one.com\/en\/wp-json\/wp\/v2\/types\/product"}],"replies":[{"embeddable":true,"href":"https:\/\/2-be-one.com\/en\/wp-json\/wp\/v2\/comments?post=4411"}],"wp:featuredmedia":[{"embeddable":true,"href":"https:\/\/2-be-one.com\/en\/wp-json\/wp\/v2\/media\/4244"}],"wp:attachment":[{"href":"https:\/\/2-be-one.com\/en\/wp-json\/wp\/v2\/media?parent=4411"}],"wp:term":[{"taxonomy":"product_cat","embeddable":true,"href":"https:\/\/2-be-one.com\/en\/wp-json\/wp\/v2\/product_cat?post=4411"},{"taxonomy":"product_tag","embeddable":true,"href":"https:\/\/2-be-one.com\/en\/wp-json\/wp\/v2\/product_tag?post=4411"}],"curies":[{"name":"wp","href":"https:\/\/api.w.org\/{rel}","templated":true}]}}