{"id":4296,"date":"2023-06-15T18:14:26","date_gmt":"2023-06-15T16:14:26","guid":{"rendered":"https:\/\/2-be-one.com\/proof-of-concept\/"},"modified":"2024-11-25T15:06:35","modified_gmt":"2024-11-25T14:06:35","slug":"proof-of-concept","status":"publish","type":"page","link":"https:\/\/2-be-one.com\/en\/proof-of-concept\/","title":{"rendered":"PROOF OF CONCEPT"},"content":{"rendered":"<section class=\"wpb-content-wrapper\"><p>[vc_row css=&#8221;.vc_custom_1690996119182{margin-top: 40px !important;margin-bottom: 40px !important;}&#8221;][vc_column][vc_column_text]<\/p>\n<h6>Adapt your hoodie to all circumstances and play with codes.<\/h6>\n<p>Each of our hood colors, as a distinct accessory, offers you the possibility of metamorphosing your appearance according to your lifestyle, activities, time of day or destination.[\/vc_column_text][\/vc_column][\/vc_row][vc_row css=&#8221;.vc_custom_1698865311307{margin-bottom: 80px !important;}&#8221;][vc_column width=&#8221;1\/2&#8243;][vc_column_text css=&#8221;.vc_custom_1690968184346{margin-bottom: 20px !important;}&#8221;]<\/p>\n<h2>BASES &amp; HOODS<\/h2>\n<p>[\/vc_column_text][vc_column_text css=&#8221;.vc_custom_1712919688644{margin-bottom: 30px !important;}&#8221;]Today, we offer <strong>three options<\/strong> for our hoodie bases: <strong>deep black<\/strong>, <strong>optic white<\/strong> for strong contrast, and <strong>navy blue<\/strong> for sought-after discretion. Our hood colors change regularly, often featuring &#8220;POP or NATURAL&#8221; choices in addition to classic black and white.<\/p>\n<p>We are constantly expanding our range, with exclusive colors for limited periods.<\/p>\n<p>The <strong>FUSION\u00ae ZIP<\/strong> adds a modern touch by linking the color of the hood to that of the base of your hoodie.<\/p>\n<p>Our slogans and logos evolve over the years, authenticating the rarity of our products.[\/vc_column_text][vc_btn title=&#8221;Find out more about the fab&#8221; style=&#8221;custom&#8221; custom_background=&#8221;#00ff00&#8243; custom_text=&#8221;#000000&#8243; shape=&#8221;round&#8221; size=&#8221;lg&#8221; align=&#8221;left&#8221; el_class=&#8221;button-2bone&#8221; link=&#8221;url:https%3A%2F%2F2-be-one.com%2Fen%2Fthe-fab%2F|title:THE%20FAB|&#8221;][\/vc_column][vc_column width=&#8221;1\/2&#8243; css=&#8221;.vc_custom_1690977811375{background-position: center !important;background-repeat: no-repeat !important;background-size: cover !important;}&#8221;][vc_single_image image=&#8221;4012&#8243; img_size=&#8221;full&#8221; alignment=&#8221;center&#8221; css=&#8221;.vc_custom_1702726695792{margin-top: 15px !important;}&#8221;][\/vc_column][\/vc_row][vc_row][vc_column width=&#8221;1\/2&#8243;][\/vc_column][vc_column width=&#8221;1\/2&#8243; css=&#8221;.vc_custom_1690977811375{background-position: center !important;background-repeat: no-repeat !important;background-size: cover !important;}&#8221;][\/vc_column][\/vc_row][vc_row full_width=&#8221;stretch_row&#8221; disable_element=&#8221;yes&#8221; css=&#8221;.vc_custom_1732543560274{padding-top: 40px !important;background-color: #181b2c !important;}&#8221;][vc_column][vc_column_text]<\/p>\n<h2 style=\"text-align: center;\"><span style=\"color: #00ff00;\">OUR PRICE<\/span><\/h2>\n<h6 style=\"text-align: center;\"><span style=\"color: #00ff00;\">Give yourself a unique, intelligent and explosive style!<\/span><\/h6>\n<p>[\/vc_column_text][\/vc_column][\/vc_row][vc_row full_width=&#8221;stretch_row&#8221; equal_height=&#8221;yes&#8221; content_placement=&#8221;middle&#8221; disable_element=&#8221;yes&#8221; css=&#8221;.vc_custom_1732543576943{padding-top: 10px !important;padding-bottom: 60px !important;background-color: #181b2c !important;}&#8221;][vc_column width=&#8221;1\/2&#8243; css=&#8221;.vc_custom_1699033349177{padding-right: -10px !important;}&#8221;][vc_column_text]<\/p>\n<p style=\"font-family: Caveat; font-size: 100px; text-align: center;\"><span style=\"color: #00ff00;\">starting at 400\u20ac<\/span><\/p>\n<p>[\/vc_column_text][vc_column_text css=&#8221;.vc_custom_1698865105134{margin-top: -10px !important;}&#8221;]<\/p>\n<p style=\"text-align: center;\"><span style=\"color: #00ff00;\">the hoodie pack<\/span><\/p>\n<p>[\/vc_column_text][\/vc_column][vc_column width=&#8221;1\/2&#8243; css=&#8221;.vc_custom_1699033364456{padding-left: -10px !important;}&#8221;][vc_column_text]<\/p>\n<p style=\"font-family: Caveat; font-size: 100px; text-align: center;\"><span style=\"color: #00ff00;\">110\u20ac<\/span><\/p>\n<p>[\/vc_column_text][vc_column_text css=&#8221;.vc_custom_1698865096829{margin-top: -10px !important;}&#8221;]<\/p>\n<p style=\"text-align: center;\"><span style=\"color: #00ff00;\">the extra hood<\/span><\/p>\n<p>[\/vc_column_text][\/vc_column][\/vc_row][vc_row css=&#8221;.vc_custom_1690996348503{margin-top: 40px !important;}&#8221;][vc_column css=&#8221;.vc_custom_1690978893159{margin-top: 30px !important;}&#8221;][vc_column_text]Our hoodies are made in France to the highest quality standards. We strive to make each collection unique.<\/p>\n<p>Our eco-score is excellent and our suppliers are certified.<\/p>\n<p>The benefits of 2 BE ONE start here&#8230;<\/p>\n<p style=\"text-align: center;\">2 Be One VS Hoodie du Mass Market<\/p>\n<p>[\/vc_column_text][vc_single_image image=&#8221;4503&#8243; img_size=&#8221;full&#8221; alignment=&#8221;center&#8221;][\/vc_column][\/vc_row][vc_row gap=&#8221;10&#8243; content_placement=&#8221;middle&#8221; css=&#8221;.vc_custom_1702891481707{margin-top: 40px !important;}&#8221;][vc_column width=&#8221;1\/3&#8243; css=&#8221;.vc_custom_1698863159093{margin-top: 30px !important;}&#8221;][vc_single_image image=&#8221;3317&#8243; img_size=&#8221;1200&#215;300&#8243; alignment=&#8221;center&#8221; css=&#8221;.vc_custom_1702893356440{background-position: center !important;background-repeat: no-repeat !important;background-size: cover !important;}&#8221;][\/vc_column][vc_column width=&#8221;1\/3&#8243;][vc_single_image image=&#8221;3319&#8243; img_size=&#8221;200&#215;200&#8243; alignment=&#8221;center&#8221; css=&#8221;.vc_custom_1702891537026{background-position: center !important;background-repeat: no-repeat !important;background-size: cover !important;}&#8221;][\/vc_column][vc_column width=&#8221;1\/3&#8243;][vc_single_image image=&#8221;3318&#8243; img_size=&#8221;900&#215;400&#8243; alignment=&#8221;center&#8221; css=&#8221;.vc_custom_1702891983607{background-position: center !important;background-repeat: no-repeat !important;background-size: cover !important;}&#8221;][\/vc_column][\/vc_row][vc_row css=&#8221;.vc_custom_1702893449310{margin-top: 20px !important;}&#8221;][vc_column css=&#8221;.vc_custom_1690978893159{margin-top: 30px !important;}&#8221;][vc_btn title=&#8221;Pre-order my hoodie&#8221; style=&#8221;custom&#8221; custom_background=&#8221;#00ff00&#8243; custom_text=&#8221;#000000&#8243; shape=&#8221;round&#8221; size=&#8221;lg&#8221; align=&#8221;left&#8221; el_class=&#8221;button-2bone&#8221; css=&#8221;.vc_custom_1702409438580{margin-top: 20px !important;}&#8221; link=&#8221;url:https%3A%2F%2F2-be-one.com%2Fen%2F%3Fpost_type%3Dproduct%26p%3D5075|title:The%20Hoodie%20Pack|&#8221;][\/vc_column][\/vc_row]<\/p>\n<\/section>","protected":false},"excerpt":{"rendered":"<p>[vc_row css=&#8221;.vc_custom_1690996119182{margin-top: 40px !important;margin-bottom: 40px !important;}&#8221;][vc_column][vc_column_text] Adapt your hoodie to all circumstances and play with&hellip;<\/p>\n","protected":false},"author":1,"featured_media":0,"parent":0,"menu_order":0,"comment_status":"closed","ping_status":"closed","template":"","meta":{"_acf_changed":false,"footnotes":""},"class_list":["post-4296","page","type-page","status-publish","hentry"],"acf":[],"yoast_head":"<!-- This site is optimized with the Yoast SEO plugin v23.8 - https:\/\/yoast.com\/wordpress\/plugins\/seo\/ -->\n<title>PROOF OF CONCEPT | 2 be one : Our concept and our commitment<\/title>\n<meta name=\"description\" content=\"Want to find out more about our hoodies? We explain the concept and our commitment to responsible textile design here!\" \/>\n<meta name=\"robots\" content=\"index, follow, max-snippet:-1, max-image-preview:large, max-video-preview:-1\" \/>\n<link rel=\"canonical\" href=\"https:\/\/2-be-one.com\/en\/proof-of-concept\/\" \/>\n<meta property=\"og:locale\" content=\"en_US\" \/>\n<meta property=\"og:type\" content=\"article\" \/>\n<meta property=\"og:title\" content=\"PROOF OF CONCEPT | 2 be one : Our concept and our commitment\" \/>\n<meta property=\"og:description\" content=\"Want to find out more about our hoodies? We explain the concept and our commitment to responsible textile design here!\" \/>\n<meta property=\"og:url\" content=\"https:\/\/2-be-one.com\/en\/proof-of-concept\/\" \/>\n<meta property=\"og:site_name\" content=\"2 be one\" \/>\n<meta property=\"article:modified_time\" content=\"2024-11-25T14:06:35+00:00\" \/>\n<meta name=\"twitter:card\" content=\"summary_large_image\" \/>\n<meta name=\"twitter:label1\" content=\"Est. reading time\" \/>\n\t<meta name=\"twitter:data1\" content=\"2 minutes\" \/>\n<script type=\"application\/ld+json\" class=\"yoast-schema-graph\">{\"@context\":\"https:\/\/schema.org\",\"@graph\":[{\"@type\":\"WebPage\",\"@id\":\"https:\/\/2-be-one.com\/en\/proof-of-concept\/\",\"url\":\"https:\/\/2-be-one.com\/en\/proof-of-concept\/\",\"name\":\"PROOF OF CONCEPT | 2 be one : Our concept and our commitment\",\"isPartOf\":{\"@id\":\"https:\/\/2-be-one.com\/en\/#website\"},\"datePublished\":\"2023-06-15T16:14:26+00:00\",\"dateModified\":\"2024-11-25T14:06:35+00:00\",\"description\":\"Want to find out more about our hoodies? We explain the concept and our commitment to responsible textile design here!\",\"breadcrumb\":{\"@id\":\"https:\/\/2-be-one.com\/en\/proof-of-concept\/#breadcrumb\"},\"inLanguage\":\"en-US\",\"potentialAction\":[{\"@type\":\"ReadAction\",\"target\":[\"https:\/\/2-be-one.com\/en\/proof-of-concept\/\"]}]},{\"@type\":\"BreadcrumbList\",\"@id\":\"https:\/\/2-be-one.com\/en\/proof-of-concept\/#breadcrumb\",\"itemListElement\":[{\"@type\":\"ListItem\",\"position\":1,\"name\":\"Accueil\",\"item\":\"https:\/\/2-be-one.com\/en\/\"},{\"@type\":\"ListItem\",\"position\":2,\"name\":\"PROOF OF CONCEPT\"}]},{\"@type\":\"WebSite\",\"@id\":\"https:\/\/2-be-one.com\/en\/#website\",\"url\":\"https:\/\/2-be-one.com\/en\/\",\"name\":\"2 be one\",\"description\":\"1 NOUVELLE G\u00c9N\u00c9RATION DE HOODIES EST N\u00c9E\",\"potentialAction\":[{\"@type\":\"SearchAction\",\"target\":{\"@type\":\"EntryPoint\",\"urlTemplate\":\"https:\/\/2-be-one.com\/en\/?s={search_term_string}\"},\"query-input\":{\"@type\":\"PropertyValueSpecification\",\"valueRequired\":true,\"valueName\":\"search_term_string\"}}],\"inLanguage\":\"en-US\"}]}<\/script>\n<!-- \/ Yoast SEO plugin. -->","yoast_head_json":{"title":"PROOF OF CONCEPT | 2 be one : Our concept and our commitment","description":"Want to find out more about our hoodies? We explain the concept and our commitment to responsible textile design here!","robots":{"index":"index","follow":"follow","max-snippet":"max-snippet:-1","max-image-preview":"max-image-preview:large","max-video-preview":"max-video-preview:-1"},"canonical":"https:\/\/2-be-one.com\/en\/proof-of-concept\/","og_locale":"en_US","og_type":"article","og_title":"PROOF OF CONCEPT | 2 be one : Our concept and our commitment","og_description":"Want to find out more about our hoodies? We explain the concept and our commitment to responsible textile design here!","og_url":"https:\/\/2-be-one.com\/en\/proof-of-concept\/","og_site_name":"2 be one","article_modified_time":"2024-11-25T14:06:35+00:00","twitter_card":"summary_large_image","twitter_misc":{"Est. reading time":"2 minutes"},"schema":{"@context":"https:\/\/schema.org","@graph":[{"@type":"WebPage","@id":"https:\/\/2-be-one.com\/en\/proof-of-concept\/","url":"https:\/\/2-be-one.com\/en\/proof-of-concept\/","name":"PROOF OF CONCEPT | 2 be one : Our concept and our commitment","isPartOf":{"@id":"https:\/\/2-be-one.com\/en\/#website"},"datePublished":"2023-06-15T16:14:26+00:00","dateModified":"2024-11-25T14:06:35+00:00","description":"Want to find out more about our hoodies? We explain the concept and our commitment to responsible textile design here!","breadcrumb":{"@id":"https:\/\/2-be-one.com\/en\/proof-of-concept\/#breadcrumb"},"inLanguage":"en-US","potentialAction":[{"@type":"ReadAction","target":["https:\/\/2-be-one.com\/en\/proof-of-concept\/"]}]},{"@type":"BreadcrumbList","@id":"https:\/\/2-be-one.com\/en\/proof-of-concept\/#breadcrumb","itemListElement":[{"@type":"ListItem","position":1,"name":"Accueil","item":"https:\/\/2-be-one.com\/en\/"},{"@type":"ListItem","position":2,"name":"PROOF OF CONCEPT"}]},{"@type":"WebSite","@id":"https:\/\/2-be-one.com\/en\/#website","url":"https:\/\/2-be-one.com\/en\/","name":"2 be one","description":"1 NOUVELLE G\u00c9N\u00c9RATION DE HOODIES EST N\u00c9E","potentialAction":[{"@type":"SearchAction","target":{"@type":"EntryPoint","urlTemplate":"https:\/\/2-be-one.com\/en\/?s={search_term_string}"},"query-input":{"@type":"PropertyValueSpecification","valueRequired":true,"valueName":"search_term_string"}}],"inLanguage":"en-US"}]}},"jetpack_sharing_enabled":true,"_links":{"self":[{"href":"https:\/\/2-be-one.com\/en\/wp-json\/wp\/v2\/pages\/4296","targetHints":{"allow":["GET"]}}],"collection":[{"href":"https:\/\/2-be-one.com\/en\/wp-json\/wp\/v2\/pages"}],"about":[{"href":"https:\/\/2-be-one.com\/en\/wp-json\/wp\/v2\/types\/page"}],"author":[{"embeddable":true,"href":"https:\/\/2-be-one.com\/en\/wp-json\/wp\/v2\/users\/1"}],"replies":[{"embeddable":true,"href":"https:\/\/2-be-one.com\/en\/wp-json\/wp\/v2\/comments?post=4296"}],"version-history":[{"count":18,"href":"https:\/\/2-be-one.com\/en\/wp-json\/wp\/v2\/pages\/4296\/revisions"}],"predecessor-version":[{"id":6745,"href":"https:\/\/2-be-one.com\/en\/wp-json\/wp\/v2\/pages\/4296\/revisions\/6745"}],"wp:attachment":[{"href":"https:\/\/2-be-one.com\/en\/wp-json\/wp\/v2\/media?parent=4296"}],"curies":[{"name":"wp","href":"https:\/\/api.w.org\/{rel}","templated":true}]}}