{"id":4289,"date":"2023-06-15T18:14:26","date_gmt":"2023-06-15T16:14:26","guid":{"rendered":"https:\/\/2-be-one.com\/our-vision\/"},"modified":"2024-04-04T16:12:35","modified_gmt":"2024-04-04T14:12:35","slug":"our-vision","status":"publish","type":"page","link":"https:\/\/2-be-one.com\/en\/our-vision\/","title":{"rendered":"OUR VISION"},"content":{"rendered":"<section class=\"wpb-content-wrapper\"><p>[vc_row css=&#8221;.vc_custom_1690987182387{margin-top: 50px !important;}&#8221;][vc_column width=&#8221;1\/2&#8243;][vc_column_text]Welcome to <strong>2 BE ONE<\/strong>, the brand dedicated to people who forge their destiny with boldness and vision. Our clothes embody the spirit of entrepreneurs, pioneers, impact-makers and people who challenge themselves every day.[\/vc_column_text][\/vc_column][vc_column width=&#8221;1\/2&#8243;][vc_column_text]Discover our iconic <strong>casual wear<\/strong> staple: the hoodie with zipped hoods and a choice of colors. One of a kind, it embodies the fusion of functionality, mobility and style. Designed to allow you to act or relax while expressing your strong personality through unique details.[\/vc_column_text][\/vc_column][\/vc_row][vc_row css=&#8221;.vc_custom_1690987166334{margin-top: 10px !important;margin-bottom: 50px !important;}&#8221;][vc_column][vc_column_text]<\/p>\n<h2>EMBODY SUSTAINABLE CHANGE AND INNOVATION<\/h2>\n<p>[\/vc_column_text][\/vc_column][\/vc_row][vc_row css=&#8221;.vc_custom_1690992964929{margin-top: 30px !important;margin-bottom: 30px !important;}&#8221;][vc_column width=&#8221;1\/2&#8243; css=&#8221;.vc_custom_1690985745509{background-position: center !important;background-repeat: no-repeat !important;background-size: cover !important;}&#8221;][vc_single_image image=&#8221;4728&#8243; img_size=&#8221;full&#8221;][\/vc_column][vc_column width=&#8221;1\/2&#8243;][vc_column_text]Because the future of fashion is sustainable, we work tirelessly to reduce our environmental footprint.<\/p>\n<p><strong>Manufactured and eco-designed in France<\/strong> according to rigorous standards and techniques, our products are the obvious choice for those seeking exclusivity and authenticity. Our materials are pleasant and bio-based, free from harmful chemicals.<\/p>\n<p>Stay tuned, because we still have a lot to offer. A future down jacket based on the same innovative concept is in preparation and will be available next year.<\/p>\n<p>Join us in our quest to build tomorrow&#8217;s <strong>fashion for Impact<\/strong>.[\/vc_column_text][vc_btn title=&#8221;Proof of Concept&#8221; style=&#8221;custom&#8221; custom_background=&#8221;#00ff00&#8243; custom_text=&#8221;#000000&#8243; shape=&#8221;round&#8221; align=&#8221;left&#8221; link=&#8221;url:https%3A%2F%2F2-be-one.com%2Fen%2Fproof-of-concept%2F|title:THE%20TO%20BE%20ONE%20CONCEPT|&#8221; css=&#8221;.vc_custom_1702409299921{margin-top: 20px !important;}&#8221;][\/vc_column][\/vc_row][vc_row full_width=&#8221;stretch_row&#8221; css=&#8221;.vc_custom_1698867047551{margin-top: 60px !important;padding-top: 40px !important;background-color: #181b2c !important;}&#8221;][vc_column][vc_column_text]<\/p>\n<h5><span style=\"color: #ffffff;\">WE ALSO HAVE PRIORITIES<\/span><\/h5>\n<h2><span style=\"color: #ffffff;\">OUR COMMITMENT<\/span><\/h2>\n<p>[\/vc_column_text][\/vc_column][\/vc_row][vc_row full_width=&#8221;stretch_row&#8221; gap=&#8221;35&#8243; css=&#8221;.vc_custom_1700245386276{padding-bottom: 40px !important;background-color: #181b2c !important;}&#8221;][vc_column width=&#8221;1\/2&#8243; css=&#8221;.vc_custom_1699034782037{margin-top: 20px !important;}&#8221;][vc_single_image image=&#8221;3380&#8243; img_size=&#8221;full&#8221; alignment=&#8221;center&#8221;][vc_column_text css=&#8221;.vc_custom_1709981532067{margin-top: 20px !important;}&#8221;]<span style=\"color: #ffffff;\"><strong>Reduce the pollution generated by the textile industry and fight against waste.<\/strong><\/span><\/p>\n<p><span style=\"color: #ffffff;\">Participate in the energy generated by the &#8220;made in France&#8221; brand.<\/span><br \/>\n<span style=\"color: #ffffff;\">We&#8217;re extremely curious about advances in recycling, upcycling and de-polluting the world, and plan to expand into these areas in the future.<\/span>[\/vc_column_text][\/vc_column][vc_column width=&#8221;1\/2&#8243; css=&#8221;.vc_custom_1699034743731{margin-top: 20px !important;}&#8221;][vc_single_image image=&#8221;3381&#8243; img_size=&#8221;full&#8221; alignment=&#8221;center&#8221;][vc_column_text css=&#8221;.vc_custom_1709918203953{margin-top: 20px !important;}&#8221;]<span style=\"color: #ffffff;\"><strong>Energy and hope<\/strong><\/span><\/p>\n<p><span style=\"color: #ffffff;\">2 BE ONE was born of a childhood dream: to meet people on their path who are no longer afraid to live. Let&#8217;s preserve the little one that&#8217;s still inside us, thirsting for discovery, and let&#8217;s try to improve the future of the humans who arrive on earth.<\/span><br \/>\n<span style=\"color: #ffffff;\">We take a close look at every project to improve the living conditions of children in France and around the world.<\/span><br \/>\n<span style=\"color: #ffffff;\">We also take an interest in forest preservation.<\/span>[\/vc_column_text][\/vc_column][\/vc_row][vc_row css=&#8221;.vc_custom_1690993604209{margin-top: 80px !important;margin-bottom: 30px !important;}&#8221;][vc_column width=&#8221;1\/6&#8243; css=&#8221;.vc_custom_1690986475295{background-position: center !important;background-repeat: no-repeat !important;background-size: cover !important;}&#8221;][vc_single_image image=&#8221;2992&#8243; img_size=&#8221;full&#8221;][\/vc_column][vc_column width=&#8221;5\/6&#8243;][vc_column_text]<\/p>\n<h3 style=\"font-size: 42px; line-height: 1.1em;\">QUOTES<br \/>\nTHAT INSPIRE US<\/h3>\n<p>[\/vc_column_text][\/vc_column][\/vc_row][vc_row content_placement=&#8221;middle&#8221; css=&#8221;.vc_custom_1690994464436{margin-top: 20px !important;}&#8221;][vc_column width=&#8221;1\/4&#8243; css=&#8221;.vc_custom_1690986475295{background-position: center !important;background-repeat: no-repeat !important;background-size: cover !important;}&#8221;][vc_single_image image=&#8221;3382&#8243; img_size=&#8221;large&#8221; alignment=&#8221;center&#8221;][\/vc_column][vc_column width=&#8221;3\/4&#8243;][vc_column_text]<em>&#8220;I have a deep admiration for people who demand more of themselves than they do of others. For in this quest for personal perfection, they remind us that the greatest competition in life is the one we wage against ourselves.&#8221; &#8211; <strong>Jean d&#8217;Ormesson<\/strong><\/em>[\/vc_column_text][\/vc_column][\/vc_row][vc_row content_placement=&#8221;middle&#8221; css=&#8221;.vc_custom_1690994457515{margin-top: 20px !important;}&#8221;][vc_column width=&#8221;3\/4&#8243;][vc_column_text]<em>&#8220;If you have worries, you&#8217;ll die. If you don&#8217;t have worries, you&#8217;re going to die too. So you might as well live life to the full, take risks, make your dreams come true and enjoy every moment, because death waits for no one.&#8221; &#8211; <strong>Mike Horn<\/strong><\/em>[\/vc_column_text][\/vc_column][vc_column width=&#8221;1\/4&#8243; css=&#8221;.vc_custom_1690994671658{background-position: center !important;background-repeat: no-repeat !important;background-size: cover !important;}&#8221; offset=&#8221;vc_hidden-sm vc_hidden-xs&#8221;][vc_single_image image=&#8221;3383&#8243; img_size=&#8221;large&#8221; alignment=&#8221;center&#8221;][\/vc_column][\/vc_row][vc_row content_placement=&#8221;middle&#8221; css=&#8221;.vc_custom_1690994442897{margin-top: 20px !important;}&#8221;][vc_column width=&#8221;1\/4&#8243; css=&#8221;.vc_custom_1690986475295{background-position: center !important;background-repeat: no-repeat !important;background-size: cover !important;}&#8221;][vc_single_image image=&#8221;3469&#8243; img_size=&#8221;large&#8221; alignment=&#8221;center&#8221;][\/vc_column][vc_column width=&#8221;3\/4&#8243;][vc_column_text]<i>&#8220;You don&#8217;t learn anything from winning. It&#8217;s in failure that we really progress.&#8221; &#8211;<\/i><strong style=\"font-style: italic;\"> Xavier Niel<\/strong>[\/vc_column_text][\/vc_column][\/vc_row][vc_row content_placement=&#8221;middle&#8221; css=&#8221;.vc_custom_1690994450516{margin-top: 40px !important;}&#8221;][vc_column width=&#8221;3\/4&#8243;][vc_column_text]<em>&#8220;Action is essential. We have a responsibility to protect our planet, to preserve its beauty and diversity for future generations. Now is the time to act individually and collectively, to build a sustainable future for all.&#8221; &#8211; <strong>Leonardo DiCaprio<\/strong><\/em>[\/vc_column_text][\/vc_column][vc_column width=&#8221;1\/4&#8243; css=&#8221;.vc_custom_1690994687978{background-position: center !important;background-repeat: no-repeat !important;background-size: cover !important;}&#8221; offset=&#8221;vc_hidden-sm vc_hidden-xs&#8221;][vc_single_image image=&#8221;3384&#8243; img_size=&#8221;large&#8221; alignment=&#8221;center&#8221;][\/vc_column][\/vc_row]<\/p>\n<\/section>","protected":false},"excerpt":{"rendered":"<p>[vc_row css=&#8221;.vc_custom_1690987182387{margin-top: 50px !important;}&#8221;][vc_column width=&#8221;1\/2&#8243;][vc_column_text]Welcome to 2 BE ONE, the brand dedicated to people who&hellip;<\/p>\n","protected":false},"author":1,"featured_media":0,"parent":0,"menu_order":0,"comment_status":"closed","ping_status":"closed","template":"","meta":{"_acf_changed":false,"footnotes":""},"class_list":["post-4289","page","type-page","status-publish","hentry"],"acf":[],"yoast_head":"<!-- This site is optimized with the Yoast SEO plugin v23.8 - https:\/\/yoast.com\/wordpress\/plugins\/seo\/ -->\n<title>OUR VISION | 2 be one: our inspirations and our vision of creation<\/title>\n<meta name=\"description\" content=\"Would you like to find out more about the raison d&#039;\u00eatre of our project, our inspirations and our vision of more ethical and responsible clothing design?\" \/>\n<meta name=\"robots\" content=\"index, follow, max-snippet:-1, max-image-preview:large, max-video-preview:-1\" \/>\n<link rel=\"canonical\" href=\"https:\/\/2-be-one.com\/en\/our-vision\/\" \/>\n<meta property=\"og:locale\" content=\"en_US\" \/>\n<meta property=\"og:type\" content=\"article\" \/>\n<meta property=\"og:title\" content=\"OUR VISION | 2 be one: our inspirations and our vision of creation\" \/>\n<meta property=\"og:description\" content=\"Would you like to find out more about the raison d&#039;\u00eatre of our project, our inspirations and our vision of more ethical and responsible clothing design?\" \/>\n<meta property=\"og:url\" content=\"https:\/\/2-be-one.com\/en\/our-vision\/\" \/>\n<meta property=\"og:site_name\" content=\"2 be one\" \/>\n<meta property=\"article:modified_time\" content=\"2024-04-04T14:12:35+00:00\" \/>\n<meta name=\"twitter:card\" content=\"summary_large_image\" \/>\n<meta name=\"twitter:label1\" content=\"Est. reading time\" \/>\n\t<meta name=\"twitter:data1\" content=\"5 minutes\" \/>\n<script type=\"application\/ld+json\" class=\"yoast-schema-graph\">{\"@context\":\"https:\/\/schema.org\",\"@graph\":[{\"@type\":\"WebPage\",\"@id\":\"https:\/\/2-be-one.com\/en\/our-vision\/\",\"url\":\"https:\/\/2-be-one.com\/en\/our-vision\/\",\"name\":\"OUR VISION | 2 be one: our inspirations and our vision of creation\",\"isPartOf\":{\"@id\":\"https:\/\/2-be-one.com\/en\/#website\"},\"datePublished\":\"2023-06-15T16:14:26+00:00\",\"dateModified\":\"2024-04-04T14:12:35+00:00\",\"description\":\"Would you like to find out more about the raison d'\u00eatre of our project, our inspirations and our vision of more ethical and responsible clothing design?\",\"breadcrumb\":{\"@id\":\"https:\/\/2-be-one.com\/en\/our-vision\/#breadcrumb\"},\"inLanguage\":\"en-US\",\"potentialAction\":[{\"@type\":\"ReadAction\",\"target\":[\"https:\/\/2-be-one.com\/en\/our-vision\/\"]}]},{\"@type\":\"BreadcrumbList\",\"@id\":\"https:\/\/2-be-one.com\/en\/our-vision\/#breadcrumb\",\"itemListElement\":[{\"@type\":\"ListItem\",\"position\":1,\"name\":\"Accueil\",\"item\":\"https:\/\/2-be-one.com\/en\/\"},{\"@type\":\"ListItem\",\"position\":2,\"name\":\"OUR VISION\"}]},{\"@type\":\"WebSite\",\"@id\":\"https:\/\/2-be-one.com\/en\/#website\",\"url\":\"https:\/\/2-be-one.com\/en\/\",\"name\":\"2 be one\",\"description\":\"1 NOUVELLE G\u00c9N\u00c9RATION DE HOODIES EST N\u00c9E\",\"potentialAction\":[{\"@type\":\"SearchAction\",\"target\":{\"@type\":\"EntryPoint\",\"urlTemplate\":\"https:\/\/2-be-one.com\/en\/?s={search_term_string}\"},\"query-input\":{\"@type\":\"PropertyValueSpecification\",\"valueRequired\":true,\"valueName\":\"search_term_string\"}}],\"inLanguage\":\"en-US\"}]}<\/script>\n<!-- \/ Yoast SEO plugin. -->","yoast_head_json":{"title":"OUR VISION | 2 be one: our inspirations and our vision of creation","description":"Would you like to find out more about the raison d'\u00eatre of our project, our inspirations and our vision of more ethical and responsible clothing design?","robots":{"index":"index","follow":"follow","max-snippet":"max-snippet:-1","max-image-preview":"max-image-preview:large","max-video-preview":"max-video-preview:-1"},"canonical":"https:\/\/2-be-one.com\/en\/our-vision\/","og_locale":"en_US","og_type":"article","og_title":"OUR VISION | 2 be one: our inspirations and our vision of creation","og_description":"Would you like to find out more about the raison d'\u00eatre of our project, our inspirations and our vision of more ethical and responsible clothing design?","og_url":"https:\/\/2-be-one.com\/en\/our-vision\/","og_site_name":"2 be one","article_modified_time":"2024-04-04T14:12:35+00:00","twitter_card":"summary_large_image","twitter_misc":{"Est. reading time":"5 minutes"},"schema":{"@context":"https:\/\/schema.org","@graph":[{"@type":"WebPage","@id":"https:\/\/2-be-one.com\/en\/our-vision\/","url":"https:\/\/2-be-one.com\/en\/our-vision\/","name":"OUR VISION | 2 be one: our inspirations and our vision of creation","isPartOf":{"@id":"https:\/\/2-be-one.com\/en\/#website"},"datePublished":"2023-06-15T16:14:26+00:00","dateModified":"2024-04-04T14:12:35+00:00","description":"Would you like to find out more about the raison d'\u00eatre of our project, our inspirations and our vision of more ethical and responsible clothing design?","breadcrumb":{"@id":"https:\/\/2-be-one.com\/en\/our-vision\/#breadcrumb"},"inLanguage":"en-US","potentialAction":[{"@type":"ReadAction","target":["https:\/\/2-be-one.com\/en\/our-vision\/"]}]},{"@type":"BreadcrumbList","@id":"https:\/\/2-be-one.com\/en\/our-vision\/#breadcrumb","itemListElement":[{"@type":"ListItem","position":1,"name":"Accueil","item":"https:\/\/2-be-one.com\/en\/"},{"@type":"ListItem","position":2,"name":"OUR VISION"}]},{"@type":"WebSite","@id":"https:\/\/2-be-one.com\/en\/#website","url":"https:\/\/2-be-one.com\/en\/","name":"2 be one","description":"1 NOUVELLE G\u00c9N\u00c9RATION DE HOODIES EST N\u00c9E","potentialAction":[{"@type":"SearchAction","target":{"@type":"EntryPoint","urlTemplate":"https:\/\/2-be-one.com\/en\/?s={search_term_string}"},"query-input":{"@type":"PropertyValueSpecification","valueRequired":true,"valueName":"search_term_string"}}],"inLanguage":"en-US"}]}},"jetpack_sharing_enabled":true,"_links":{"self":[{"href":"https:\/\/2-be-one.com\/en\/wp-json\/wp\/v2\/pages\/4289","targetHints":{"allow":["GET"]}}],"collection":[{"href":"https:\/\/2-be-one.com\/en\/wp-json\/wp\/v2\/pages"}],"about":[{"href":"https:\/\/2-be-one.com\/en\/wp-json\/wp\/v2\/types\/page"}],"author":[{"embeddable":true,"href":"https:\/\/2-be-one.com\/en\/wp-json\/wp\/v2\/users\/1"}],"replies":[{"embeddable":true,"href":"https:\/\/2-be-one.com\/en\/wp-json\/wp\/v2\/comments?post=4289"}],"version-history":[{"count":9,"href":"https:\/\/2-be-one.com\/en\/wp-json\/wp\/v2\/pages\/4289\/revisions"}],"predecessor-version":[{"id":5385,"href":"https:\/\/2-be-one.com\/en\/wp-json\/wp\/v2\/pages\/4289\/revisions\/5385"}],"wp:attachment":[{"href":"https:\/\/2-be-one.com\/en\/wp-json\/wp\/v2\/media?parent=4289"}],"curies":[{"name":"wp","href":"https:\/\/api.w.org\/{rel}","templated":true}]}}