{"id":4284,"date":"2023-08-03T10:02:11","date_gmt":"2023-08-03T08:02:11","guid":{"rendered":"https:\/\/2-be-one.com\/be-an-early-adopter\/"},"modified":"2024-09-17T11:25:26","modified_gmt":"2024-09-17T09:25:26","slug":"be-an-early-adopter","status":"publish","type":"page","link":"https:\/\/2-be-one.com\/en\/be-an-early-adopter\/","title":{"rendered":"ADVANTAGE"},"content":{"rendered":"<section class=\"wpb-content-wrapper\"><p>[vc_row el_id=&#8221;leplusentreprise&#8221;][vc_column css=&#8221;.vc_custom_1702898776663{margin-bottom: 30px !important;}&#8221;][vc_column_text]<\/p>\n<h2 style=\"font-size: 42px; text-align: center;\">The Enterprise Advantage<\/h2>\n<p>[\/vc_column_text][\/vc_column][\/vc_row][vc_row gap=&#8221;35&#8243;][vc_column width=&#8221;1\/2&#8243;][vc_column_text css=&#8221;.vc_custom_1709910300527{margin-bottom: 20px !important;}&#8221;]If you&#8217;ve read this far, and you&#8217;re the purchasing manager for a company, <strong>ask for a quote<\/strong>. We can merge <strong>your company logo<\/strong> with 2 Be One on the hood of hoodies or future down jackets. Your employees can zip it up for seminars. As the 2 Be One hoodie is still the basis, you&#8217;ll have given them a fun and useful garment that they can then personalize as they like. <strong>A great gift !<\/strong>[\/vc_column_text][\/vc_column][vc_column width=&#8221;1\/2&#8243; css=&#8221;.vc_custom_1690988367288{background-position: center !important;background-repeat: no-repeat !important;background-size: cover !important;}&#8221;][vc_btn title=&#8221;Request a quote&#8221; style=&#8221;custom&#8221; custom_background=&#8221;#00ff00&#8243; custom_text=&#8221;#000000&#8243; shape=&#8221;round&#8221; align=&#8221;left&#8221; link=&#8221;url:https%3A%2F%2F2-be-one.com%2Fen%2Fcontact%2F|title:Contact|&#8221; css=&#8221;.vc_custom_1702409240239{margin-top: 40px !important;margin-bottom: 20px !important;}&#8221;][\/vc_column][\/vc_row]<\/p>\n<\/section>","protected":false},"excerpt":{"rendered":"<p>[vc_row el_id=&#8221;leplusentreprise&#8221;][vc_column css=&#8221;.vc_custom_1702898776663{margin-bottom: 30px !important;}&#8221;][vc_column_text] The Enterprise Advantage [\/vc_column_text][\/vc_column][\/vc_row][vc_row gap=&#8221;35&#8243;][vc_column width=&#8221;1\/2&#8243;][vc_column_text css=&#8221;.vc_custom_1709910300527{margin-bottom: 20px !important;}&#8221;]If you&#8217;ve&hellip;<\/p>\n","protected":false},"author":1,"featured_media":0,"parent":0,"menu_order":0,"comment_status":"closed","ping_status":"closed","template":"","meta":{"_acf_changed":false,"footnotes":""},"class_list":["post-4284","page","type-page","status-publish","hentry"],"acf":[],"yoast_head":"<!-- This site is optimized with the Yoast SEO plugin v23.8 - https:\/\/yoast.com\/wordpress\/plugins\/seo\/ -->\n<title>ADVANTAGE | 2 be one<\/title>\n<meta name=\"description\" content=\"Join our early adopter program to benefit from numerous advantages, within the limit of 500 places for the year 2024!\" \/>\n<meta name=\"robots\" content=\"index, follow, max-snippet:-1, max-image-preview:large, max-video-preview:-1\" \/>\n<link rel=\"canonical\" href=\"https:\/\/2-be-one.com\/en\/be-an-early-adopter\/\" \/>\n<meta property=\"og:locale\" content=\"en_US\" \/>\n<meta property=\"og:type\" content=\"article\" \/>\n<meta property=\"og:title\" content=\"ADVANTAGE | 2 be one\" \/>\n<meta property=\"og:description\" content=\"Join our early adopter program to benefit from numerous advantages, within the limit of 500 places for the year 2024!\" \/>\n<meta property=\"og:url\" content=\"https:\/\/2-be-one.com\/en\/be-an-early-adopter\/\" \/>\n<meta property=\"og:site_name\" content=\"2 be one\" \/>\n<meta property=\"article:modified_time\" content=\"2024-09-17T09:25:26+00:00\" \/>\n<meta name=\"twitter:card\" content=\"summary_large_image\" \/>\n<meta name=\"twitter:label1\" content=\"Est. reading time\" \/>\n\t<meta name=\"twitter:data1\" content=\"1 minute\" \/>\n<script type=\"application\/ld+json\" class=\"yoast-schema-graph\">{\"@context\":\"https:\/\/schema.org\",\"@graph\":[{\"@type\":\"WebPage\",\"@id\":\"https:\/\/2-be-one.com\/en\/be-an-early-adopter\/\",\"url\":\"https:\/\/2-be-one.com\/en\/be-an-early-adopter\/\",\"name\":\"ADVANTAGE | 2 be one\",\"isPartOf\":{\"@id\":\"https:\/\/2-be-one.com\/en\/#website\"},\"datePublished\":\"2023-08-03T08:02:11+00:00\",\"dateModified\":\"2024-09-17T09:25:26+00:00\",\"description\":\"Join our early adopter program to benefit from numerous advantages, within the limit of 500 places for the year 2024!\",\"breadcrumb\":{\"@id\":\"https:\/\/2-be-one.com\/en\/be-an-early-adopter\/#breadcrumb\"},\"inLanguage\":\"en-US\",\"potentialAction\":[{\"@type\":\"ReadAction\",\"target\":[\"https:\/\/2-be-one.com\/en\/be-an-early-adopter\/\"]}]},{\"@type\":\"BreadcrumbList\",\"@id\":\"https:\/\/2-be-one.com\/en\/be-an-early-adopter\/#breadcrumb\",\"itemListElement\":[{\"@type\":\"ListItem\",\"position\":1,\"name\":\"Accueil\",\"item\":\"https:\/\/2-be-one.com\/en\/\"},{\"@type\":\"ListItem\",\"position\":2,\"name\":\"ADVANTAGE\"}]},{\"@type\":\"WebSite\",\"@id\":\"https:\/\/2-be-one.com\/en\/#website\",\"url\":\"https:\/\/2-be-one.com\/en\/\",\"name\":\"2 be one\",\"description\":\"1 NOUVELLE G\u00c9N\u00c9RATION DE HOODIES EST N\u00c9E\",\"potentialAction\":[{\"@type\":\"SearchAction\",\"target\":{\"@type\":\"EntryPoint\",\"urlTemplate\":\"https:\/\/2-be-one.com\/en\/?s={search_term_string}\"},\"query-input\":{\"@type\":\"PropertyValueSpecification\",\"valueRequired\":true,\"valueName\":\"search_term_string\"}}],\"inLanguage\":\"en-US\"}]}<\/script>\n<!-- \/ Yoast SEO plugin. -->","yoast_head_json":{"title":"ADVANTAGE | 2 be one","description":"Join our early adopter program to benefit from numerous advantages, within the limit of 500 places for the year 2024!","robots":{"index":"index","follow":"follow","max-snippet":"max-snippet:-1","max-image-preview":"max-image-preview:large","max-video-preview":"max-video-preview:-1"},"canonical":"https:\/\/2-be-one.com\/en\/be-an-early-adopter\/","og_locale":"en_US","og_type":"article","og_title":"ADVANTAGE | 2 be one","og_description":"Join our early adopter program to benefit from numerous advantages, within the limit of 500 places for the year 2024!","og_url":"https:\/\/2-be-one.com\/en\/be-an-early-adopter\/","og_site_name":"2 be one","article_modified_time":"2024-09-17T09:25:26+00:00","twitter_card":"summary_large_image","twitter_misc":{"Est. reading time":"1 minute"},"schema":{"@context":"https:\/\/schema.org","@graph":[{"@type":"WebPage","@id":"https:\/\/2-be-one.com\/en\/be-an-early-adopter\/","url":"https:\/\/2-be-one.com\/en\/be-an-early-adopter\/","name":"ADVANTAGE | 2 be one","isPartOf":{"@id":"https:\/\/2-be-one.com\/en\/#website"},"datePublished":"2023-08-03T08:02:11+00:00","dateModified":"2024-09-17T09:25:26+00:00","description":"Join our early adopter program to benefit from numerous advantages, within the limit of 500 places for the year 2024!","breadcrumb":{"@id":"https:\/\/2-be-one.com\/en\/be-an-early-adopter\/#breadcrumb"},"inLanguage":"en-US","potentialAction":[{"@type":"ReadAction","target":["https:\/\/2-be-one.com\/en\/be-an-early-adopter\/"]}]},{"@type":"BreadcrumbList","@id":"https:\/\/2-be-one.com\/en\/be-an-early-adopter\/#breadcrumb","itemListElement":[{"@type":"ListItem","position":1,"name":"Accueil","item":"https:\/\/2-be-one.com\/en\/"},{"@type":"ListItem","position":2,"name":"ADVANTAGE"}]},{"@type":"WebSite","@id":"https:\/\/2-be-one.com\/en\/#website","url":"https:\/\/2-be-one.com\/en\/","name":"2 be one","description":"1 NOUVELLE G\u00c9N\u00c9RATION DE HOODIES EST N\u00c9E","potentialAction":[{"@type":"SearchAction","target":{"@type":"EntryPoint","urlTemplate":"https:\/\/2-be-one.com\/en\/?s={search_term_string}"},"query-input":{"@type":"PropertyValueSpecification","valueRequired":true,"valueName":"search_term_string"}}],"inLanguage":"en-US"}]}},"jetpack_sharing_enabled":true,"_links":{"self":[{"href":"https:\/\/2-be-one.com\/en\/wp-json\/wp\/v2\/pages\/4284","targetHints":{"allow":["GET"]}}],"collection":[{"href":"https:\/\/2-be-one.com\/en\/wp-json\/wp\/v2\/pages"}],"about":[{"href":"https:\/\/2-be-one.com\/en\/wp-json\/wp\/v2\/types\/page"}],"author":[{"embeddable":true,"href":"https:\/\/2-be-one.com\/en\/wp-json\/wp\/v2\/users\/1"}],"replies":[{"embeddable":true,"href":"https:\/\/2-be-one.com\/en\/wp-json\/wp\/v2\/comments?post=4284"}],"version-history":[{"count":32,"href":"https:\/\/2-be-one.com\/en\/wp-json\/wp\/v2\/pages\/4284\/revisions"}],"predecessor-version":[{"id":6257,"href":"https:\/\/2-be-one.com\/en\/wp-json\/wp\/v2\/pages\/4284\/revisions\/6257"}],"wp:attachment":[{"href":"https:\/\/2-be-one.com\/en\/wp-json\/wp\/v2\/media?parent=4284"}],"curies":[{"name":"wp","href":"https:\/\/api.w.org\/{rel}","templated":true}]}}