{"id":4266,"date":"2023-07-25T11:20:36","date_gmt":"2023-07-25T09:20:36","guid":{"rendered":"https:\/\/2-be-one.com\/useful-information\/"},"modified":"2024-06-05T19:27:22","modified_gmt":"2024-06-05T17:27:22","slug":"useful-information","status":"publish","type":"page","link":"https:\/\/2-be-one.com\/en\/useful-information\/","title":{"rendered":"Useful information"},"content":{"rendered":"<section class=\"wpb-content-wrapper\"><p>[vc_row el_id=&#8221;service&#8221;][vc_column][vc_column_text]<\/p>\n<p style=\"font-weight: 400;\"><strong>Maintenance tips<\/strong><\/p>\n<p style=\"font-weight: 400;\">To ensure that your garment lasts longer and always looks its best, we invite you to :<\/p>\n<p>&#8211; Wash your hood(s) independently of your hoodie base<br \/>\n&#8211; Wash each element at 30\u00b0 C.<br \/>\n&#8211; Spin speed ideally up to 800 rpm<br \/>\n&#8211; Reverse ironing<br \/>\n&#8211; Natural drying!<\/p>\n<p style=\"font-weight: 400;\">! <u>NO TUMBLE DRYER<\/u>! And you&#8217;ll still have a silky hoodie.<\/p>\n<p>[\/vc_column_text][vc_separator color=&#8221;black&#8221; css=&#8221;.vc_custom_1702907826293{margin-top: 20px !important;margin-bottom: 20px !important;}&#8221;][\/vc_column][\/vc_row][vc_row el_id=&#8221;gift card&#8221;][vc_column][vc_column_text]<\/p>\n<p style=\"font-weight: 400;\"><strong>Gift cards<\/strong><\/p>\n<p style=\"font-weight: 400;\">Gift cards range in value from \u20ac69 (for a single hoodie) to several thousand euros (for multiple purchases of hoodies and hoodie packs). Once you have made your choice and paid, you will receive two emails:<\/p>\n<ol>\n<li>First, an order summary, with the price, your name, email and phone number.<\/li>\n<li>Then a second e-mail with the Gift Card, the name of the person who will receive your gift and the code enabling them to activate the amount offered when placing an order.<\/li>\n<\/ol>\n<p style=\"font-weight: 400;\">The person who has received the Gift Card will be able to register as an Early Adopter, subject to availability, and benefit from current and future advantages.<\/p>\n<p style=\"font-weight: 400;\">WARNING!<\/p>\n<p style=\"font-weight: 400;\">&#8211; The Gift Card is valid for 1 year from the date of order registration.<\/p>\n<p style=\"font-weight: 400;\">-After this period, 2 BE ONE will retain ownership of the sum.<\/p>\n<p style=\"font-weight: 400;\">-The gift card is strictly nominative: surnames, first names, emails and telephone numbers must appear on it.<\/p>\n<p style=\"font-weight: 400;\">Remember to check your spam.<\/p>\n<p>[\/vc_column_text][vc_separator color=&#8221;black&#8221; css=&#8221;.vc_custom_1702907817133{margin-top: 20px !important;margin-bottom: 20px !important;}&#8221;][\/vc_column][\/vc_row][vc_row el_id=&#8221;exchange&#8221;][vc_column][vc_column_text]<\/p>\n<p style=\"font-weight: 400;\"><strong>Exchange :<\/strong><\/p>\n<p style=\"font-weight: 400;\">Interested in an exchange? Here&#8217;s how it works: with your order number and e-mail address, send us an e-mail to <a href=\"mailto:contact@2-be-one.com\">contact@2-be-one.com<\/a> and follow our logistics specialist&#8217;s procedure. Returned products must be in their original condition, accompanied by their packaging or in other perfect condition that leaves the garments intact.<\/p>\n<p style=\"font-weight: 400;\">Items with the presence of cigarette odor, deodorant or any other odor will be refused.<\/p>\n<p style=\"font-weight: 400;\">Items stained with traces of foundation or similar will also be refused.<\/p>\n<p style=\"font-weight: 400;\">The labels must be intact to speed up the processing of your return. As this is a pre-order system, we are planning to keep a small stock to facilitate exchanges. However, we cannot guarantee 100% availability of a replacement part. In this case, the refund will of course be made.<\/p>\n<p style=\"font-weight: 400;\">Refunds will be made within 30 days of receipt of the products in their original condition.<\/p>\n<p>[\/vc_column_text][vc_separator color=&#8221;black&#8221; css=&#8221;.vc_custom_1702907809133{margin-top: 20px !important;margin-bottom: 20px !important;}&#8221;][\/vc_column][\/vc_row][vc_row el_id=&#8221;fees&#8221;][vc_column][vc_column_text]<\/p>\n<p style=\"font-weight: 400;\"><strong>Shipping costs :<\/strong><\/p>\n<p style=\"font-weight: 400;\">For shipments to France, European Union countries, the United Kingdom, Switzerland and Norway, the shipping cost is \u20ac9.<\/p>\n<p style=\"font-weight: 400;\">For other European destinations (Albania, Andorra, Armenia, Azerbaijan, Belarus, Bosnia-Herzegovina, Georgia, Iceland, Kosovo, Liechtenstein, Northern Macedonia, Moldavia, Monaco, Montenegro, Russia, San Marino, Serbia, Turkey, Ukraine, Vatican), the shipping charge is \u20ac15.<\/p>\n<p style=\"font-weight: 400;\">For international shipments, the delivery charge is \u20ac25.<\/p>\n<p style=\"font-weight: 400;\"><strong>Are taxes included?<\/strong><\/p>\n<p style=\"font-weight: 400;\"><u>&#8211; European Union countries :<\/u><br \/>\nOur prices include all taxes for orders to European Union countries.<\/p>\n<p style=\"font-weight: 400;\"><u>&#8211; Countries outside the European Union :<\/u><br \/>\nFor orders to countries outside the European Union, prices are quoted exclusive of tax. These orders are subject to taxes and customs duties in the country of destination.<\/p>\n<p style=\"font-weight: 400;\"><em>These costs and formalities are the responsibility of the customer\/recipient. They are payable to the carrier upon delivery. You are responsible for the payment of all governmental taxes, administrative fees and customs duties charged by a carrier when you use the website or make a purchase. In the event that the consignee refuses the parcel due to additional customs duties invoiced to the consignee upon receipt, 2 BE ONE reserves the right to invoice the amount of these customs duties initially due by the customer up to \u20ac25 (\u00a325).<\/em><\/p>\n<p style=\"font-weight: 400;\"><u>&#8211; United Kingdom:<\/u><br \/>\nDue to Brexit, all UK orders over \u00a3135\/\u20ac150 are now subject to all taxes.<\/p>\n<p style=\"font-weight: 400;\"><em>The costs and formalities of a country outside the European Union apply, and are the responsibility of the customer\/recipient. They are payable to the carrier upon delivery. You are responsible for the payment of all governmental taxes, administrative fees and customs duties charged by a carrier when you use the website or make a purchase. In the event that the consignee refuses the parcel due to additional customs duties charged to the consignee upon receipt, 2 BE ONE reserves the right to charge the amount of these customs duties initially due by the customer up to \u20ac25 (\u00a325).<\/em><\/p>\n<p>[\/vc_column_text][vc_separator color=&#8221;black&#8221; css=&#8221;.vc_custom_1702907798792{margin-top: 20px !important;margin-bottom: 20px !important;}&#8221;][\/vc_column][\/vc_row][vc_row el_id=&#8221;returns&#8221;][vc_column][vc_column_text]<\/p>\n<p style=\"font-weight: 400;\"><strong>Simplified returns :<\/strong><\/p>\n<p style=\"font-weight: 400;\">Benefit from free returns to the following destinations: Austria, Belgium, Czech Republic, Denmark, Estonia, Finland, France, Germany, Greece, Ireland, Italy, Lithuania, Luxembourg, Malta, Monaco, Netherlands, Poland, Portugal, Slovakia, Spain, Sweden, Switzerland, United Kingdom.<\/p>\n<p style=\"font-weight: 400;\">Unspecified destinations will incur return shipping charges, leaving you to choose the carrier. For any exchange, we take care of shipping the new part, adding a touch of convenience to your experience!<\/p>\n<p style=\"font-weight: 400;\">A QR Code will be emailed to you for easy integration into your parcel. To simplify the process, a brief e-mail to <a href=\"mailto:contact@2-be-one.com\">contact@2-be-one.com<\/a> including your tracking number would be greatly appreciated!<\/p>\n<p style=\"font-weight: 400;\">Return address :<\/p>\n<p style=\"font-weight: 400;\"><strong>SAS DAT Sympl<\/strong><\/p>\n<p style=\"font-weight: 400;\"><strong>FOR 2 BE ONE<\/strong><\/p>\n<p style=\"font-weight: 400;\"><strong>Zone Industrielle de Moimont<\/strong><\/p>\n<p style=\"font-weight: 400;\"><strong>Cell 9 &#8211; Quays 96-97-98<\/strong><\/p>\n<p style=\"font-weight: 400;\"><strong>1 rue Jules Vall\u00e8s<\/strong><\/p>\n<p style=\"font-weight: 400;\"><strong>95670 Marly-la-ville<\/strong><\/p>\n<p>[\/vc_column_text][\/vc_column][\/vc_row]<\/p>\n<\/section>","protected":false},"excerpt":{"rendered":"<p>[vc_row el_id=&#8221;service&#8221;][vc_column][vc_column_text] Maintenance tips To ensure that your garment lasts longer and always looks its&hellip;<\/p>\n","protected":false},"author":1,"featured_media":0,"parent":0,"menu_order":0,"comment_status":"closed","ping_status":"closed","template":"","meta":{"_acf_changed":false,"footnotes":""},"class_list":["post-4266","page","type-page","status-publish","hentry"],"acf":[],"yoast_head":"<!-- This site is optimized with the Yoast SEO plugin v23.8 - https:\/\/yoast.com\/wordpress\/plugins\/seo\/ -->\n<title>Useful information | 2 be one<\/title>\n<meta name=\"description\" content=\"Hoodie care, returns, gift cards, shipping: find the answer to all your questions about our products!\" \/>\n<meta name=\"robots\" content=\"index, follow, max-snippet:-1, max-image-preview:large, max-video-preview:-1\" \/>\n<link rel=\"canonical\" href=\"https:\/\/2-be-one.com\/en\/useful-information\/\" \/>\n<meta property=\"og:locale\" content=\"en_US\" \/>\n<meta property=\"og:type\" content=\"article\" \/>\n<meta property=\"og:title\" content=\"Useful information | 2 be one\" \/>\n<meta property=\"og:description\" content=\"Hoodie care, returns, gift cards, shipping: find the answer to all your questions about our products!\" \/>\n<meta property=\"og:url\" content=\"https:\/\/2-be-one.com\/en\/useful-information\/\" \/>\n<meta property=\"og:site_name\" content=\"2 be one\" \/>\n<meta property=\"article:modified_time\" content=\"2024-06-05T17:27:22+00:00\" \/>\n<meta name=\"twitter:card\" content=\"summary_large_image\" \/>\n<meta name=\"twitter:label1\" content=\"Est. reading time\" \/>\n\t<meta name=\"twitter:data1\" content=\"5 minutes\" \/>\n<script type=\"application\/ld+json\" class=\"yoast-schema-graph\">{\"@context\":\"https:\/\/schema.org\",\"@graph\":[{\"@type\":\"WebPage\",\"@id\":\"https:\/\/2-be-one.com\/en\/useful-information\/\",\"url\":\"https:\/\/2-be-one.com\/en\/useful-information\/\",\"name\":\"Useful information | 2 be one\",\"isPartOf\":{\"@id\":\"https:\/\/2-be-one.com\/en\/#website\"},\"datePublished\":\"2023-07-25T09:20:36+00:00\",\"dateModified\":\"2024-06-05T17:27:22+00:00\",\"description\":\"Hoodie care, returns, gift cards, shipping: find the answer to all your questions about our products!\",\"breadcrumb\":{\"@id\":\"https:\/\/2-be-one.com\/en\/useful-information\/#breadcrumb\"},\"inLanguage\":\"en-US\",\"potentialAction\":[{\"@type\":\"ReadAction\",\"target\":[\"https:\/\/2-be-one.com\/en\/useful-information\/\"]}]},{\"@type\":\"BreadcrumbList\",\"@id\":\"https:\/\/2-be-one.com\/en\/useful-information\/#breadcrumb\",\"itemListElement\":[{\"@type\":\"ListItem\",\"position\":1,\"name\":\"Accueil\",\"item\":\"https:\/\/2-be-one.com\/en\/\"},{\"@type\":\"ListItem\",\"position\":2,\"name\":\"Useful information\"}]},{\"@type\":\"WebSite\",\"@id\":\"https:\/\/2-be-one.com\/en\/#website\",\"url\":\"https:\/\/2-be-one.com\/en\/\",\"name\":\"2 be one\",\"description\":\"1 NOUVELLE G\u00c9N\u00c9RATION DE HOODIES EST N\u00c9E\",\"potentialAction\":[{\"@type\":\"SearchAction\",\"target\":{\"@type\":\"EntryPoint\",\"urlTemplate\":\"https:\/\/2-be-one.com\/en\/?s={search_term_string}\"},\"query-input\":{\"@type\":\"PropertyValueSpecification\",\"valueRequired\":true,\"valueName\":\"search_term_string\"}}],\"inLanguage\":\"en-US\"}]}<\/script>\n<!-- \/ Yoast SEO plugin. -->","yoast_head_json":{"title":"Useful information | 2 be one","description":"Hoodie care, returns, gift cards, shipping: find the answer to all your questions about our products!","robots":{"index":"index","follow":"follow","max-snippet":"max-snippet:-1","max-image-preview":"max-image-preview:large","max-video-preview":"max-video-preview:-1"},"canonical":"https:\/\/2-be-one.com\/en\/useful-information\/","og_locale":"en_US","og_type":"article","og_title":"Useful information | 2 be one","og_description":"Hoodie care, returns, gift cards, shipping: find the answer to all your questions about our products!","og_url":"https:\/\/2-be-one.com\/en\/useful-information\/","og_site_name":"2 be one","article_modified_time":"2024-06-05T17:27:22+00:00","twitter_card":"summary_large_image","twitter_misc":{"Est. reading time":"5 minutes"},"schema":{"@context":"https:\/\/schema.org","@graph":[{"@type":"WebPage","@id":"https:\/\/2-be-one.com\/en\/useful-information\/","url":"https:\/\/2-be-one.com\/en\/useful-information\/","name":"Useful information | 2 be one","isPartOf":{"@id":"https:\/\/2-be-one.com\/en\/#website"},"datePublished":"2023-07-25T09:20:36+00:00","dateModified":"2024-06-05T17:27:22+00:00","description":"Hoodie care, returns, gift cards, shipping: find the answer to all your questions about our products!","breadcrumb":{"@id":"https:\/\/2-be-one.com\/en\/useful-information\/#breadcrumb"},"inLanguage":"en-US","potentialAction":[{"@type":"ReadAction","target":["https:\/\/2-be-one.com\/en\/useful-information\/"]}]},{"@type":"BreadcrumbList","@id":"https:\/\/2-be-one.com\/en\/useful-information\/#breadcrumb","itemListElement":[{"@type":"ListItem","position":1,"name":"Accueil","item":"https:\/\/2-be-one.com\/en\/"},{"@type":"ListItem","position":2,"name":"Useful information"}]},{"@type":"WebSite","@id":"https:\/\/2-be-one.com\/en\/#website","url":"https:\/\/2-be-one.com\/en\/","name":"2 be one","description":"1 NOUVELLE G\u00c9N\u00c9RATION DE HOODIES EST N\u00c9E","potentialAction":[{"@type":"SearchAction","target":{"@type":"EntryPoint","urlTemplate":"https:\/\/2-be-one.com\/en\/?s={search_term_string}"},"query-input":{"@type":"PropertyValueSpecification","valueRequired":true,"valueName":"search_term_string"}}],"inLanguage":"en-US"}]}},"jetpack_sharing_enabled":true,"_links":{"self":[{"href":"https:\/\/2-be-one.com\/en\/wp-json\/wp\/v2\/pages\/4266","targetHints":{"allow":["GET"]}}],"collection":[{"href":"https:\/\/2-be-one.com\/en\/wp-json\/wp\/v2\/pages"}],"about":[{"href":"https:\/\/2-be-one.com\/en\/wp-json\/wp\/v2\/types\/page"}],"author":[{"embeddable":true,"href":"https:\/\/2-be-one.com\/en\/wp-json\/wp\/v2\/users\/1"}],"replies":[{"embeddable":true,"href":"https:\/\/2-be-one.com\/en\/wp-json\/wp\/v2\/comments?post=4266"}],"version-history":[{"count":11,"href":"https:\/\/2-be-one.com\/en\/wp-json\/wp\/v2\/pages\/4266\/revisions"}],"predecessor-version":[{"id":5650,"href":"https:\/\/2-be-one.com\/en\/wp-json\/wp\/v2\/pages\/4266\/revisions\/5650"}],"wp:attachment":[{"href":"https:\/\/2-be-one.com\/en\/wp-json\/wp\/v2\/media?parent=4266"}],"curies":[{"name":"wp","href":"https:\/\/api.w.org\/{rel}","templated":true}]}}