{"id":4262,"date":"2016-09-15T09:47:53","date_gmt":"2016-09-15T07:47:53","guid":{"rendered":"https:\/\/2-be-one.com\/2-be-one\/"},"modified":"2025-01-10T12:48:06","modified_gmt":"2025-01-10T11:48:06","slug":"home-v7","status":"publish","type":"page","link":"https:\/\/2-be-one.com\/en\/","title":{"rendered":"2 be one"},"content":{"rendered":"<section class=\"wpb-content-wrapper\"><p>[vc_row content_placement=&#8221;middle&#8221; css=&#8221;.vc_custom_1698852673615{background-position: center !important;background-repeat: no-repeat !important;background-size: contain !important;}&#8221;][vc_column width=&#8221;1\/2&#8243; offset=&#8221;vc_hidden-sm vc_hidden-xs&#8221;][vc_column_text]<\/p>\n<h1>THE ACCESSORIZED HOODIE IS BORN<\/h1>\n<p>[\/vc_column_text][vc_btn title=&#8221;I preorder my hoodie&#8221; style=&#8221;outline&#8221; shape=&#8221;round&#8221; color=&#8221;black&#8221; size=&#8221;sm&#8221; align=&#8221;left&#8221; css_animation=&#8221;fadeIn&#8221; el_class=&#8221;button-2bone&#8221; css=&#8221;.vc_custom_1736508433123{padding-top: 30px !important;padding-bottom: 30px !important;}&#8221; link=&#8221;url:https%3A%2F%2F2-be-one.com%2Fproduit%2Fle-hoodie-pack%2F|title:Le%20Hoodie%20Pack&#8221;][\/vc_column][vc_column width=&#8221;1\/2&#8243; css=&#8221;.vc_custom_1698860048789{background-position: center !important;background-repeat: no-repeat !important;background-size: contain !important;}&#8221; offset=&#8221;vc_hidden-sm vc_hidden-xs&#8221;][vc_raw_html css=&#8221;.vc_custom_1732202659890{background-position: center !important;background-repeat: no-repeat !important;background-size: contain !important;}&#8221;]JTNDdmlkZW8lMjBzdHlsZSUzRCUyMmJveC1zaGFkb3clM0ElMjAxMHB4JTIwNXB4JTIwNXB4JTIwJTIzRTdFNkU1JTNCJTIyc3JjJTNEJTIyJTJGd3AtY29udGVudCUyRnVwbG9hZHMlMkYyMDI0JTJGMTElMkZBbmltYXRpb25JRlRISG9vZGllTWVudGlvbi5tcDQlMjIlMjBwcmVsb2FkJTNEJTIyYXV0byUyMiUyMGNvbnRyb2xzJTIwcG9zdGVyJTNEJTIyJTJGd3AtY29udGVudCUyRnVwbG9hZHMlMkYyMDI0JTJGMTElMkZBbmltYXRpb25JRlRISG9vZGllTWVudGlvbi5tcDQlMjIlMjB3aWR0aCUzRCUyMjEwMCUyNSUyMiUyMG11dGVkJTIwYXV0b3BsYXklMjBsb29wJTIwcGxheXNpbmxpbmUlM0UlMEElMjAlMjBWb3RyZSUyMG5hdmlnYXRldXIlMjBuZSUyMHBlcm1ldCUyMHBhcyUyMGRlJTIwbGlyZSUyMGxlcyUyMHZpZCVDMyVBOW9zLiUwQSUzQyUyRnZpZGVvJTNFJTBB[\/vc_raw_html][\/vc_column][\/vc_row][vc_row content_placement=&#8221;middle&#8221; css=&#8221;.vc_custom_1698852673615{background-position: center !important;background-repeat: no-repeat !important;background-size: contain !important;}&#8221;][vc_column width=&#8221;1\/2&#8243; offset=&#8221;vc_hidden-lg vc_hidden-md&#8221;][vc_column_text]<\/p>\n<h1 style=\"font-size: 45px;\">THE ACCESSORIZED HOODIE IS BORN<\/h1>\n<p>[\/vc_column_text][vc_btn title=&#8221;I preorder my hoodie&#8221; style=&#8221;outline&#8221; shape=&#8221;round&#8221; color=&#8221;black&#8221; size=&#8221;sm&#8221; align=&#8221;left&#8221; css_animation=&#8221;fadeIn&#8221; el_class=&#8221;button-2bone&#8221; css=&#8221;.vc_custom_1736508441171{padding-top: 30px !important;padding-bottom: 30px !important;}&#8221; link=&#8221;url:https%3A%2F%2F2-be-one.com%2Fproduit%2Fle-hoodie-pack%2F|title:Le%20Hoodie%20Pack&#8221;][\/vc_column][vc_column width=&#8221;1\/2&#8243; css=&#8221;.vc_custom_1698860023284{background-position: center !important;background-repeat: no-repeat !important;background-size: contain !important;}&#8221; offset=&#8221;vc_hidden-lg vc_hidden-md&#8221;][vc_raw_html css=&#8221;.vc_custom_1732202682942{background-position: center !important;background-repeat: no-repeat !important;background-size: contain !important;}&#8221;]JTNDdmlkZW8lMjBzcmMlM0QlMjIlMkZ3cC1jb250ZW50JTJGdXBsb2FkcyUyRjIwMjQlMkYxMSUyRkFuaW1hdGlvbklGVEhIb29kaWVNZW50aW9uLm1wNCUyMiUyMHByZWxvYWQlM0QlMjJhdXRvJTIyJTIwY29udHJvbHMlMjBwb3N0ZXIlM0QlMjIlMkZ3cC1jb250ZW50JTJGdXBsb2FkcyUyRjIwMjQlMkYxMSUyRkFuaW1hdGlvbklGVEhIb29kaWVNZW50aW9uLm1wNCUyMiUyMHdpZHRoJTNEJTIyMTAwJTI1JTIyJTIwbXV0ZWQlMjBhdXRvcGxheSUyMGxvb3AlMjBwbGF5c2lubGluZSUzRSUyMFZvdHJlJTIwbmF2aWdhdGV1ciUyMG5lJTIwcGVybWV0JTIwcGFzJTIwZGUlMjBsaXJlJTIwbGVzJTIwdmlkJUMzJUE5b3MuJTIwJTNDJTJGdmlkZW8lM0UlMEE=[\/vc_raw_html][\/vc_column][\/vc_row][vc_row gap=&#8221;4&#8243; content_placement=&#8221;middle&#8221; css=&#8221;.vc_custom_1730995534883{margin-top: 30px !important;margin-bottom: 20px !important;padding-right: 2px !important;padding-left: 2px !important;}&#8221;][vc_column css=&#8221;.vc_custom_1688147725959{background-position: center !important;background-repeat: no-repeat !important;background-size: cover !important;}&#8221;][vc_column_text css_animation=&#8221;bottom-to-top&#8221;]<\/p>\n<h2 style=\"text-align: center;\">Organic cotton \/ Without polyester \/ Made in Paris<\/h2>\n<p>[\/vc_column_text][\/vc_column][\/vc_row][vc_row content_placement=&#8221;middle&#8221; css=&#8221;.vc_custom_1699032433021{padding-right: 2px !important;padding-left: 2px !important;}&#8221;][vc_column css=&#8221;.vc_custom_1700244940906{background-position: center !important;background-repeat: no-repeat !important;background-size: cover !important;}&#8221; offset=&#8221;vc_hidden-lg vc_hidden-md&#8221;][vc_images_carousel images=&#8221;7336,7309,7312,7324,7306,7321,7330,7327,7333,7318,7315&#8243; img_size=&#8221;full&#8221; onclick=&#8221;custom_link&#8221; speed=&#8221;2000&#8243; autoplay=&#8221;yes&#8221; wrap=&#8221;yes&#8221; custom_links=&#8221;#E-8_aHR0cHMlM0ElMkYlMkYyLWJlLW9uZS5jb20lMkZlbiUyRnByb2R1aXQlMkZ0aGUtaG9vZGllLXBhY2slMkYlMkNodHRwcyUzQSUyRiUyRjItYmUtb25lLmNvbSUyRmVuJTJGcHJvZHVpdCUyRnRoZS1ob29kaWUtcGFjayUyRiUyQ2h0dHBzJTNBJTJGJTJGMi1iZS1vbmUuY29tJTJGZW4lMkZwcm9kdWl0JTJGdGhlLWhvb2RpZS1wYWNrJTJGJTJDaHR0cHMlM0ElMkYlMkYyLWJlLW9uZS5jb20lMkZlbiUyRnByb2R1aXQlMkZ0aGUtaG9vZGllLXBhY2slMkYlMkNodHRwcyUzQSUyRiUyRjItYmUtb25lLmNvbSUyRmVuJTJGcHJvZHVpdCUyRnRoZS1ob29kaWUtcGFjayUyRiUyQ2h0dHBzJTNBJTJGJTJGMi1iZS1vbmUuY29tJTJGZW4lMkZwcm9kdWl0JTJGdGhlLWhvb2RpZS1wYWNrJTJGJTJDaHR0cHMlM0ElMkYlMkYyLWJlLW9uZS5jb20lMkZlbiUyRnByb2R1aXQlMkZ0aGUtaG9vZGllLXBhY2slMkYlMkNodHRwcyUzQSUyRiUyRjItYmUtb25lLmNvbSUyRmVuJTJGcHJvZHVpdCUyRnRoZS1ob29kaWUtcGFjayUyRiUyQ2h0dHBzJTNBJTJGJTJGMi1iZS1vbmUuY29tJTJGZW4lMkZwcm9kdWl0JTJGdGhlLWhvb2RpZS1wYWNrJTJGJTJDaHR0cHMlM0ElMkYlMkYyLWJlLW9uZS5jb20lMkZlbiUyRnByb2R1aXQlMkZ0aGUtaG9vZGllLXBhY2slMkYlMkNodHRwcyUzQSUyRiUyRjItYmUtb25lLmNvbSUyRmVuJTJGcHJvZHVpdCUyRnRoZS1ob29kaWUtcGFjayUyRg==&#8221; css=&#8221;.vc_custom_1736508974607{background-position: center !important;background-repeat: no-repeat !important;background-size: cover !important;}&#8221;][\/vc_column][\/vc_row][vc_row content_placement=&#8221;middle&#8221; css=&#8221;.vc_custom_1699032433021{padding-right: 2px !important;padding-left: 2px !important;}&#8221;][vc_column css=&#8221;.vc_custom_1700244915304{background-position: center !important;background-repeat: no-repeat !important;background-size: cover !important;}&#8221; offset=&#8221;vc_hidden-sm vc_hidden-xs&#8221;][vc_images_carousel images=&#8221;7336,7309,7312,7324,7306,7321,7330,7327,7333,7318,7315&#8243; img_size=&#8221;full&#8221; onclick=&#8221;custom_link&#8221; speed=&#8221;2000&#8243; slides_per_view=&#8221;3&#8243; autoplay=&#8221;yes&#8221; wrap=&#8221;yes&#8221; custom_links=&#8221;#E-8_aHR0cHMlM0ElMkYlMkYyLWJlLW9uZS5jb20lMkZlbiUyRnByb2R1aXQlMkZ0aGUtaG9vZGllLXBhY2slMkYlMkNodHRwcyUzQSUyRiUyRjItYmUtb25lLmNvbSUyRmVuJTJGcHJvZHVpdCUyRnRoZS1ob29kaWUtcGFjayUyRiUyQ2h0dHBzJTNBJTJGJTJGMi1iZS1vbmUuY29tJTJGZW4lMkZwcm9kdWl0JTJGdGhlLWhvb2RpZS1wYWNrJTJGJTJDaHR0cHMlM0ElMkYlMkYyLWJlLW9uZS5jb20lMkZlbiUyRnByb2R1aXQlMkZ0aGUtaG9vZGllLXBhY2slMkYlMkNodHRwcyUzQSUyRiUyRjItYmUtb25lLmNvbSUyRmVuJTJGcHJvZHVpdCUyRnRoZS1ob29kaWUtcGFjayUyRiUyQ2h0dHBzJTNBJTJGJTJGMi1iZS1vbmUuY29tJTJGZW4lMkZwcm9kdWl0JTJGdGhlLWhvb2RpZS1wYWNrJTJGJTJDaHR0cHMlM0ElMkYlMkYyLWJlLW9uZS5jb20lMkZlbiUyRnByb2R1aXQlMkZ0aGUtaG9vZGllLXBhY2slMkYlMkNodHRwcyUzQSUyRiUyRjItYmUtb25lLmNvbSUyRmVuJTJGcHJvZHVpdCUyRnRoZS1ob29kaWUtcGFjayUyRiUyQ2h0dHBzJTNBJTJGJTJGMi1iZS1vbmUuY29tJTJGZW4lMkZwcm9kdWl0JTJGdGhlLWhvb2RpZS1wYWNrJTJGJTJDaHR0cHMlM0ElMkYlMkYyLWJlLW9uZS5jb20lMkZlbiUyRnByb2R1aXQlMkZ0aGUtaG9vZGllLXBhY2slMkYlMkNodHRwcyUzQSUyRiUyRjItYmUtb25lLmNvbSUyRmVuJTJGcHJvZHVpdCUyRnRoZS1ob29kaWUtcGFjayUyRg==&#8221; css=&#8221;.vc_custom_1736508958223{background-position: center !important;background-repeat: no-repeat !important;background-size: cover !important;}&#8221;][\/vc_column][\/vc_row][vc_row gap=&#8221;4&#8243; content_placement=&#8221;middle&#8221; css=&#8221;.vc_custom_1713370435258{margin-top: 10px !important;padding-right: 2px !important;padding-left: 2px !important;background-position: center !important;background-repeat: no-repeat !important;background-size: contain !important;}&#8221;][vc_column][vc_column_text]<\/p>\n<p style=\"text-align: center;\">Depending on your mood, depending on the time of day and the rest of your outfit (sneakers, watch, pants, car, etc.), accessorize and personalize your style each year thanks to our exclusive series, their brand and their logo collector.<\/p>\n<p>[\/vc_column_text][vc_btn title=&#8221;Proof of Concept&#8221; style=&#8221;outline&#8221; shape=&#8221;round&#8221; color=&#8221;black&#8221; size=&#8221;sm&#8221; align=&#8221;center&#8221; css_animation=&#8221;fadeIn&#8221; css=&#8221;.vc_custom_1731293565287{margin-top: 30px !important;margin-bottom: 30px !important;}&#8221; link=&#8221;url:https%3A%2F%2F2-be-one.com%2Fle-concept%2F|title:Je%20Pr%C3%A9-commande&#8221;][\/vc_column][\/vc_row][vc_row full_width=&#8221;stretch_row&#8221; content_placement=&#8221;middle&#8221; css=&#8221;.vc_custom_1731278291475{padding-top: 40px !important;padding-bottom: 40px !important;background-color: #000000 !important;background-position: center !important;background-repeat: no-repeat !important;background-size: contain !important;}&#8221;][vc_column width=&#8221;1\/2&#8243;][vc_single_image image=&#8221;5496&#8243; img_size=&#8221;&#8221; alignment=&#8221;center&#8221;][\/vc_column][vc_column width=&#8221;1\/2&#8243;][vc_column_text css=&#8221;.vc_custom_1736508372116{margin-top: 30px !important;}&#8221; el_class=&#8221;text-blanc&#8221;]<\/p>\n<p class=\"text-blanc\">2 BE ONE regularly produces limited and exclusive series with unique colors. The fabrics for the hoods generally come from the dormant stocks of famous houses.<\/p>\n<p>[\/vc_column_text][vc_btn title=&#8221;Limited series&#8221; style=&#8221;outline&#8221; shape=&#8221;round&#8221; color=&#8221;white&#8221; size=&#8221;sm&#8221; align=&#8221;center&#8221; css=&#8221;.vc_custom_1736509118707{margin-top: 30px !important;margin-bottom: 30px !important;}&#8221; link=&#8221;url:https%3A%2F%2F2-be-one.com%2Fproduit%2Fle-hoodie-pack-limited%2F|title:S%C3%A9ries%20limit%C3%A9es&#8221;][\/vc_column][\/vc_row][vc_row gap=&#8221;4&#8243; css=&#8221;.vc_custom_1690983898759{margin-top: 30px !important;margin-bottom: 30px !important;padding-right: 2px !important;padding-left: 2px !important;}&#8221;][vc_column][vc_column_text css=&#8221;.vc_custom_1720191735362{margin-top: 30px !important;margin-bottom: 40px !important;}&#8221;]<\/p>\n<h5 style=\"text-align: center;\"><span style=\"color: #000000; font-size: 50px;\">FULL CUSTOM<\/span><\/h5>\n<p>[\/vc_column_text][vc_column_text]<\/p>\n<p style=\"font-weight: 400; text-align: center;\">With you and according to your imagination, we create unique pieces on request with very special finishes.<\/p>\n<p>[\/vc_column_text][vc_btn title=&#8221;I create my own style&#8221; style=&#8221;outline&#8221; shape=&#8221;round&#8221; color=&#8221;black&#8221; size=&#8221;sm&#8221; align=&#8221;center&#8221; css_animation=&#8221;fadeIn&#8221; css=&#8221;.vc_custom_1736508516189{margin-top: 20px !important;margin-bottom: 40px !important;}&#8221; link=&#8221;url:https%3A%2F%2F2-be-one.com%2Ffull-cutsom%2F|title:FULL%20CUSTOM&#8221;][\/vc_column][\/vc_row][vc_row full_width=&#8221;stretch_row&#8221; content_placement=&#8221;middle&#8221; css=&#8221;.vc_custom_1731279426528{padding-top: 40px !important;background-color: #000000 !important;background-position: center !important;background-repeat: no-repeat !important;background-size: contain !important;}&#8221;][vc_column][vc_column_text css=&#8221;.vc_custom_1736509622689{margin-top: 30px !important;}&#8221;]<\/p>\n<h2 style=\"text-align: center;\"><span style=\"color: #ffffff;\">WITH US<\/span><\/h2>\n<h4 style=\"text-align: center;\"><span style=\"color: #ffffff;\">IN FRANCE &amp; AROUND THE WORLD<\/span><\/h4>\n<p>[\/vc_column_text][\/vc_column][\/vc_row][vc_row full_width=&#8221;stretch_row&#8221; content_placement=&#8221;top&#8221; css=&#8221;.vc_custom_1731279346446{background-color: #000000 !important;background-position: center !important;background-repeat: no-repeat !important;background-size: contain !important;}&#8221;][vc_column width=&#8221;1\/6&#8243;][vc_single_image image=&#8221;2826&#8243; alignment=&#8221;center&#8221; css=&#8221;.vc_custom_1700244557824{padding-top: 30px !important;}&#8221;][\/vc_column][vc_column width=&#8221;2\/6&#8243;][vc_column_text css=&#8221;.vc_custom_1736509411109{padding-top: 30px !important;}&#8221;]<span style=\"color: #ffffff;\">Reduce pollution caused by the textile industry and fast fashion<\/span>[\/vc_column_text][\/vc_column][vc_column width=&#8221;1\/6&#8243;][vc_single_image image=&#8221;2829&#8243; alignment=&#8221;center&#8221; css=&#8221;.vc_custom_1700244447103{padding-top: 30px !important;}&#8221;][\/vc_column][vc_column width=&#8221;2\/6&#8243;][vc_column_text css=&#8221;.vc_custom_1736509490753{padding-top: 30px !important;}&#8221;]<\/p>\n<p style=\"text-align: left;\"><span style=\"color: #ffffff;\">Allow the virtuous reindustrialization of France<\/span><\/p>\n<p>[\/vc_column_text][\/vc_column][\/vc_row][vc_row full_width=&#8221;stretch_row&#8221; content_placement=&#8221;top&#8221; css=&#8221;.vc_custom_1731279356412{background-color: #000000 !important;background-position: center !important;background-repeat: no-repeat !important;background-size: contain !important;}&#8221;][vc_column width=&#8221;1\/6&#8243;][vc_single_image image=&#8221;2827&#8243; alignment=&#8221;center&#8221; css=&#8221;.vc_custom_1700244615901{padding-top: 30px !important;}&#8221;][\/vc_column][vc_column width=&#8221;2\/6&#8243;][vc_column_text css=&#8221;.vc_custom_1736509539997{padding-top: 30px !important;}&#8221;]<\/p>\n<p style=\"text-align: left;\"><span style=\"color: #ffffff;\">Support projects promoting better living conditions for children<\/span><\/p>\n<p>[\/vc_column_text][\/vc_column][vc_column width=&#8221;1\/6&#8243;][vc_single_image image=&#8221;2828&#8243; alignment=&#8221;center&#8221; css=&#8221;.vc_custom_1700244490165{padding-top: 30px !important;}&#8221;][\/vc_column][vc_column width=&#8221;2\/6&#8243;][vc_column_text css=&#8221;.vc_custom_1736509569493{padding-top: 30px !important;}&#8221;]<\/p>\n<p style=\"text-align: left;\"><span style=\"color: #ffffff;\">Support forest preservation projects<\/span><\/p>\n<p>[\/vc_column_text][\/vc_column][\/vc_row][vc_row full_width=&#8221;stretch_row&#8221; content_placement=&#8221;middle&#8221; css=&#8221;.vc_custom_1731279440631{padding-top: 30px !important;padding-bottom: 20px !important;background-color: #000000 !important;background-position: center !important;background-repeat: no-repeat !important;background-size: contain !important;}&#8221;][vc_column][vc_column_text css=&#8221;.vc_custom_1736509673670{margin-top: 30px !important;}&#8221;]<\/p>\n<p style=\"text-align: center;\"><span style=\"color: #ffffff;\">Thanks to your trust, we will donate a percentage of our profits each year to these major issues<\/span><\/p>\n<p>[\/vc_column_text][vc_btn title=&#8221;La marque 2 be one&#8221; style=&#8221;outline&#8221; shape=&#8221;round&#8221; color=&#8221;white&#8221; size=&#8221;sm&#8221; align=&#8221;center&#8221; css_animation=&#8221;fadeIn&#8221; css=&#8221;.vc_custom_1731293230480{margin-top: 20px !important;margin-bottom: 40px !important;}&#8221; link=&#8221;url:https%3A%2F%2F2-be-one.com%2Fnotre-vision%2F|title:NOTRE%20VISION&#8221;][\/vc_column][\/vc_row][vc_row full_width=&#8221;stretch_row&#8221; content_placement=&#8221;top&#8221; css=&#8221;.vc_custom_1698781004757{padding-top: 30px !important;background-position: center !important;background-repeat: no-repeat !important;background-size: contain !important;}&#8221;][vc_column width=&#8221;1\/2&#8243;][vc_column_text css=&#8221;.vc_custom_1736508550285{margin-top: 30px !important;}&#8221;]<\/p>\n<h2 style=\"text-align: left;\">PRODUCED IN FRANCE AND ON DEMAND<\/h2>\n<p>[\/vc_column_text][vc_single_image image=&#8221;3259&#8243; img_size=&#8221;229&#215;149&#8243;][\/vc_column][vc_column width=&#8221;1\/2&#8243;][vc_column_text css=&#8221;.vc_custom_1736508589872{margin-top: 30px !important;}&#8221;]Be the first with a 2 BE ONE hoodie. It is strong, durable and its style is incomparable! Our productions are launched in limited series. A manufacturing delay is to be expected.[\/vc_column_text][vc_btn title=&#8221;The fab&#8221; style=&#8221;outline&#8221; shape=&#8221;round&#8221; color=&#8221;black&#8221; size=&#8221;sm&#8221; align=&#8221;left&#8221; css_animation=&#8221;fadeIn&#8221; css=&#8221;.vc_custom_1736508608605{margin-top: 40px !important;margin-bottom: 40px !important;}&#8221; link=&#8221;url:https%3A%2F%2F2-be-one.com%2Fla-fab%2F|title:LA%20FAB&#8221;][\/vc_column][\/vc_row][vc_row full_width=&#8221;stretch_row_content_no_spaces&#8221; equal_height=&#8221;yes&#8221; content_placement=&#8221;middle&#8221; disable_element=&#8221;yes&#8221; css=&#8221;.vc_custom_1690293852291{background-color: #00ff00 !important;}&#8221;][vc_column width=&#8221;1\/12&#8243;][vc_single_image image=&#8221;2834&#8243;][\/vc_column][vc_column width=&#8221;1\/12&#8243; css=&#8221;.vc_custom_1731279901481{background-color: #000000 !important;}&#8221;][vc_column_text el_class=&#8221;pre-footer-title&#8221;]<\/p>\n<h3 style=\"text-align: left;\"><span style=\"color: #000000;\">Responsible Fashion<\/span><\/h3>\n<p>[\/vc_column_text][vc_column_text el_class=&#8221;pre-footer-text&#8221; css=&#8221;.vc_custom_1736508674932{padding-top: 10px !important;padding-bottom: 20px !important;}&#8221;]<span style=\"color: #000000;\">100% eco-designed and certified by ADEME<\/span>[\/vc_column_text][\/vc_column][vc_column width=&#8221;1\/12&#8243; css=&#8221;.vc_custom_1731279887392{background-color: #000000 !important;background-position: center !important;background-repeat: no-repeat !important;background-size: cover !important;}&#8221;][vc_single_image image=&#8221;2835&#8243;][\/vc_column][vc_column width=&#8221;1\/12&#8243; css=&#8221;.vc_custom_1731279871380{background-color: #000000 !important;}&#8221;][vc_column_text css=&#8221;.vc_custom_1689760741476{border-radius: 2px !important;}&#8221; el_class=&#8221;pre-footer-title&#8221;]<\/p>\n<h3><span style=\"color: #ffffff;\">Paiement S\u00e9curis\u00e9<\/span><\/h3>\n<p>[\/vc_column_text][vc_column_text css=&#8221;.vc_custom_1689760084005{padding-top: 10px !important;padding-bottom: 20px !important;border-radius: 2px !important;}&#8221; el_class=&#8221;pre-footer-text&#8221;]<span style=\"color: #ffffff;\">VisaMastercard, Paypal, <\/span><span style=\"color: #ffffff;\">American Express<\/span>[\/vc_column_text][\/vc_column][vc_column width=&#8221;1\/12&#8243;][vc_single_image image=&#8221;2836&#8243;][\/vc_column][vc_column width=&#8221;3\/12&#8243;][vc_column_text el_class=&#8221;pre-footer-title&#8221;]<\/p>\n<h3 style=\"text-align: left;\">Need answers ?<\/h3>\n<p>[\/vc_column_text][vc_column_text el_class=&#8221;pre-footer-text&#8221; css=&#8221;.vc_custom_1736508739290{padding-top: 10px !important;padding-bottom: 20px !important;}&#8221;]<span style=\"color: #000000;\">Questions ? Contact us<\/span>[\/vc_column_text][\/vc_column][\/vc_row][vc_row][vc_column][vc_raw_html]JTNDc3R5bGUlM0UlMEEucHJlLWZvb3Rlci10aXRsZSUyMHNwYW4lN0IlMEFmb250LWZhbWlseSUzQSUyME11bGlzaCUzQiUwQWZvbnQtc2l6ZSUzQSUyMDI0cHglM0IlMEFmb250LXdlaWdodCUzQSUyMDUwMCUzQiUwQWxpbmUtaGVpZ2h0JTNBJTIwMWVtJTNCJTBBJTdEJTNCJTBBLnByZS1mb290ZXItdGV4dCUyMHNwYW4lN0IlMEFmb250LWZhbWlseSUzQSUyME11bGlzaCUzQiUwQWZvbnQtc2l6ZSUzQSUyMDE4cHglM0IlMEFmb250LXdlaWdodCUzQSUyMDQwMCUzQiUwQWxpbmUtaGVpZ2h0JTNBJTIwMWVtJTNCJTBBJTdEJTNCJTBBJTNDJTJGc3R5bGUlM0U=[\/vc_raw_html][\/vc_column][\/vc_row]<\/p>\n<\/section>","protected":false},"excerpt":{"rendered":"<p>[vc_row content_placement=&#8221;middle&#8221; css=&#8221;.vc_custom_1698852673615{background-position: center !important;background-repeat: no-repeat !important;background-size: contain !important;}&#8221;][vc_column width=&#8221;1\/2&#8243; offset=&#8221;vc_hidden-sm vc_hidden-xs&#8221;][vc_column_text] THE ACCESSORIZED HOODIE&hellip;<\/p>\n","protected":false},"author":1,"featured_media":0,"parent":0,"menu_order":0,"comment_status":"closed","ping_status":"closed","template":"","meta":{"_acf_changed":false,"footnotes":""},"class_list":["post-4262","page","type-page","status-publish","hentry"],"acf":[],"yoast_head":"<!-- This site is optimized with the Yoast SEO plugin v23.8 - https:\/\/yoast.com\/wordpress\/plugins\/seo\/ -->\n<title>2 be one | Votre hoodie personnalis\u00e9 et accessoiris\u00e9<\/title>\n<meta name=\"description\" content=\"Le hoodie accessoiris\u00e9 est n\u00e9. D\u00e9couvrez notre gamme de hoodie \u00e9co-responsable et fabriqu\u00e9 en France ! Trouvez votre game changer fabriqu\u00e9 \u00e0 la demande.\" \/>\n<meta name=\"robots\" content=\"index, follow, max-snippet:-1, max-image-preview:large, max-video-preview:-1\" \/>\n<link rel=\"canonical\" href=\"https:\/\/2-be-one.com\/en\/\" \/>\n<meta property=\"og:locale\" content=\"en_US\" \/>\n<meta property=\"og:type\" content=\"article\" \/>\n<meta property=\"og:title\" content=\"2 be one | Votre hoodie personnalis\u00e9 et accessoiris\u00e9\" \/>\n<meta property=\"og:description\" content=\"Le hoodie accessoiris\u00e9 est n\u00e9. D\u00e9couvrez notre gamme de hoodie \u00e9co-responsable et fabriqu\u00e9 en France ! Trouvez votre game changer fabriqu\u00e9 \u00e0 la demande.\" \/>\n<meta property=\"og:url\" content=\"https:\/\/2-be-one.com\/en\/\" \/>\n<meta property=\"og:site_name\" content=\"2 be one\" \/>\n<meta property=\"article:modified_time\" content=\"2025-01-10T11:48:06+00:00\" \/>\n<meta name=\"twitter:card\" content=\"summary_large_image\" \/>\n<meta name=\"twitter:label1\" content=\"Est. reading time\" \/>\n\t<meta name=\"twitter:data1\" content=\"10 minutes\" \/>\n<script type=\"application\/ld+json\" class=\"yoast-schema-graph\">{\"@context\":\"https:\/\/schema.org\",\"@graph\":[{\"@type\":\"WebPage\",\"@id\":\"https:\/\/2-be-one.com\/en\/\",\"url\":\"https:\/\/2-be-one.com\/en\/\",\"name\":\"2 be one | Votre hoodie personnalis\u00e9 et accessoiris\u00e9\",\"isPartOf\":{\"@id\":\"https:\/\/2-be-one.com\/en\/#website\"},\"datePublished\":\"2016-09-15T07:47:53+00:00\",\"dateModified\":\"2025-01-10T11:48:06+00:00\",\"description\":\"Le hoodie accessoiris\u00e9 est n\u00e9. D\u00e9couvrez notre gamme de hoodie \u00e9co-responsable et fabriqu\u00e9 en France ! Trouvez votre game changer fabriqu\u00e9 \u00e0 la demande.\",\"breadcrumb\":{\"@id\":\"https:\/\/2-be-one.com\/en\/#breadcrumb\"},\"inLanguage\":\"en-US\",\"potentialAction\":[{\"@type\":\"ReadAction\",\"target\":[\"https:\/\/2-be-one.com\/en\/\"]}]},{\"@type\":\"BreadcrumbList\",\"@id\":\"https:\/\/2-be-one.com\/en\/#breadcrumb\",\"itemListElement\":[{\"@type\":\"ListItem\",\"position\":1,\"name\":\"Accueil\",\"item\":\"https:\/\/2-be-one.com\/en\/\"},{\"@type\":\"ListItem\",\"position\":2,\"name\":\"2 be one\"}]},{\"@type\":\"WebSite\",\"@id\":\"https:\/\/2-be-one.com\/en\/#website\",\"url\":\"https:\/\/2-be-one.com\/en\/\",\"name\":\"2 be one\",\"description\":\"1 NOUVELLE G\u00c9N\u00c9RATION DE HOODIES EST N\u00c9E\",\"potentialAction\":[{\"@type\":\"SearchAction\",\"target\":{\"@type\":\"EntryPoint\",\"urlTemplate\":\"https:\/\/2-be-one.com\/en\/?s={search_term_string}\"},\"query-input\":{\"@type\":\"PropertyValueSpecification\",\"valueRequired\":true,\"valueName\":\"search_term_string\"}}],\"inLanguage\":\"en-US\"}]}<\/script>\n<!-- \/ Yoast SEO plugin. -->","yoast_head_json":{"title":"2 be one | Votre hoodie personnalis\u00e9 et accessoiris\u00e9","description":"Le hoodie accessoiris\u00e9 est n\u00e9. D\u00e9couvrez notre gamme de hoodie \u00e9co-responsable et fabriqu\u00e9 en France ! Trouvez votre game changer fabriqu\u00e9 \u00e0 la demande.","robots":{"index":"index","follow":"follow","max-snippet":"max-snippet:-1","max-image-preview":"max-image-preview:large","max-video-preview":"max-video-preview:-1"},"canonical":"https:\/\/2-be-one.com\/en\/","og_locale":"en_US","og_type":"article","og_title":"2 be one | Votre hoodie personnalis\u00e9 et accessoiris\u00e9","og_description":"Le hoodie accessoiris\u00e9 est n\u00e9. D\u00e9couvrez notre gamme de hoodie \u00e9co-responsable et fabriqu\u00e9 en France ! Trouvez votre game changer fabriqu\u00e9 \u00e0 la demande.","og_url":"https:\/\/2-be-one.com\/en\/","og_site_name":"2 be one","article_modified_time":"2025-01-10T11:48:06+00:00","twitter_card":"summary_large_image","twitter_misc":{"Est. reading time":"10 minutes"},"schema":{"@context":"https:\/\/schema.org","@graph":[{"@type":"WebPage","@id":"https:\/\/2-be-one.com\/en\/","url":"https:\/\/2-be-one.com\/en\/","name":"2 be one | Votre hoodie personnalis\u00e9 et accessoiris\u00e9","isPartOf":{"@id":"https:\/\/2-be-one.com\/en\/#website"},"datePublished":"2016-09-15T07:47:53+00:00","dateModified":"2025-01-10T11:48:06+00:00","description":"Le hoodie accessoiris\u00e9 est n\u00e9. D\u00e9couvrez notre gamme de hoodie \u00e9co-responsable et fabriqu\u00e9 en France ! Trouvez votre game changer fabriqu\u00e9 \u00e0 la demande.","breadcrumb":{"@id":"https:\/\/2-be-one.com\/en\/#breadcrumb"},"inLanguage":"en-US","potentialAction":[{"@type":"ReadAction","target":["https:\/\/2-be-one.com\/en\/"]}]},{"@type":"BreadcrumbList","@id":"https:\/\/2-be-one.com\/en\/#breadcrumb","itemListElement":[{"@type":"ListItem","position":1,"name":"Accueil","item":"https:\/\/2-be-one.com\/en\/"},{"@type":"ListItem","position":2,"name":"2 be one"}]},{"@type":"WebSite","@id":"https:\/\/2-be-one.com\/en\/#website","url":"https:\/\/2-be-one.com\/en\/","name":"2 be one","description":"1 NOUVELLE G\u00c9N\u00c9RATION DE HOODIES EST N\u00c9E","potentialAction":[{"@type":"SearchAction","target":{"@type":"EntryPoint","urlTemplate":"https:\/\/2-be-one.com\/en\/?s={search_term_string}"},"query-input":{"@type":"PropertyValueSpecification","valueRequired":true,"valueName":"search_term_string"}}],"inLanguage":"en-US"}]}},"jetpack_sharing_enabled":true,"_links":{"self":[{"href":"https:\/\/2-be-one.com\/en\/wp-json\/wp\/v2\/pages\/4262","targetHints":{"allow":["GET"]}}],"collection":[{"href":"https:\/\/2-be-one.com\/en\/wp-json\/wp\/v2\/pages"}],"about":[{"href":"https:\/\/2-be-one.com\/en\/wp-json\/wp\/v2\/types\/page"}],"author":[{"embeddable":true,"href":"https:\/\/2-be-one.com\/en\/wp-json\/wp\/v2\/users\/1"}],"replies":[{"embeddable":true,"href":"https:\/\/2-be-one.com\/en\/wp-json\/wp\/v2\/comments?post=4262"}],"version-history":[{"count":44,"href":"https:\/\/2-be-one.com\/en\/wp-json\/wp\/v2\/pages\/4262\/revisions"}],"predecessor-version":[{"id":7355,"href":"https:\/\/2-be-one.com\/en\/wp-json\/wp\/v2\/pages\/4262\/revisions\/7355"}],"wp:attachment":[{"href":"https:\/\/2-be-one.com\/en\/wp-json\/wp\/v2\/media?parent=4262"}],"curies":[{"name":"wp","href":"https:\/\/api.w.org\/{rel}","templated":true}]}}